{"id":46,"date":"2023-08-04T13:45:52","date_gmt":"2023-08-04T11:45:52","guid":{"rendered":"https:\/\/osloguidebyra.hornmedia.no\/?page_id=46"},"modified":"2024-04-08T15:03:00","modified_gmt":"2024-04-08T13:03:00","slug":"compania-de-administracion-de-destinos","status":"publish","type":"page","link":"https:\/\/osloguide.no\/es\/andre-tjenester\/destination-management-company\/","title":{"rendered":"Compa\u00f1\u00eda de administraci\u00f3n de destinos"},"content":{"rendered":"<div data-elementor-type=\"wp-page\" data-elementor-id=\"46\" class=\"elementor elementor-46\" data-elementor-post-type=\"page\">\n\t\t\t\t\t\t<section class=\"has_eae_slider elementor-section elementor-top-section elementor-element elementor-element-493df78 elementor-section-boxed elementor-section-height-default elementor-section-height-default\" data-eae-slider=\"86304\" data-id=\"493df78\" data-element_type=\"section\" data-e-type=\"section\" data-settings=\"{&quot;background_background&quot;:&quot;classic&quot;}\">\n\t\t\t\t\t\t\t<div class=\"elementor-background-overlay\"><\/div>\n\t\t\t\t\t\t\t<div class=\"elementor-container elementor-column-gap-no\">\n\t\t\t\t\t<div class=\"has_eae_slider elementor-column elementor-col-100 elementor-top-column elementor-element elementor-element-45240ce\" data-eae-slider=\"36930\" data-id=\"45240ce\" data-element_type=\"column\" data-e-type=\"column\">\n\t\t\t<div class=\"elementor-widget-wrap elementor-element-populated\">\n\t\t\t\t\t\t<section class=\"has_eae_slider elementor-section elementor-inner-section elementor-element elementor-element-4d12b48 elementor-section-boxed elementor-section-height-default elementor-section-height-default\" data-eae-slider=\"58027\" data-id=\"4d12b48\" data-element_type=\"section\" data-e-type=\"section\">\n\t\t\t\t\t\t<div class=\"elementor-container elementor-column-gap-no\">\n\t\t\t\t\t<div class=\"has_eae_slider elementor-column elementor-col-100 elementor-inner-column elementor-element elementor-element-d16803b\" data-eae-slider=\"40262\" data-id=\"d16803b\" data-element_type=\"column\" data-e-type=\"column\">\n\t\t\t<div class=\"elementor-widget-wrap elementor-element-populated\">\n\t\t\t\t\t\t<div class=\"elementor-element elementor-element-1a77410 elementor-icon-list--layout-inline elementor-widget__width-auto elementor-list-item-link-full_width elementor-widget elementor-widget-icon-list\" data-id=\"1a77410\" data-element_type=\"widget\" data-e-type=\"widget\" data-widget_type=\"icon-list.default\">\n\t\t\t\t<div class=\"elementor-widget-container\">\n\t\t\t\t\t\t\t<ul class=\"elementor-icon-list-items elementor-inline-items\">\n\t\t\t\t\t\t\t<li class=\"elementor-icon-list-item elementor-inline-item\">\n\t\t\t\t\t\t\t\t\t\t\t<a href=\"https:\/\/osloguide.no\/es\">\n\n\t\t\t\t\t\t\t\t\t\t\t<span class=\"elementor-icon-list-text\">Inicio<\/span>\n\t\t\t\t\t\t\t\t\t\t\t<\/a>\n\t\t\t\t\t\t\t\t\t<\/li>\n\t\t\t\t\t\t\t\t<li class=\"elementor-icon-list-item elementor-inline-item\">\n\t\t\t\t\t\t\t\t\t\t\t<a href=\"\/es\/otros-servicios\/\">\n\n\t\t\t\t\t\t\t\t\t\t\t\t<span class=\"elementor-icon-list-icon\">\n\t\t\t\t\t\t\t<i aria-hidden=\"true\" class=\"fas fa-chevron-circle-right\"><\/i>\t\t\t\t\t\t<\/span>\n\t\t\t\t\t\t\t\t\t\t<span class=\"elementor-icon-list-text\">Otros servicios<\/span>\n\t\t\t\t\t\t\t\t\t\t\t<\/a>\n\t\t\t\t\t\t\t\t\t<\/li>\n\t\t\t\t\t\t\t\t<li class=\"elementor-icon-list-item elementor-inline-item\">\n\t\t\t\t\t\t\t\t\t\t\t<span class=\"elementor-icon-list-icon\">\n\t\t\t\t\t\t\t<i aria-hidden=\"true\" class=\"fas fa-chevron-circle-right\"><\/i>\t\t\t\t\t\t<\/span>\n\t\t\t\t\t\t\t\t\t\t<span class=\"elementor-icon-list-text\">Compa\u00f1\u00eda de administraci\u00f3n de destinos<\/span>\n\t\t\t\t\t\t\t\t\t<\/li>\n\t\t\t\t\t\t<\/ul>\n\t\t\t\t\t\t<\/div>\n\t\t\t\t<\/div>\n\t\t\t\t<div class=\"elementor-element elementor-element-4237851 elementor-widget elementor-widget-heading\" data-id=\"4237851\" data-element_type=\"widget\" data-e-type=\"widget\" data-widget_type=\"heading.default\">\n\t\t\t\t<div class=\"elementor-widget-container\">\n\t\t\t\t\t<h2 class=\"elementor-heading-title elementor-size-default\">Compa\u00f1\u00eda de administraci\u00f3n de destinos<\/h2>\t\t\t\t<\/div>\n\t\t\t\t<\/div>\n\t\t\t\t\t<\/div>\n\t\t<\/div>\n\t\t\t\t\t<\/div>\n\t\t<\/section>\n\t\t\t\t\t<\/div>\n\t\t<\/div>\n\t\t\t\t\t<\/div>\n\t\t<\/section>\n\t\t\t\t<section class=\"has_eae_slider elementor-section elementor-top-section elementor-element elementor-element-d83fbe2 elementor-section-content-middle elementor-section-boxed elementor-section-height-default elementor-section-height-default\" data-eae-slider=\"98719\" data-id=\"d83fbe2\" data-element_type=\"section\" data-e-type=\"section\">\n\t\t\t\t\t\t<div class=\"elementor-container elementor-column-gap-no\">\n\t\t\t\t\t<div class=\"has_eae_slider elementor-column elementor-col-50 elementor-top-column elementor-element elementor-element-6c30a52\" data-eae-slider=\"673\" data-id=\"6c30a52\" data-element_type=\"column\" data-e-type=\"column\">\n\t\t\t<div class=\"elementor-widget-wrap elementor-element-populated\">\n\t\t\t\t\t\t<div class=\"elementor-element elementor-element-d54738c elementor-widget elementor-widget-heading\" data-id=\"d54738c\" data-element_type=\"widget\" data-e-type=\"widget\" data-widget_type=\"heading.default\">\n\t\t\t\t<div class=\"elementor-widget-container\">\n\t\t\t\t\t<h2 class=\"elementor-heading-title elementor-size-default\">El regalo perfecto<\/h2>\t\t\t\t<\/div>\n\t\t\t\t<\/div>\n\t\t\t\t<div class=\"elementor-element elementor-element-678dcbb elementor-widget elementor-widget-text-editor\" data-id=\"678dcbb\" data-element_type=\"widget\" data-e-type=\"widget\" data-widget_type=\"text-editor.default\">\n\t\t\t\t<div class=\"elementor-widget-container\">\n\t\t\t\t\t\t\t\t\t<p>\u00bfVas a organizar una fiesta de inicio, verano o final de verano para el trabajo, los buenos amigos o la asociaci\u00f3n? \u00bfO se le ha asignado la responsabilidad de organizar una reuni\u00f3n en Oslo y le gustar\u00eda recibir ayuda con la planificaci\u00f3n?<\/p><p>Oslo Guidebureau ofrece buenas soluciones en transporte, restaurantes, programas sociales y visitas guiadas. Tambi\u00e9n podemos contribuir con \"ese peque\u00f1o extra\" o una actividad divertida. Tenemos buenos socios y aqu\u00ed hay algunos ejemplos de experiencias que podemos ofrecer:<\/p><ul><li>Degustaci\u00f3n de cerveza, paseo por Gr\u00fcnerl\u00f8kka y crucero de gambas por el fiordo de Oslo en colaboraci\u00f3n con \u00d8lakademiet y B\u00e5tservice Sightseeing.<\/li><li>Caminatas en Oslomarka con Oslo Hiking<\/li><li>Paseos en SUP y kayak guiados por Akerselva con Mad Goats<\/li><\/ul>\t\t\t\t\t\t\t\t<\/div>\n\t\t\t\t<\/div>\n\t\t\t\t<div class=\"elementor-element elementor-element-f111a08 elementor-widget elementor-widget-jkit_button\" data-id=\"f111a08\" data-element_type=\"widget\" data-e-type=\"widget\" data-widget_type=\"jkit_button.default\">\n\t\t\t\t<div class=\"elementor-widget-container\">\n\t\t\t\t\t<div  class=\"jeg-elementor-kit jkit-button  icon-position-after jeg_module___69e9c77929587\" ><a href=\"\/es\/kontakt\/\" class=\"jkit-button-wrapper\">Cont\u00e1ctenos<i class=\"icon-colored jki jki-right-arrow1-light\" aria-hidden=\"true\"><\/i><\/a><\/div>\t\t\t\t<\/div>\n\t\t\t\t<\/div>\n\t\t\t\t\t<\/div>\n\t\t<\/div>\n\t\t\t\t<div class=\"has_eae_slider elementor-column elementor-col-50 elementor-top-column elementor-element elementor-element-9073060\" data-eae-slider=\"82616\" data-id=\"9073060\" data-element_type=\"column\" data-e-type=\"column\">\n\t\t\t<div class=\"elementor-widget-wrap elementor-element-populated\">\n\t\t\t\t\t\t<div class=\"elementor-element elementor-element-89041dd elementor-widget elementor-widget-image\" data-id=\"89041dd\" data-element_type=\"widget\" data-e-type=\"widget\" data-widget_type=\"image.default\">\n\t\t\t\t<div class=\"elementor-widget-container\">\n\t\t\t\t\t\t\t\t\t\t\t\t\t\t\t<img fetchpriority=\"high\" decoding=\"async\" width=\"500\" height=\"375\" src=\"https:\/\/osloguide.no\/wp-content\/uploads\/2023\/08\/5e9765ba1a44626fd6bc10da_Guider-pa-radhuset02-002_1-p-500.jpeg\" class=\"attachment-large size-large wp-image-623\" alt=\"\" srcset=\"https:\/\/osloguide.no\/wp-content\/uploads\/2023\/08\/5e9765ba1a44626fd6bc10da_Guider-pa-radhuset02-002_1-p-500.jpeg 500w, https:\/\/osloguide.no\/wp-content\/uploads\/2023\/08\/5e9765ba1a44626fd6bc10da_Guider-pa-radhuset02-002_1-p-500-300x225.jpeg 300w, https:\/\/osloguide.no\/wp-content\/uploads\/2023\/08\/5e9765ba1a44626fd6bc10da_Guider-pa-radhuset02-002_1-p-500-16x12.jpeg 16w\" sizes=\"(max-width: 500px) 100vw, 500px\" \/>\t\t\t\t\t\t\t\t\t\t\t\t\t\t\t<\/div>\n\t\t\t\t<\/div>\n\t\t\t\t\t<\/div>\n\t\t<\/div>\n\t\t\t\t\t<\/div>\n\t\t<\/section>\n\t\t\t\t<\/div>","protected":false},"excerpt":{"rendered":"<p>Hjem Andre tjenester Destination Management Company\u200b Destination Management Company\u200b Den perfekte gaven Skal du arrangere kick-off, sommerfest eller sommeravslutning for jobben, gode venner eller foreningen? Eller har du f\u00e5tt ansvaret for \u00e5 arrangere et m\u00f8te i Oslo og \u00f8nsker hjelp med planleggingen? Oslo Guidebureau tilbyr gode l\u00f8sninger innenfor transport, bespisning, sosialt program og guidede turer. [&hellip;]<\/p>\n","protected":false},"author":1,"featured_media":1170,"parent":17,"menu_order":0,"comment_status":"closed","ping_status":"closed","template":"elementor_header_footer","meta":{"footnotes":""},"class_list":["post-46","page","type-page","status-publish","has-post-thumbnail","hentry"],"yoast_head":"<!-- This site is optimized with the Yoast SEO plugin v27.4 - https:\/\/yoast.com\/product\/yoast-seo-wordpress\/ -->\n<title>Destination Management Company | Oslo Guidebureau<\/title>\n<meta name=\"description\" content=\"Oslo Guidebureau tilbyr gode l\u00f8sninger innenfor transport, bespisning, sosialt program og guidede turer for alle type arrangement.\" \/>\n<meta name=\"robots\" content=\"index, follow, max-snippet:-1, max-image-preview:large, max-video-preview:-1\" \/>\n<link rel=\"canonical\" href=\"https:\/\/osloguide.no\/es\/otros-servicios\/compania-de-administracion-de-destinos\/\" \/>\n<meta property=\"og:locale\" content=\"es_ES\" \/>\n<meta property=\"og:type\" content=\"article\" \/>\n<meta property=\"og:title\" content=\"Destination Management Company | Oslo Guidebureau\" \/>\n<meta property=\"og:description\" content=\"Oslo Guidebureau tilbyr gode l\u00f8sninger innenfor transport, bespisning, sosialt program og guidede turer for alle type arrangement.\" \/>\n<meta property=\"og:url\" content=\"https:\/\/osloguide.no\/es\/otros-servicios\/compania-de-administracion-de-destinos\/\" \/>\n<meta property=\"og:site_name\" content=\"Oslo Guidebureau\" \/>\n<meta property=\"article:publisher\" content=\"https:\/\/www.facebook.com\/osloguide\" \/>\n<meta property=\"article:modified_time\" content=\"2024-04-08T13:03:00+00:00\" \/>\n<meta property=\"og:image\" content=\"https:\/\/osloguide.no\/wp-content\/uploads\/2024\/04\/opengraph_osloguide.png\" \/>\n\t<meta property=\"og:image:width\" content=\"1200\" \/>\n\t<meta property=\"og:image:height\" content=\"630\" \/>\n\t<meta property=\"og:image:type\" content=\"image\/png\" \/>\n<meta name=\"twitter:card\" content=\"summary_large_image\" \/>\n<meta name=\"twitter:label1\" content=\"Tiempo de lectura\" \/>\n\t<meta name=\"twitter:data1\" content=\"2 minutos\" \/>\n<script type=\"application\/ld+json\" class=\"yoast-schema-graph\">{\"@context\":\"https:\\\/\\\/schema.org\",\"@graph\":[{\"@type\":\"WebPage\",\"@id\":\"https:\\\/\\\/osloguide.no\\\/andre-tjenester\\\/destination-management-company\\\/\",\"url\":\"https:\\\/\\\/osloguide.no\\\/andre-tjenester\\\/destination-management-company\\\/\",\"name\":\"Destination Management Company | Oslo Guidebureau\",\"isPartOf\":{\"@id\":\"https:\\\/\\\/osloguide.no\\\/#website\"},\"primaryImageOfPage\":{\"@id\":\"https:\\\/\\\/osloguide.no\\\/andre-tjenester\\\/destination-management-company\\\/#primaryimage\"},\"image\":{\"@id\":\"https:\\\/\\\/osloguide.no\\\/andre-tjenester\\\/destination-management-company\\\/#primaryimage\"},\"thumbnailUrl\":\"https:\\\/\\\/osloguide.no\\\/wp-content\\\/uploads\\\/2024\\\/04\\\/opengraph_osloguide.png\",\"datePublished\":\"2023-08-04T11:45:52+00:00\",\"dateModified\":\"2024-04-08T13:03:00+00:00\",\"description\":\"Oslo Guidebureau tilbyr gode l\u00f8sninger innenfor transport, bespisning, sosialt program og guidede turer for alle type arrangement.\",\"breadcrumb\":{\"@id\":\"https:\\\/\\\/osloguide.no\\\/andre-tjenester\\\/destination-management-company\\\/#breadcrumb\"},\"inLanguage\":\"es\",\"potentialAction\":[{\"@type\":\"ReadAction\",\"target\":[\"https:\\\/\\\/osloguide.no\\\/andre-tjenester\\\/destination-management-company\\\/\"]}]},{\"@type\":\"ImageObject\",\"inLanguage\":\"es\",\"@id\":\"https:\\\/\\\/osloguide.no\\\/andre-tjenester\\\/destination-management-company\\\/#primaryimage\",\"url\":\"https:\\\/\\\/osloguide.no\\\/wp-content\\\/uploads\\\/2024\\\/04\\\/opengraph_osloguide.png\",\"contentUrl\":\"https:\\\/\\\/osloguide.no\\\/wp-content\\\/uploads\\\/2024\\\/04\\\/opengraph_osloguide.png\",\"width\":1200,\"height\":630},{\"@type\":\"BreadcrumbList\",\"@id\":\"https:\\\/\\\/osloguide.no\\\/andre-tjenester\\\/destination-management-company\\\/#breadcrumb\",\"itemListElement\":[{\"@type\":\"ListItem\",\"position\":1,\"name\":\"Hjem\",\"item\":\"https:\\\/\\\/osloguide.no\\\/\"},{\"@type\":\"ListItem\",\"position\":2,\"name\":\"Andre tjenester\",\"item\":\"https:\\\/\\\/osloguide.no\\\/andre-tjenester\\\/\"},{\"@type\":\"ListItem\",\"position\":3,\"name\":\"Destination Management Company\"}]},{\"@type\":\"WebSite\",\"@id\":\"https:\\\/\\\/osloguide.no\\\/#website\",\"url\":\"https:\\\/\\\/osloguide.no\\\/\",\"name\":\"Oslo Guidebureau\",\"description\":\"Over 25 \u00e5rs erfaring med guiding i Oslo\",\"potentialAction\":[{\"@type\":\"SearchAction\",\"target\":{\"@type\":\"EntryPoint\",\"urlTemplate\":\"https:\\\/\\\/osloguide.no\\\/?s={search_term_string}\"},\"query-input\":{\"@type\":\"PropertyValueSpecification\",\"valueRequired\":true,\"valueName\":\"search_term_string\"}}],\"inLanguage\":\"es\"}]}<\/script>\n<!-- \/ Yoast SEO plugin. -->","yoast_head_json":{"title":"Destination Management Company | Oslo Guidebureau","description":"Oslo Guidebureau tilbyr gode l\u00f8sninger innenfor transport, bespisning, sosialt program og guidede turer for alle type arrangement.","robots":{"index":"index","follow":"follow","max-snippet":"max-snippet:-1","max-image-preview":"max-image-preview:large","max-video-preview":"max-video-preview:-1"},"canonical":"https:\/\/osloguide.no\/es\/otros-servicios\/compania-de-administracion-de-destinos\/","og_locale":"es_ES","og_type":"article","og_title":"Destination Management Company | Oslo Guidebureau","og_description":"Oslo Guidebureau tilbyr gode l\u00f8sninger innenfor transport, bespisning, sosialt program og guidede turer for alle type arrangement.","og_url":"https:\/\/osloguide.no\/es\/otros-servicios\/compania-de-administracion-de-destinos\/","og_site_name":"Oslo Guidebureau","article_publisher":"https:\/\/www.facebook.com\/osloguide","article_modified_time":"2024-04-08T13:03:00+00:00","og_image":[{"width":1200,"height":630,"url":"https:\/\/osloguide.no\/wp-content\/uploads\/2024\/04\/opengraph_osloguide.png","type":"image\/png"}],"twitter_card":"summary_large_image","twitter_misc":{"Tiempo de lectura":"2 minutos"},"schema":{"@context":"https:\/\/schema.org","@graph":[{"@type":"WebPage","@id":"https:\/\/osloguide.no\/andre-tjenester\/destination-management-company\/","url":"https:\/\/osloguide.no\/andre-tjenester\/destination-management-company\/","name":"Destination Management Company | Oslo Guidebureau","isPartOf":{"@id":"https:\/\/osloguide.no\/#website"},"primaryImageOfPage":{"@id":"https:\/\/osloguide.no\/andre-tjenester\/destination-management-company\/#primaryimage"},"image":{"@id":"https:\/\/osloguide.no\/andre-tjenester\/destination-management-company\/#primaryimage"},"thumbnailUrl":"https:\/\/osloguide.no\/wp-content\/uploads\/2024\/04\/opengraph_osloguide.png","datePublished":"2023-08-04T11:45:52+00:00","dateModified":"2024-04-08T13:03:00+00:00","description":"Oslo Guidebureau tilbyr gode l\u00f8sninger innenfor transport, bespisning, sosialt program og guidede turer for alle type arrangement.","breadcrumb":{"@id":"https:\/\/osloguide.no\/andre-tjenester\/destination-management-company\/#breadcrumb"},"inLanguage":"es","potentialAction":[{"@type":"ReadAction","target":["https:\/\/osloguide.no\/andre-tjenester\/destination-management-company\/"]}]},{"@type":"ImageObject","inLanguage":"es","@id":"https:\/\/osloguide.no\/andre-tjenester\/destination-management-company\/#primaryimage","url":"https:\/\/osloguide.no\/wp-content\/uploads\/2024\/04\/opengraph_osloguide.png","contentUrl":"https:\/\/osloguide.no\/wp-content\/uploads\/2024\/04\/opengraph_osloguide.png","width":1200,"height":630},{"@type":"BreadcrumbList","@id":"https:\/\/osloguide.no\/andre-tjenester\/destination-management-company\/#breadcrumb","itemListElement":[{"@type":"ListItem","position":1,"name":"Hjem","item":"https:\/\/osloguide.no\/"},{"@type":"ListItem","position":2,"name":"Andre tjenester","item":"https:\/\/osloguide.no\/andre-tjenester\/"},{"@type":"ListItem","position":3,"name":"Destination Management Company"}]},{"@type":"WebSite","@id":"https:\/\/osloguide.no\/#website","url":"https:\/\/osloguide.no\/","name":"Oslo Guidebureau","description":"Over 25 \u00e5rs erfaring med guiding i Oslo","potentialAction":[{"@type":"SearchAction","target":{"@type":"EntryPoint","urlTemplate":"https:\/\/osloguide.no\/?s={search_term_string}"},"query-input":{"@type":"PropertyValueSpecification","valueRequired":true,"valueName":"search_term_string"}}],"inLanguage":"es"}]}},"_links":{"self":[{"href":"https:\/\/osloguide.no\/es\/wp-json\/wp\/v2\/pages\/46","targetHints":{"allow":["GET"]}}],"collection":[{"href":"https:\/\/osloguide.no\/es\/wp-json\/wp\/v2\/pages"}],"about":[{"href":"https:\/\/osloguide.no\/es\/wp-json\/wp\/v2\/types\/page"}],"author":[{"embeddable":true,"href":"https:\/\/osloguide.no\/es\/wp-json\/wp\/v2\/users\/1"}],"replies":[{"embeddable":true,"href":"https:\/\/osloguide.no\/es\/wp-json\/wp\/v2\/comments?post=46"}],"version-history":[{"count":5,"href":"https:\/\/osloguide.no\/es\/wp-json\/wp\/v2\/pages\/46\/revisions"}],"predecessor-version":[{"id":1124,"href":"https:\/\/osloguide.no\/es\/wp-json\/wp\/v2\/pages\/46\/revisions\/1124"}],"up":[{"embeddable":true,"href":"https:\/\/osloguide.no\/es\/wp-json\/wp\/v2\/pages\/17"}],"wp:featuredmedia":[{"embeddable":true,"href":"https:\/\/osloguide.no\/es\/wp-json\/wp\/v2\/media\/1170"}],"wp:attachment":[{"href":"https:\/\/osloguide.no\/es\/wp-json\/wp\/v2\/media?parent=46"}],"curies":[{"name":"wp","href":"https:\/\/api.w.org\/{rel}","templated":true}]}}