{"id":45,"date":"2023-08-04T13:45:23","date_gmt":"2023-08-04T11:45:23","guid":{"rendered":"https:\/\/osloguidebyra.hornmedia.no\/?page_id=45"},"modified":"2026-04-20T09:44:17","modified_gmt":"2026-04-20T07:44:17","slug":"oslo-pass","status":"publish","type":"page","link":"https:\/\/osloguide.no\/es\/andre-tjenester\/oslo-pass\/","title":{"rendered":"Oslo Pass"},"content":{"rendered":"<div data-elementor-type=\"wp-page\" data-elementor-id=\"45\" class=\"elementor elementor-45\" data-elementor-post-type=\"page\">\n\t\t\t\t\t\t<section class=\"has_eae_slider elementor-section elementor-top-section elementor-element elementor-element-06beedc elementor-section-boxed elementor-section-height-default elementor-section-height-default\" data-eae-slider=\"52082\" data-id=\"06beedc\" data-element_type=\"section\" data-e-type=\"section\" data-settings=\"{&quot;background_background&quot;:&quot;classic&quot;}\">\n\t\t\t\t\t\t\t<div class=\"elementor-background-overlay\"><\/div>\n\t\t\t\t\t\t\t<div class=\"elementor-container elementor-column-gap-no\">\n\t\t\t\t\t<div class=\"has_eae_slider elementor-column elementor-col-100 elementor-top-column elementor-element elementor-element-9ad77de\" data-eae-slider=\"3331\" data-id=\"9ad77de\" data-element_type=\"column\" data-e-type=\"column\">\n\t\t\t<div class=\"elementor-widget-wrap elementor-element-populated\">\n\t\t\t\t\t\t<section class=\"has_eae_slider elementor-section elementor-inner-section elementor-element elementor-element-9b67100 elementor-section-boxed elementor-section-height-default elementor-section-height-default\" data-eae-slider=\"89641\" data-id=\"9b67100\" data-element_type=\"section\" data-e-type=\"section\">\n\t\t\t\t\t\t<div class=\"elementor-container elementor-column-gap-no\">\n\t\t\t\t\t<div class=\"has_eae_slider elementor-column elementor-col-100 elementor-inner-column elementor-element elementor-element-5ea8e2b\" data-eae-slider=\"90899\" data-id=\"5ea8e2b\" data-element_type=\"column\" data-e-type=\"column\">\n\t\t\t<div class=\"elementor-widget-wrap elementor-element-populated\">\n\t\t\t\t\t\t<div class=\"elementor-element elementor-element-0b711d9 elementor-icon-list--layout-inline elementor-widget__width-auto elementor-list-item-link-full_width elementor-widget elementor-widget-icon-list\" data-id=\"0b711d9\" data-element_type=\"widget\" data-e-type=\"widget\" data-widget_type=\"icon-list.default\">\n\t\t\t\t<div class=\"elementor-widget-container\">\n\t\t\t\t\t\t\t<ul class=\"elementor-icon-list-items elementor-inline-items\">\n\t\t\t\t\t\t\t<li class=\"elementor-icon-list-item elementor-inline-item\">\n\t\t\t\t\t\t\t\t\t\t\t<a href=\"https:\/\/osloguide.no\/es\">\n\n\t\t\t\t\t\t\t\t\t\t\t<span class=\"elementor-icon-list-text\">Inicio<\/span>\n\t\t\t\t\t\t\t\t\t\t\t<\/a>\n\t\t\t\t\t\t\t\t\t<\/li>\n\t\t\t\t\t\t\t\t<li class=\"elementor-icon-list-item elementor-inline-item\">\n\t\t\t\t\t\t\t\t\t\t\t<a href=\"\/es\/otros-servicios\/\">\n\n\t\t\t\t\t\t\t\t\t\t\t\t<span class=\"elementor-icon-list-icon\">\n\t\t\t\t\t\t\t<i aria-hidden=\"true\" class=\"fas fa-chevron-circle-right\"><\/i>\t\t\t\t\t\t<\/span>\n\t\t\t\t\t\t\t\t\t\t<span class=\"elementor-icon-list-text\">Otros servicios<\/span>\n\t\t\t\t\t\t\t\t\t\t\t<\/a>\n\t\t\t\t\t\t\t\t\t<\/li>\n\t\t\t\t\t\t\t\t<li class=\"elementor-icon-list-item elementor-inline-item\">\n\t\t\t\t\t\t\t\t\t\t\t<span class=\"elementor-icon-list-icon\">\n\t\t\t\t\t\t\t<i aria-hidden=\"true\" class=\"fas fa-chevron-circle-right\"><\/i>\t\t\t\t\t\t<\/span>\n\t\t\t\t\t\t\t\t\t\t<span class=\"elementor-icon-list-text\">Oslo Pass<\/span>\n\t\t\t\t\t\t\t\t\t<\/li>\n\t\t\t\t\t\t<\/ul>\n\t\t\t\t\t\t<\/div>\n\t\t\t\t<\/div>\n\t\t\t\t<div class=\"elementor-element elementor-element-fcedc75 elementor-widget elementor-widget-heading\" data-id=\"fcedc75\" data-element_type=\"widget\" data-e-type=\"widget\" data-widget_type=\"heading.default\">\n\t\t\t\t<div class=\"elementor-widget-container\">\n\t\t\t\t\t<h2 class=\"elementor-heading-title elementor-size-default\">Oslo Pass<\/h2>\t\t\t\t<\/div>\n\t\t\t\t<\/div>\n\t\t\t\t\t<\/div>\n\t\t<\/div>\n\t\t\t\t\t<\/div>\n\t\t<\/section>\n\t\t\t\t\t<\/div>\n\t\t<\/div>\n\t\t\t\t\t<\/div>\n\t\t<\/section>\n\t\t\t\t<section class=\"has_eae_slider elementor-section elementor-top-section elementor-element elementor-element-a56c8ba elementor-section-content-middle elementor-section-boxed elementor-section-height-default elementor-section-height-default\" data-eae-slider=\"52304\" data-id=\"a56c8ba\" data-element_type=\"section\" data-e-type=\"section\">\n\t\t\t\t\t\t<div class=\"elementor-container elementor-column-gap-no\">\n\t\t\t\t\t<div class=\"has_eae_slider elementor-column elementor-col-50 elementor-top-column elementor-element elementor-element-348f7b9\" data-eae-slider=\"48429\" data-id=\"348f7b9\" data-element_type=\"column\" data-e-type=\"column\">\n\t\t\t<div class=\"elementor-widget-wrap elementor-element-populated\">\n\t\t\t\t\t\t<div class=\"elementor-element elementor-element-ed79c0f elementor-widget elementor-widget-heading\" data-id=\"ed79c0f\" data-element_type=\"widget\" data-e-type=\"widget\" data-widget_type=\"heading.default\">\n\t\t\t\t<div class=\"elementor-widget-container\">\n\t\t\t\t\t<h2 class=\"elementor-heading-title elementor-size-default\">Opplev mer av Oslo med Oslo Pass<\/h2>\t\t\t\t<\/div>\n\t\t\t\t<\/div>\n\t\t\t\t<div class=\"elementor-element elementor-element-bab8b4c elementor-widget elementor-widget-text-editor\" data-id=\"bab8b4c\" data-element_type=\"widget\" data-e-type=\"widget\" data-widget_type=\"text-editor.default\">\n\t\t\t\t<div class=\"elementor-widget-container\">\n\t\t\t\t\t\t\t\t\t<p><strong>Hva er inkludert i Oslo Pass?<\/strong><\/p><ul><li>Gratis inngang til 30+ museer og attraksjoner<\/li><li>Gratis kollektivtransport i sonene 1, 2, 3, 4V og 4N<\/li><li>Rabatter hos 30+ tilbud som aktiviteter, sightseeingturer, restauranter og butikker.<\/li><li>Gratis transport til og fra Oslo Lufthavn Gardemoen med VY tog<\/li><\/ul><p>\u00a0<\/p><p>Oslo Pass lar deg oppleve mer, spare penger og bruke tiden p\u00e5 det du er interessert i. Du f\u00e5r \u00e9n samlet l\u00f8sning for kultur, historie, aktiviteter og transport. Hvis du \u00f8nsker \u00e5 oppleve Oslo p\u00e5 en smart, enkel og kostnadseffektiv m\u00e5te, er Oslo Pass det beste utgangspunktet.<\/p><p>Oslo Pass kan kj\u00f8pes gjennom Oslo Guidebureau, og priser finner du hos <a href=\"https:\/\/www.visitoslo.com\/no\/aktiviteter-og-attraksjoner\/oslo-pass\/priser\/\">VisitOSLO<\/a>. Last ned Oslo Pass \u2013 Official City Card appen i <a href=\"https:\/\/itunes.apple.com\/us\/app\/oslo-pass-official-city-card\/id860680673?mt=8\">AppStore<\/a> eller <a href=\"https:\/\/play.google.com\/store\/apps\/details?id=no.wtw.visitoslo.oslopass.android\">GooglePlay Store<\/a> for \u00e5 bruke Oslo Pass.<\/p>\t\t\t\t\t\t\t\t<\/div>\n\t\t\t\t<\/div>\n\t\t\t\t<div class=\"elementor-element elementor-element-7c126e5 elementor-widget elementor-widget-jkit_button\" data-id=\"7c126e5\" data-element_type=\"widget\" data-e-type=\"widget\" data-widget_type=\"jkit_button.default\">\n\t\t\t\t<div class=\"elementor-widget-container\">\n\t\t\t\t\t<div  class=\"jeg-elementor-kit jkit-button  icon-position-after jeg_module___69f60fdf52fb5\" ><a href=\"\/es\/kontakt\/\" class=\"jkit-button-wrapper\">Cont\u00e1ctenos<i class=\"icon-colored jki jki-right-arrow1-light\" aria-hidden=\"true\"><\/i><\/a><\/div>\t\t\t\t<\/div>\n\t\t\t\t<\/div>\n\t\t\t\t\t<\/div>\n\t\t<\/div>\n\t\t\t\t<div class=\"has_eae_slider elementor-column elementor-col-50 elementor-top-column elementor-element elementor-element-c364900\" data-eae-slider=\"75099\" data-id=\"c364900\" data-element_type=\"column\" data-e-type=\"column\">\n\t\t\t<div class=\"elementor-widget-wrap elementor-element-populated\">\n\t\t\t\t\t\t<div class=\"elementor-element elementor-element-9911de4 elementor-widget elementor-widget-image\" data-id=\"9911de4\" data-element_type=\"widget\" data-e-type=\"widget\" data-widget_type=\"image.default\">\n\t\t\t\t<div class=\"elementor-widget-container\">\n\t\t\t\t\t\t\t\t\t\t\t\t\t\t\t<img decoding=\"async\" src=\"https:\/\/osloguide.no\/wp-content\/uploads\/2026\/04\/Collage-Brosjyre-2.png\" title=\"Collage &#8211; Brosjyre (2)\" alt=\"Collage - Brosjyre (2)\" loading=\"lazy\" \/>\t\t\t\t\t\t\t\t\t\t\t\t\t\t\t<\/div>\n\t\t\t\t<\/div>\n\t\t\t\t\t<\/div>\n\t\t<\/div>\n\t\t\t\t\t<\/div>\n\t\t<\/section>\n\t\t\t\t<\/div>","protected":false},"excerpt":{"rendered":"<p>Hjem Andre tjenester Oslo Pass Oslo Pass Opplev mer av Oslo med Oslo Pass Hva er inkludert i Oslo Pass? Gratis inngang til 30+ museer og attraksjoner Gratis kollektivtransport i sonene 1, 2, 3, 4V og 4N Rabatter hos 30+ tilbud som aktiviteter, sightseeingturer, restauranter og butikker. Gratis transport til og fra Oslo Lufthavn Gardemoen [&hellip;]<\/p>\n","protected":false},"author":1,"featured_media":1170,"parent":17,"menu_order":0,"comment_status":"closed","ping_status":"closed","template":"elementor_header_footer","meta":{"footnotes":""},"class_list":["post-45","page","type-page","status-publish","has-post-thumbnail","hentry"],"yoast_head":"<!-- This site is optimized with the Yoast SEO plugin v27.5 - https:\/\/yoast.com\/product\/yoast-seo-wordpress\/ -->\n<title>Oslo Pass | Oslo Guidebureau<\/title>\n<meta name=\"description\" content=\"Oslo Pass er et fordelskort og gir fri inngang til mer enn 30 museer og attraksjoner, fri offentlig transport og mye mer!\" \/>\n<meta name=\"robots\" content=\"index, follow, max-snippet:-1, max-image-preview:large, max-video-preview:-1\" \/>\n<link rel=\"canonical\" href=\"https:\/\/osloguide.no\/es\/otros-servicios\/oslo-pass\/\" \/>\n<meta property=\"og:locale\" content=\"es_ES\" \/>\n<meta property=\"og:type\" content=\"article\" \/>\n<meta property=\"og:title\" content=\"Oslo Pass | Oslo Guidebureau\" \/>\n<meta property=\"og:description\" content=\"Oslo Pass er et fordelskort og gir fri inngang til mer enn 30 museer og attraksjoner, fri offentlig transport og mye mer!\" \/>\n<meta property=\"og:url\" content=\"https:\/\/osloguide.no\/es\/otros-servicios\/oslo-pass\/\" \/>\n<meta property=\"og:site_name\" content=\"Oslo Guidebureau\" \/>\n<meta property=\"article:publisher\" content=\"https:\/\/www.facebook.com\/osloguide\" \/>\n<meta property=\"article:modified_time\" content=\"2026-04-20T07:44:17+00:00\" \/>\n<meta property=\"og:image\" content=\"https:\/\/osloguide.no\/wp-content\/uploads\/2024\/04\/opengraph_osloguide.png\" \/>\n\t<meta property=\"og:image:width\" content=\"1200\" \/>\n\t<meta property=\"og:image:height\" content=\"630\" \/>\n\t<meta property=\"og:image:type\" content=\"image\/png\" \/>\n<meta name=\"twitter:card\" content=\"summary_large_image\" \/>\n<meta name=\"twitter:label1\" content=\"Tiempo de lectura\" \/>\n\t<meta name=\"twitter:data1\" content=\"1 minuto\" \/>\n<script type=\"application\/ld+json\" class=\"yoast-schema-graph\">{\"@context\":\"https:\\\/\\\/schema.org\",\"@graph\":[{\"@type\":\"WebPage\",\"@id\":\"https:\\\/\\\/osloguide.no\\\/andre-tjenester\\\/oslo-pass\\\/\",\"url\":\"https:\\\/\\\/osloguide.no\\\/andre-tjenester\\\/oslo-pass\\\/\",\"name\":\"Oslo Pass | Oslo Guidebureau\",\"isPartOf\":{\"@id\":\"https:\\\/\\\/osloguide.no\\\/#website\"},\"primaryImageOfPage\":{\"@id\":\"https:\\\/\\\/osloguide.no\\\/andre-tjenester\\\/oslo-pass\\\/#primaryimage\"},\"image\":{\"@id\":\"https:\\\/\\\/osloguide.no\\\/andre-tjenester\\\/oslo-pass\\\/#primaryimage\"},\"thumbnailUrl\":\"https:\\\/\\\/osloguide.no\\\/wp-content\\\/uploads\\\/2024\\\/04\\\/opengraph_osloguide.png\",\"datePublished\":\"2023-08-04T11:45:23+00:00\",\"dateModified\":\"2026-04-20T07:44:17+00:00\",\"description\":\"Oslo Pass er et fordelskort og gir fri inngang til mer enn 30 museer og attraksjoner, fri offentlig transport og mye mer!\",\"breadcrumb\":{\"@id\":\"https:\\\/\\\/osloguide.no\\\/andre-tjenester\\\/oslo-pass\\\/#breadcrumb\"},\"inLanguage\":\"es\",\"potentialAction\":[{\"@type\":\"ReadAction\",\"target\":[\"https:\\\/\\\/osloguide.no\\\/andre-tjenester\\\/oslo-pass\\\/\"]}]},{\"@type\":\"ImageObject\",\"inLanguage\":\"es\",\"@id\":\"https:\\\/\\\/osloguide.no\\\/andre-tjenester\\\/oslo-pass\\\/#primaryimage\",\"url\":\"https:\\\/\\\/osloguide.no\\\/wp-content\\\/uploads\\\/2024\\\/04\\\/opengraph_osloguide.png\",\"contentUrl\":\"https:\\\/\\\/osloguide.no\\\/wp-content\\\/uploads\\\/2024\\\/04\\\/opengraph_osloguide.png\",\"width\":1200,\"height\":630},{\"@type\":\"BreadcrumbList\",\"@id\":\"https:\\\/\\\/osloguide.no\\\/andre-tjenester\\\/oslo-pass\\\/#breadcrumb\",\"itemListElement\":[{\"@type\":\"ListItem\",\"position\":1,\"name\":\"Hjem\",\"item\":\"https:\\\/\\\/osloguide.no\\\/\"},{\"@type\":\"ListItem\",\"position\":2,\"name\":\"Andre tjenester\",\"item\":\"https:\\\/\\\/osloguide.no\\\/andre-tjenester\\\/\"},{\"@type\":\"ListItem\",\"position\":3,\"name\":\"Oslo Pass\"}]},{\"@type\":\"WebSite\",\"@id\":\"https:\\\/\\\/osloguide.no\\\/#website\",\"url\":\"https:\\\/\\\/osloguide.no\\\/\",\"name\":\"Oslo Guidebureau\",\"description\":\"Over 25 \u00e5rs erfaring med guiding i Oslo\",\"potentialAction\":[{\"@type\":\"SearchAction\",\"target\":{\"@type\":\"EntryPoint\",\"urlTemplate\":\"https:\\\/\\\/osloguide.no\\\/?s={search_term_string}\"},\"query-input\":{\"@type\":\"PropertyValueSpecification\",\"valueRequired\":true,\"valueName\":\"search_term_string\"}}],\"inLanguage\":\"es\"}]}<\/script>\n<!-- \/ Yoast SEO plugin. -->","yoast_head_json":{"title":"Oslo Pass | Oslo Guidebureau","description":"Oslo Pass er et fordelskort og gir fri inngang til mer enn 30 museer og attraksjoner, fri offentlig transport og mye mer!","robots":{"index":"index","follow":"follow","max-snippet":"max-snippet:-1","max-image-preview":"max-image-preview:large","max-video-preview":"max-video-preview:-1"},"canonical":"https:\/\/osloguide.no\/es\/otros-servicios\/oslo-pass\/","og_locale":"es_ES","og_type":"article","og_title":"Oslo Pass | Oslo Guidebureau","og_description":"Oslo Pass er et fordelskort og gir fri inngang til mer enn 30 museer og attraksjoner, fri offentlig transport og mye mer!","og_url":"https:\/\/osloguide.no\/es\/otros-servicios\/oslo-pass\/","og_site_name":"Oslo Guidebureau","article_publisher":"https:\/\/www.facebook.com\/osloguide","article_modified_time":"2026-04-20T07:44:17+00:00","og_image":[{"width":1200,"height":630,"url":"https:\/\/osloguide.no\/wp-content\/uploads\/2024\/04\/opengraph_osloguide.png","type":"image\/png"}],"twitter_card":"summary_large_image","twitter_misc":{"Tiempo de lectura":"1 minuto"},"schema":{"@context":"https:\/\/schema.org","@graph":[{"@type":"WebPage","@id":"https:\/\/osloguide.no\/andre-tjenester\/oslo-pass\/","url":"https:\/\/osloguide.no\/andre-tjenester\/oslo-pass\/","name":"Oslo Pass | Oslo Guidebureau","isPartOf":{"@id":"https:\/\/osloguide.no\/#website"},"primaryImageOfPage":{"@id":"https:\/\/osloguide.no\/andre-tjenester\/oslo-pass\/#primaryimage"},"image":{"@id":"https:\/\/osloguide.no\/andre-tjenester\/oslo-pass\/#primaryimage"},"thumbnailUrl":"https:\/\/osloguide.no\/wp-content\/uploads\/2024\/04\/opengraph_osloguide.png","datePublished":"2023-08-04T11:45:23+00:00","dateModified":"2026-04-20T07:44:17+00:00","description":"Oslo Pass er et fordelskort og gir fri inngang til mer enn 30 museer og attraksjoner, fri offentlig transport og mye mer!","breadcrumb":{"@id":"https:\/\/osloguide.no\/andre-tjenester\/oslo-pass\/#breadcrumb"},"inLanguage":"es","potentialAction":[{"@type":"ReadAction","target":["https:\/\/osloguide.no\/andre-tjenester\/oslo-pass\/"]}]},{"@type":"ImageObject","inLanguage":"es","@id":"https:\/\/osloguide.no\/andre-tjenester\/oslo-pass\/#primaryimage","url":"https:\/\/osloguide.no\/wp-content\/uploads\/2024\/04\/opengraph_osloguide.png","contentUrl":"https:\/\/osloguide.no\/wp-content\/uploads\/2024\/04\/opengraph_osloguide.png","width":1200,"height":630},{"@type":"BreadcrumbList","@id":"https:\/\/osloguide.no\/andre-tjenester\/oslo-pass\/#breadcrumb","itemListElement":[{"@type":"ListItem","position":1,"name":"Hjem","item":"https:\/\/osloguide.no\/"},{"@type":"ListItem","position":2,"name":"Andre tjenester","item":"https:\/\/osloguide.no\/andre-tjenester\/"},{"@type":"ListItem","position":3,"name":"Oslo Pass"}]},{"@type":"WebSite","@id":"https:\/\/osloguide.no\/#website","url":"https:\/\/osloguide.no\/","name":"Oslo Guidebureau","description":"Over 25 \u00e5rs erfaring med guiding i Oslo","potentialAction":[{"@type":"SearchAction","target":{"@type":"EntryPoint","urlTemplate":"https:\/\/osloguide.no\/?s={search_term_string}"},"query-input":{"@type":"PropertyValueSpecification","valueRequired":true,"valueName":"search_term_string"}}],"inLanguage":"es"}]}},"_links":{"self":[{"href":"https:\/\/osloguide.no\/es\/wp-json\/wp\/v2\/pages\/45","targetHints":{"allow":["GET"]}}],"collection":[{"href":"https:\/\/osloguide.no\/es\/wp-json\/wp\/v2\/pages"}],"about":[{"href":"https:\/\/osloguide.no\/es\/wp-json\/wp\/v2\/types\/page"}],"author":[{"embeddable":true,"href":"https:\/\/osloguide.no\/es\/wp-json\/wp\/v2\/users\/1"}],"replies":[{"embeddable":true,"href":"https:\/\/osloguide.no\/es\/wp-json\/wp\/v2\/comments?post=45"}],"version-history":[{"count":12,"href":"https:\/\/osloguide.no\/es\/wp-json\/wp\/v2\/pages\/45\/revisions"}],"predecessor-version":[{"id":2653,"href":"https:\/\/osloguide.no\/es\/wp-json\/wp\/v2\/pages\/45\/revisions\/2653"}],"up":[{"embeddable":true,"href":"https:\/\/osloguide.no\/es\/wp-json\/wp\/v2\/pages\/17"}],"wp:featuredmedia":[{"embeddable":true,"href":"https:\/\/osloguide.no\/es\/wp-json\/wp\/v2\/media\/1170"}],"wp:attachment":[{"href":"https:\/\/osloguide.no\/es\/wp-json\/wp\/v2\/media?parent=45"}],"curies":[{"name":"wp","href":"https:\/\/api.w.org\/{rel}","templated":true}]}}