{"id":43,"date":"2023-08-04T13:45:04","date_gmt":"2023-08-04T11:45:04","guid":{"rendered":"https:\/\/osloguidebyra.hornmedia.no\/?page_id=43"},"modified":"2024-04-08T15:04:59","modified_gmt":"2024-04-08T13:04:59","slug":"vales-boletos","status":"publish","type":"page","link":"https:\/\/osloguide.no\/es\/andre-tjenester\/vouchers-billetter\/","title":{"rendered":"Vales\/Boletos"},"content":{"rendered":"<div data-elementor-type=\"wp-page\" data-elementor-id=\"43\" class=\"elementor elementor-43\" data-elementor-post-type=\"page\">\n\t\t\t\t\t\t<section class=\"has_eae_slider elementor-section elementor-top-section elementor-element elementor-element-8060b29 elementor-section-boxed elementor-section-height-default elementor-section-height-default\" data-eae-slider=\"49269\" data-id=\"8060b29\" data-element_type=\"section\" data-e-type=\"section\" data-settings=\"{&quot;background_background&quot;:&quot;classic&quot;}\">\n\t\t\t\t\t\t\t<div class=\"elementor-background-overlay\"><\/div>\n\t\t\t\t\t\t\t<div class=\"elementor-container elementor-column-gap-no\">\n\t\t\t\t\t<div class=\"has_eae_slider elementor-column elementor-col-100 elementor-top-column elementor-element elementor-element-2457c32\" data-eae-slider=\"18596\" data-id=\"2457c32\" data-element_type=\"column\" data-e-type=\"column\">\n\t\t\t<div class=\"elementor-widget-wrap elementor-element-populated\">\n\t\t\t\t\t\t<section class=\"has_eae_slider elementor-section elementor-inner-section elementor-element elementor-element-f6cc9ca elementor-section-boxed elementor-section-height-default elementor-section-height-default\" data-eae-slider=\"63281\" data-id=\"f6cc9ca\" data-element_type=\"section\" data-e-type=\"section\">\n\t\t\t\t\t\t<div class=\"elementor-container elementor-column-gap-no\">\n\t\t\t\t\t<div class=\"has_eae_slider elementor-column elementor-col-100 elementor-inner-column elementor-element elementor-element-59ab471\" data-eae-slider=\"22021\" data-id=\"59ab471\" data-element_type=\"column\" data-e-type=\"column\">\n\t\t\t<div class=\"elementor-widget-wrap elementor-element-populated\">\n\t\t\t\t\t\t<div class=\"elementor-element elementor-element-62b02f9 elementor-icon-list--layout-inline elementor-widget__width-auto elementor-list-item-link-full_width elementor-widget elementor-widget-icon-list\" data-id=\"62b02f9\" data-element_type=\"widget\" data-e-type=\"widget\" data-widget_type=\"icon-list.default\">\n\t\t\t\t<div class=\"elementor-widget-container\">\n\t\t\t\t\t\t\t<ul class=\"elementor-icon-list-items elementor-inline-items\">\n\t\t\t\t\t\t\t<li class=\"elementor-icon-list-item elementor-inline-item\">\n\t\t\t\t\t\t\t\t\t\t\t<a href=\"https:\/\/osloguide.no\/es\">\n\n\t\t\t\t\t\t\t\t\t\t\t<span class=\"elementor-icon-list-text\">Inicio<\/span>\n\t\t\t\t\t\t\t\t\t\t\t<\/a>\n\t\t\t\t\t\t\t\t\t<\/li>\n\t\t\t\t\t\t\t\t<li class=\"elementor-icon-list-item elementor-inline-item\">\n\t\t\t\t\t\t\t\t\t\t\t<a href=\"\/es\/otros-servicios\/\">\n\n\t\t\t\t\t\t\t\t\t\t\t\t<span class=\"elementor-icon-list-icon\">\n\t\t\t\t\t\t\t<i aria-hidden=\"true\" class=\"fas fa-chevron-circle-right\"><\/i>\t\t\t\t\t\t<\/span>\n\t\t\t\t\t\t\t\t\t\t<span class=\"elementor-icon-list-text\">Otros servicios<\/span>\n\t\t\t\t\t\t\t\t\t\t\t<\/a>\n\t\t\t\t\t\t\t\t\t<\/li>\n\t\t\t\t\t\t\t\t<li class=\"elementor-icon-list-item elementor-inline-item\">\n\t\t\t\t\t\t\t\t\t\t\t<span class=\"elementor-icon-list-icon\">\n\t\t\t\t\t\t\t<i aria-hidden=\"true\" class=\"fas fa-chevron-circle-right\"><\/i>\t\t\t\t\t\t<\/span>\n\t\t\t\t\t\t\t\t\t\t<span class=\"elementor-icon-list-text\">Vales\/Boletos<\/span>\n\t\t\t\t\t\t\t\t\t<\/li>\n\t\t\t\t\t\t<\/ul>\n\t\t\t\t\t\t<\/div>\n\t\t\t\t<\/div>\n\t\t\t\t<div class=\"elementor-element elementor-element-60c164b elementor-widget elementor-widget-heading\" data-id=\"60c164b\" data-element_type=\"widget\" data-e-type=\"widget\" data-widget_type=\"heading.default\">\n\t\t\t\t<div class=\"elementor-widget-container\">\n\t\t\t\t\t<h2 class=\"elementor-heading-title elementor-size-default\">Vales\/Boletos<\/h2>\t\t\t\t<\/div>\n\t\t\t\t<\/div>\n\t\t\t\t\t<\/div>\n\t\t<\/div>\n\t\t\t\t\t<\/div>\n\t\t<\/section>\n\t\t\t\t\t<\/div>\n\t\t<\/div>\n\t\t\t\t\t<\/div>\n\t\t<\/section>\n\t\t\t\t<section class=\"has_eae_slider elementor-section elementor-top-section elementor-element elementor-element-f16af49 elementor-section-content-middle elementor-section-boxed elementor-section-height-default elementor-section-height-default\" data-eae-slider=\"26795\" data-id=\"f16af49\" data-element_type=\"section\" data-e-type=\"section\">\n\t\t\t\t\t\t<div class=\"elementor-container elementor-column-gap-no\">\n\t\t\t\t\t<div class=\"has_eae_slider elementor-column elementor-col-50 elementor-top-column elementor-element elementor-element-03b6708\" data-eae-slider=\"72708\" data-id=\"03b6708\" data-element_type=\"column\" data-e-type=\"column\">\n\t\t\t<div class=\"elementor-widget-wrap elementor-element-populated\">\n\t\t\t\t\t\t<div class=\"elementor-element elementor-element-805b1ae elementor-widget elementor-widget-heading\" data-id=\"805b1ae\" data-element_type=\"widget\" data-e-type=\"widget\" data-widget_type=\"heading.default\">\n\t\t\t\t<div class=\"elementor-widget-container\">\n\t\t\t\t\t<h2 class=\"elementor-heading-title elementor-size-default\">Entradas para su visita a Oslo<\/h2>\t\t\t\t<\/div>\n\t\t\t\t<\/div>\n\t\t\t\t<div class=\"elementor-element elementor-element-12114b2 elementor-widget elementor-widget-text-editor\" data-id=\"12114b2\" data-element_type=\"widget\" data-e-type=\"widget\" data-widget_type=\"text-editor.default\">\n\t\t\t\t<div class=\"elementor-widget-container\">\n\t\t\t\t\t\t\t\t\t<p>Hemos acordado precios en todos los museos de Oslo y nos complace ayudar a organizar visitas a las atracciones deseadas para nuestros hu\u00e9spedes para que esto se lleve a cabo sin problemas y de manera eficiente.<\/p>\t\t\t\t\t\t\t\t<\/div>\n\t\t\t\t<\/div>\n\t\t\t\t<div class=\"elementor-element elementor-element-3c2fcf5 elementor-widget elementor-widget-jkit_button\" data-id=\"3c2fcf5\" data-element_type=\"widget\" data-e-type=\"widget\" data-widget_type=\"jkit_button.default\">\n\t\t\t\t<div class=\"elementor-widget-container\">\n\t\t\t\t\t<div  class=\"jeg-elementor-kit jkit-button  icon-position-after jeg_module___69ee41fca190e\" ><a href=\"\/es\/kontakt\/\" class=\"jkit-button-wrapper\">Cont\u00e1ctenos<i class=\"icon-colored jki jki-right-arrow1-light\" aria-hidden=\"true\"><\/i><\/a><\/div>\t\t\t\t<\/div>\n\t\t\t\t<\/div>\n\t\t\t\t\t<\/div>\n\t\t<\/div>\n\t\t\t\t<div class=\"has_eae_slider elementor-column elementor-col-50 elementor-top-column elementor-element elementor-element-128a867\" data-eae-slider=\"50119\" data-id=\"128a867\" data-element_type=\"column\" data-e-type=\"column\">\n\t\t\t<div class=\"elementor-widget-wrap elementor-element-populated\">\n\t\t\t\t\t\t<div class=\"elementor-element elementor-element-53f190f elementor-widget elementor-widget-image\" data-id=\"53f190f\" data-element_type=\"widget\" data-e-type=\"widget\" data-widget_type=\"image.default\">\n\t\t\t\t<div class=\"elementor-widget-container\">\n\t\t\t\t\t\t\t\t\t\t\t\t\t\t\t<img fetchpriority=\"high\" decoding=\"async\" width=\"800\" height=\"450\" src=\"https:\/\/osloguide.no\/wp-content\/uploads\/2023\/08\/5e1cc688baebff6f7bb89bdd_-J3A1651-6771610-Foto_Didrick_Stenersen-1024x576.jpg\" class=\"attachment-large size-large wp-image-231\" alt=\"\" srcset=\"https:\/\/osloguide.no\/wp-content\/uploads\/2023\/08\/5e1cc688baebff6f7bb89bdd_-J3A1651-6771610-Foto_Didrick_Stenersen-1024x576.jpg 1024w, https:\/\/osloguide.no\/wp-content\/uploads\/2023\/08\/5e1cc688baebff6f7bb89bdd_-J3A1651-6771610-Foto_Didrick_Stenersen-300x169.jpg 300w, https:\/\/osloguide.no\/wp-content\/uploads\/2023\/08\/5e1cc688baebff6f7bb89bdd_-J3A1651-6771610-Foto_Didrick_Stenersen-768x432.jpg 768w, https:\/\/osloguide.no\/wp-content\/uploads\/2023\/08\/5e1cc688baebff6f7bb89bdd_-J3A1651-6771610-Foto_Didrick_Stenersen-1536x864.jpg 1536w, https:\/\/osloguide.no\/wp-content\/uploads\/2023\/08\/5e1cc688baebff6f7bb89bdd_-J3A1651-6771610-Foto_Didrick_Stenersen-18x10.jpg 18w, https:\/\/osloguide.no\/wp-content\/uploads\/2023\/08\/5e1cc688baebff6f7bb89bdd_-J3A1651-6771610-Foto_Didrick_Stenersen.jpg 1920w\" sizes=\"(max-width: 800px) 100vw, 800px\" \/>\t\t\t\t\t\t\t\t\t\t\t\t\t\t\t<\/div>\n\t\t\t\t<\/div>\n\t\t\t\t\t<\/div>\n\t\t<\/div>\n\t\t\t\t\t<\/div>\n\t\t<\/section>\n\t\t\t\t<\/div>","protected":false},"excerpt":{"rendered":"<p>Hjem Andre tjenester Vouchers\/Billetter\u200b Vouchers\/Billetter\u200b Billetter for ditt Oslo bes\u00f8k Vi har avtalepriser p\u00e5 alle museer i Oslo og hjelper gjerne med \u00e5 tilrettelegge bes\u00f8k p\u00e5 \u00f8nskede attraksjoner for v\u00e5re gjester slik at dette foreg\u00e5r smidig og effektivt. Kontakt oss<\/p>","protected":false},"author":1,"featured_media":1170,"parent":17,"menu_order":0,"comment_status":"closed","ping_status":"closed","template":"elementor_header_footer","meta":{"footnotes":""},"class_list":["post-43","page","type-page","status-publish","has-post-thumbnail","hentry"],"yoast_head":"<!-- This site is optimized with the Yoast SEO plugin v27.4 - https:\/\/yoast.com\/product\/yoast-seo-wordpress\/ -->\n<title>Vouchers\/Billetter | Oslo Guidebureau<\/title>\n<meta name=\"description\" content=\"Vi har avtalepriser p\u00e5 alle museer i Oslo og hjelper gjerne med \u00e5 tilrettelegge bes\u00f8k p\u00e5 \u00f8nskede attraksjoner.\" \/>\n<meta name=\"robots\" content=\"index, follow, max-snippet:-1, max-image-preview:large, max-video-preview:-1\" \/>\n<link rel=\"canonical\" href=\"https:\/\/osloguide.no\/es\/otros-servicios\/vales-boletos\/\" \/>\n<meta property=\"og:locale\" content=\"es_ES\" \/>\n<meta property=\"og:type\" content=\"article\" \/>\n<meta property=\"og:title\" content=\"Vouchers\/Billetter | Oslo Guidebureau\" \/>\n<meta property=\"og:description\" content=\"Vi har avtalepriser p\u00e5 alle museer i Oslo og hjelper gjerne med \u00e5 tilrettelegge bes\u00f8k p\u00e5 \u00f8nskede attraksjoner.\" \/>\n<meta property=\"og:url\" content=\"https:\/\/osloguide.no\/es\/otros-servicios\/vales-boletos\/\" \/>\n<meta property=\"og:site_name\" content=\"Oslo Guidebureau\" \/>\n<meta property=\"article:publisher\" content=\"https:\/\/www.facebook.com\/osloguide\" \/>\n<meta property=\"article:modified_time\" content=\"2024-04-08T13:04:59+00:00\" \/>\n<meta property=\"og:image\" content=\"https:\/\/osloguide.no\/wp-content\/uploads\/2024\/04\/opengraph_osloguide.png\" \/>\n\t<meta property=\"og:image:width\" content=\"1200\" \/>\n\t<meta property=\"og:image:height\" content=\"630\" \/>\n\t<meta property=\"og:image:type\" content=\"image\/png\" \/>\n<meta name=\"twitter:card\" content=\"summary_large_image\" \/>\n<meta name=\"twitter:label1\" content=\"Tiempo de lectura\" \/>\n\t<meta name=\"twitter:data1\" content=\"1 minuto\" \/>\n<script type=\"application\/ld+json\" class=\"yoast-schema-graph\">{\"@context\":\"https:\\\/\\\/schema.org\",\"@graph\":[{\"@type\":\"WebPage\",\"@id\":\"https:\\\/\\\/osloguide.no\\\/andre-tjenester\\\/vouchers-billetter\\\/\",\"url\":\"https:\\\/\\\/osloguide.no\\\/andre-tjenester\\\/vouchers-billetter\\\/\",\"name\":\"Vouchers\\\/Billetter | Oslo Guidebureau\",\"isPartOf\":{\"@id\":\"https:\\\/\\\/osloguide.no\\\/#website\"},\"primaryImageOfPage\":{\"@id\":\"https:\\\/\\\/osloguide.no\\\/andre-tjenester\\\/vouchers-billetter\\\/#primaryimage\"},\"image\":{\"@id\":\"https:\\\/\\\/osloguide.no\\\/andre-tjenester\\\/vouchers-billetter\\\/#primaryimage\"},\"thumbnailUrl\":\"https:\\\/\\\/osloguide.no\\\/wp-content\\\/uploads\\\/2024\\\/04\\\/opengraph_osloguide.png\",\"datePublished\":\"2023-08-04T11:45:04+00:00\",\"dateModified\":\"2024-04-08T13:04:59+00:00\",\"description\":\"Vi har avtalepriser p\u00e5 alle museer i Oslo og hjelper gjerne med \u00e5 tilrettelegge bes\u00f8k p\u00e5 \u00f8nskede attraksjoner.\",\"breadcrumb\":{\"@id\":\"https:\\\/\\\/osloguide.no\\\/andre-tjenester\\\/vouchers-billetter\\\/#breadcrumb\"},\"inLanguage\":\"es\",\"potentialAction\":[{\"@type\":\"ReadAction\",\"target\":[\"https:\\\/\\\/osloguide.no\\\/andre-tjenester\\\/vouchers-billetter\\\/\"]}]},{\"@type\":\"ImageObject\",\"inLanguage\":\"es\",\"@id\":\"https:\\\/\\\/osloguide.no\\\/andre-tjenester\\\/vouchers-billetter\\\/#primaryimage\",\"url\":\"https:\\\/\\\/osloguide.no\\\/wp-content\\\/uploads\\\/2024\\\/04\\\/opengraph_osloguide.png\",\"contentUrl\":\"https:\\\/\\\/osloguide.no\\\/wp-content\\\/uploads\\\/2024\\\/04\\\/opengraph_osloguide.png\",\"width\":1200,\"height\":630},{\"@type\":\"BreadcrumbList\",\"@id\":\"https:\\\/\\\/osloguide.no\\\/andre-tjenester\\\/vouchers-billetter\\\/#breadcrumb\",\"itemListElement\":[{\"@type\":\"ListItem\",\"position\":1,\"name\":\"Hjem\",\"item\":\"https:\\\/\\\/osloguide.no\\\/\"},{\"@type\":\"ListItem\",\"position\":2,\"name\":\"Andre tjenester\",\"item\":\"https:\\\/\\\/osloguide.no\\\/andre-tjenester\\\/\"},{\"@type\":\"ListItem\",\"position\":3,\"name\":\"Vouchers\\\/Billetter\"}]},{\"@type\":\"WebSite\",\"@id\":\"https:\\\/\\\/osloguide.no\\\/#website\",\"url\":\"https:\\\/\\\/osloguide.no\\\/\",\"name\":\"Oslo Guidebureau\",\"description\":\"Over 25 \u00e5rs erfaring med guiding i Oslo\",\"potentialAction\":[{\"@type\":\"SearchAction\",\"target\":{\"@type\":\"EntryPoint\",\"urlTemplate\":\"https:\\\/\\\/osloguide.no\\\/?s={search_term_string}\"},\"query-input\":{\"@type\":\"PropertyValueSpecification\",\"valueRequired\":true,\"valueName\":\"search_term_string\"}}],\"inLanguage\":\"es\"}]}<\/script>\n<!-- \/ Yoast SEO plugin. -->","yoast_head_json":{"title":"Vouchers\/Billetter | Oslo Guidebureau","description":"Vi har avtalepriser p\u00e5 alle museer i Oslo og hjelper gjerne med \u00e5 tilrettelegge bes\u00f8k p\u00e5 \u00f8nskede attraksjoner.","robots":{"index":"index","follow":"follow","max-snippet":"max-snippet:-1","max-image-preview":"max-image-preview:large","max-video-preview":"max-video-preview:-1"},"canonical":"https:\/\/osloguide.no\/es\/otros-servicios\/vales-boletos\/","og_locale":"es_ES","og_type":"article","og_title":"Vouchers\/Billetter | Oslo Guidebureau","og_description":"Vi har avtalepriser p\u00e5 alle museer i Oslo og hjelper gjerne med \u00e5 tilrettelegge bes\u00f8k p\u00e5 \u00f8nskede attraksjoner.","og_url":"https:\/\/osloguide.no\/es\/otros-servicios\/vales-boletos\/","og_site_name":"Oslo Guidebureau","article_publisher":"https:\/\/www.facebook.com\/osloguide","article_modified_time":"2024-04-08T13:04:59+00:00","og_image":[{"width":1200,"height":630,"url":"https:\/\/osloguide.no\/wp-content\/uploads\/2024\/04\/opengraph_osloguide.png","type":"image\/png"}],"twitter_card":"summary_large_image","twitter_misc":{"Tiempo de lectura":"1 minuto"},"schema":{"@context":"https:\/\/schema.org","@graph":[{"@type":"WebPage","@id":"https:\/\/osloguide.no\/andre-tjenester\/vouchers-billetter\/","url":"https:\/\/osloguide.no\/andre-tjenester\/vouchers-billetter\/","name":"Vouchers\/Billetter | Oslo Guidebureau","isPartOf":{"@id":"https:\/\/osloguide.no\/#website"},"primaryImageOfPage":{"@id":"https:\/\/osloguide.no\/andre-tjenester\/vouchers-billetter\/#primaryimage"},"image":{"@id":"https:\/\/osloguide.no\/andre-tjenester\/vouchers-billetter\/#primaryimage"},"thumbnailUrl":"https:\/\/osloguide.no\/wp-content\/uploads\/2024\/04\/opengraph_osloguide.png","datePublished":"2023-08-04T11:45:04+00:00","dateModified":"2024-04-08T13:04:59+00:00","description":"Vi har avtalepriser p\u00e5 alle museer i Oslo og hjelper gjerne med \u00e5 tilrettelegge bes\u00f8k p\u00e5 \u00f8nskede attraksjoner.","breadcrumb":{"@id":"https:\/\/osloguide.no\/andre-tjenester\/vouchers-billetter\/#breadcrumb"},"inLanguage":"es","potentialAction":[{"@type":"ReadAction","target":["https:\/\/osloguide.no\/andre-tjenester\/vouchers-billetter\/"]}]},{"@type":"ImageObject","inLanguage":"es","@id":"https:\/\/osloguide.no\/andre-tjenester\/vouchers-billetter\/#primaryimage","url":"https:\/\/osloguide.no\/wp-content\/uploads\/2024\/04\/opengraph_osloguide.png","contentUrl":"https:\/\/osloguide.no\/wp-content\/uploads\/2024\/04\/opengraph_osloguide.png","width":1200,"height":630},{"@type":"BreadcrumbList","@id":"https:\/\/osloguide.no\/andre-tjenester\/vouchers-billetter\/#breadcrumb","itemListElement":[{"@type":"ListItem","position":1,"name":"Hjem","item":"https:\/\/osloguide.no\/"},{"@type":"ListItem","position":2,"name":"Andre tjenester","item":"https:\/\/osloguide.no\/andre-tjenester\/"},{"@type":"ListItem","position":3,"name":"Vouchers\/Billetter"}]},{"@type":"WebSite","@id":"https:\/\/osloguide.no\/#website","url":"https:\/\/osloguide.no\/","name":"Oslo Guidebureau","description":"Over 25 \u00e5rs erfaring med guiding i Oslo","potentialAction":[{"@type":"SearchAction","target":{"@type":"EntryPoint","urlTemplate":"https:\/\/osloguide.no\/?s={search_term_string}"},"query-input":{"@type":"PropertyValueSpecification","valueRequired":true,"valueName":"search_term_string"}}],"inLanguage":"es"}]}},"_links":{"self":[{"href":"https:\/\/osloguide.no\/es\/wp-json\/wp\/v2\/pages\/43","targetHints":{"allow":["GET"]}}],"collection":[{"href":"https:\/\/osloguide.no\/es\/wp-json\/wp\/v2\/pages"}],"about":[{"href":"https:\/\/osloguide.no\/es\/wp-json\/wp\/v2\/types\/page"}],"author":[{"embeddable":true,"href":"https:\/\/osloguide.no\/es\/wp-json\/wp\/v2\/users\/1"}],"replies":[{"embeddable":true,"href":"https:\/\/osloguide.no\/es\/wp-json\/wp\/v2\/comments?post=43"}],"version-history":[{"count":5,"href":"https:\/\/osloguide.no\/es\/wp-json\/wp\/v2\/pages\/43\/revisions"}],"predecessor-version":[{"id":1139,"href":"https:\/\/osloguide.no\/es\/wp-json\/wp\/v2\/pages\/43\/revisions\/1139"}],"up":[{"embeddable":true,"href":"https:\/\/osloguide.no\/es\/wp-json\/wp\/v2\/pages\/17"}],"wp:featuredmedia":[{"embeddable":true,"href":"https:\/\/osloguide.no\/es\/wp-json\/wp\/v2\/media\/1170"}],"wp:attachment":[{"href":"https:\/\/osloguide.no\/es\/wp-json\/wp\/v2\/media?parent=43"}],"curies":[{"name":"wp","href":"https:\/\/api.w.org\/{rel}","templated":true}]}}