{"id":24,"date":"2023-08-04T13:41:04","date_gmt":"2023-08-04T11:41:04","guid":{"rendered":"https:\/\/osloguidebyra.hornmedia.no\/?page_id=24"},"modified":"2026-01-06T13:01:03","modified_gmt":"2026-01-06T12:01:03","slug":"faq","status":"publish","type":"page","link":"https:\/\/osloguide.no\/es\/faq\/","title":{"rendered":"Preguntas frecuentes"},"content":{"rendered":"<div data-elementor-type=\"wp-page\" data-elementor-id=\"24\" class=\"elementor elementor-24\" data-elementor-post-type=\"page\">\n\t\t\t\t\t\t<section class=\"has_eae_slider elementor-section elementor-top-section elementor-element elementor-element-bbd9941 elementor-section-boxed elementor-section-height-default elementor-section-height-default\" data-eae-slider=\"84044\" data-id=\"bbd9941\" data-element_type=\"section\" data-e-type=\"section\" data-settings=\"{&quot;background_background&quot;:&quot;classic&quot;}\">\n\t\t\t\t\t\t<div class=\"elementor-container elementor-column-gap-no\">\n\t\t\t\t\t<div class=\"has_eae_slider elementor-column elementor-col-100 elementor-top-column elementor-element elementor-element-b225706\" data-eae-slider=\"28729\" data-id=\"b225706\" data-element_type=\"column\" data-e-type=\"column\">\n\t\t\t<div class=\"elementor-widget-wrap elementor-element-populated\">\n\t\t\t\t\t\t<section class=\"has_eae_slider elementor-section elementor-inner-section elementor-element elementor-element-092b529 elementor-section-content-middle elementor-section-boxed elementor-section-height-default elementor-section-height-default\" data-eae-slider=\"49488\" data-id=\"092b529\" data-element_type=\"section\" data-e-type=\"section\">\n\t\t\t\t\t\t<div class=\"elementor-container elementor-column-gap-no\">\n\t\t\t\t\t<div class=\"has_eae_slider elementor-column elementor-col-100 elementor-inner-column elementor-element elementor-element-cd55ab4\" data-eae-slider=\"91107\" data-id=\"cd55ab4\" data-element_type=\"column\" data-e-type=\"column\">\n\t\t\t<div class=\"elementor-widget-wrap elementor-element-populated\">\n\t\t\t\t\t\t<div class=\"elementor-element elementor-element-d027ec1 elementor-icon-list--layout-inline elementor-widget__width-auto elementor-list-item-link-full_width elementor-widget elementor-widget-icon-list\" data-id=\"d027ec1\" data-element_type=\"widget\" data-e-type=\"widget\" data-widget_type=\"icon-list.default\">\n\t\t\t\t<div class=\"elementor-widget-container\">\n\t\t\t\t\t\t\t<ul class=\"elementor-icon-list-items elementor-inline-items\">\n\t\t\t\t\t\t\t<li class=\"elementor-icon-list-item elementor-inline-item\">\n\t\t\t\t\t\t\t\t\t\t\t<a href=\"https:\/\/osloguide.no\/es\">\n\n\t\t\t\t\t\t\t\t\t\t\t<span class=\"elementor-icon-list-text\">Inicio<\/span>\n\t\t\t\t\t\t\t\t\t\t\t<\/a>\n\t\t\t\t\t\t\t\t\t<\/li>\n\t\t\t\t\t\t\t\t<li class=\"elementor-icon-list-item elementor-inline-item\">\n\t\t\t\t\t\t\t\t\t\t\t<span class=\"elementor-icon-list-icon\">\n\t\t\t\t\t\t\t<i aria-hidden=\"true\" class=\"fas fa-chevron-circle-right\"><\/i>\t\t\t\t\t\t<\/span>\n\t\t\t\t\t\t\t\t\t\t<span class=\"elementor-icon-list-text\">Preguntas frecuentes<\/span>\n\t\t\t\t\t\t\t\t\t<\/li>\n\t\t\t\t\t\t<\/ul>\n\t\t\t\t\t\t<\/div>\n\t\t\t\t<\/div>\n\t\t\t\t<div class=\"elementor-element elementor-element-dfeb7c3 elementor-widget elementor-widget-heading\" data-id=\"dfeb7c3\" data-element_type=\"widget\" data-e-type=\"widget\" data-widget_type=\"heading.default\">\n\t\t\t\t<div class=\"elementor-widget-container\">\n\t\t\t\t\t<h2 class=\"elementor-heading-title elementor-size-default\">Preguntas frecuentes<\/h2>\t\t\t\t<\/div>\n\t\t\t\t<\/div>\n\t\t\t\t<div class=\"elementor-element elementor-element-f327b1c elementor-widget elementor-widget-text-editor\" data-id=\"f327b1c\" data-element_type=\"widget\" data-e-type=\"widget\" data-widget_type=\"text-editor.default\">\n\t\t\t\t<div class=\"elementor-widget-container\">\n\t\t\t\t\t\t\t\t\t<p>Hemos recopilado algunas de las preguntas m\u00e1s frecuentes de nuestros clientes.<\/p>\t\t\t\t\t\t\t\t<\/div>\n\t\t\t\t<\/div>\n\t\t\t\t\t<\/div>\n\t\t<\/div>\n\t\t\t\t\t<\/div>\n\t\t<\/section>\n\t\t\t\t<section class=\"has_eae_slider elementor-section elementor-inner-section elementor-element elementor-element-9ac5a67 elementor-section-boxed elementor-section-height-default elementor-section-height-default\" data-eae-slider=\"44706\" data-id=\"9ac5a67\" data-element_type=\"section\" data-e-type=\"section\">\n\t\t\t\t\t\t<div class=\"elementor-container elementor-column-gap-no\">\n\t\t\t\t\t<div class=\"has_eae_slider elementor-column elementor-col-50 elementor-inner-column elementor-element elementor-element-fe1d33e\" data-eae-slider=\"15184\" data-id=\"fe1d33e\" data-element_type=\"column\" data-e-type=\"column\">\n\t\t\t<div class=\"elementor-widget-wrap elementor-element-populated\">\n\t\t\t\t\t\t<div class=\"elementor-element elementor-element-bdca1bb elementor-widget elementor-widget-jkit_accordion\" data-id=\"bdca1bb\" data-element_type=\"widget\" data-e-type=\"widget\" data-widget_type=\"jkit_accordion.default\">\n\t\t\t\t<div class=\"elementor-widget-container\">\n\t\t\t\t\t<div  class=\"jeg-elementor-kit jkit-accordion style-default jeg_module___69f8dcd45ecfb\" ><div class=\"card-wrapper\">\n                <div class=\"card-header\">\n                    <a href=\"#expand-5feba67\" class=\"card-header-button\" aria-expanded=\"false\" data-target=\"#expand-5feba67\" aria-controls=\"expand-5feba67\">\n                        <span class=\"title\">1. \u00bfCu\u00e1nto vale?<\/span><div class=\"right-icon-group\">\n                <div class=\"normal-icon\"><i aria-hidden=\"true\" class=\"fas fa-chevron-down\"><\/i><\/div>\n                <div class=\"active-icon\"><i aria-hidden=\"true\" class=\"fas fa-chevron-up\"><\/i><\/div>\n            <\/div>\n                    <\/a>\n                <\/div>\n                <div class=\"card-expand\" id=\"expand-5feba67\" style=\"display:none\"><div class=\"card-body\"><p>En 2026, el precio de un recorrido tur\u00edstico est\u00e1ndar de 3 horas para hasta 20 personas es de 3.490 NOK. Cada hora adicional cuesta 790 NOK.<\/p><p>En d\u00edas festivos y durante el horario de trabajo entre las 06:00-08:00 y las 20:00-23:00, se aplica un recargo del 50%. Despu\u00e9s de las 23:00 hasta las 06:00, se aplica un recargo del 100%.<\/p><p>Si se requiere transporte o entrada a museos, esto tendr\u00e1 un costo adicional.<\/p><\/div><\/div>\n            <\/div><div class=\"card-wrapper\">\n                <div class=\"card-header\">\n                    <a href=\"#expand-2c45923\" class=\"card-header-button\" aria-expanded=\"false\" data-target=\"#expand-2c45923\" aria-controls=\"expand-2c45923\">\n                        <span class=\"title\">2. \u00bfQu\u00e9 incluye una t\u00edpica vista de la ciudad?<\/span><div class=\"right-icon-group\">\n                <div class=\"normal-icon\"><i aria-hidden=\"true\" class=\"fas fa-chevron-down\"><\/i><\/div>\n                <div class=\"active-icon\"><i aria-hidden=\"true\" class=\"fas fa-chevron-up\"><\/i><\/div>\n            <\/div>\n                    <\/a>\n                <\/div>\n                <div class=\"card-expand\" id=\"expand-2c45923\" style=\"display:none\"><div class=\"card-body\"><p>Un recorrido est\u00e1ndar de 3 horas en autob\u00fas generalmente incluye un recorrido corto por el centro de la ciudad, una visita al Parque Vigeland y una parada para fotos en Holmenkollen. Gran parte del centro de Oslo ahora es una zona peatonal y no se puede ver desde el autob\u00fas. El recorrido puede, por supuesto, personalizarse completamente seg\u00fan sus preferencias, como reemplazar Holmenkollen con uno de los museos de Bygd\u00f8y, o \u00bfqu\u00e9 tal una visita a nuestro magn\u00edfico Ayuntamiento? Calcule aproximadamente 1 hora por atracci\u00f3n.<\/p><\/div><\/div>\n            <\/div><div class=\"card-wrapper\">\n                <div class=\"card-header\">\n                    <a href=\"#expand-b8f5df9\" class=\"card-header-button\" aria-expanded=\"false\" data-target=\"#expand-b8f5df9\" aria-controls=\"expand-b8f5df9\">\n                        <span class=\"title\">3. \u00bfC\u00f3mo reservar una visita guiada?<\/span><div class=\"right-icon-group\">\n                <div class=\"normal-icon\"><i aria-hidden=\"true\" class=\"fas fa-chevron-down\"><\/i><\/div>\n                <div class=\"active-icon\"><i aria-hidden=\"true\" class=\"fas fa-chevron-up\"><\/i><\/div>\n            <\/div>\n                    <\/a>\n                <\/div>\n                <div class=\"card-expand\" id=\"expand-b8f5df9\" style=\"display:none\"><div class=\"card-body\"><p class=\"translation-block\">Cont\u00e1ctenos en info@osloguide.no o por tel\u00e9fono al +47 22 42 28 18, y estaremos encantados de ayudarle con la planificaci\u00f3n y reserva de un gu\u00eda. O utilice nuestro <a href=\"https:\/\/osloguide.no\/es\/contactenos\/\" target=\"_self\">formulario de contacto<\/a>.<\/p><\/div><\/div>\n            <\/div><div class=\"card-wrapper\">\n                <div class=\"card-header\">\n                    <a href=\"#expand-6948e18\" class=\"card-header-button\" aria-expanded=\"false\" data-target=\"#expand-6948e18\" aria-controls=\"expand-6948e18\">\n                        <span class=\"title\">4. \u00bfCu\u00e1ntas gu\u00edas tienes?<\/span><div class=\"right-icon-group\">\n                <div class=\"normal-icon\"><i aria-hidden=\"true\" class=\"fas fa-chevron-down\"><\/i><\/div>\n                <div class=\"active-icon\"><i aria-hidden=\"true\" class=\"fas fa-chevron-up\"><\/i><\/div>\n            <\/div>\n                    <\/a>\n                <\/div>\n                <div class=\"card-expand\" id=\"expand-6948e18\" style=\"display:none\"><div class=\"card-body\"><p>Contamos con m\u00e1s de 250 gu\u00edas autorizados en Oslo, as\u00ed como un buen contacto con gu\u00edas expertos en Bergen, Stavanger, Estocolmo y Copenhague<\/p><\/div><\/div>\n            <\/div><div class=\"card-wrapper\">\n                <div class=\"card-header\">\n                    <a href=\"#expand-45211be\" class=\"card-header-button\" aria-expanded=\"false\" data-target=\"#expand-45211be\" aria-controls=\"expand-45211be\">\n                        <span class=\"title\">5. \u00bfC\u00f3mo pago?<\/span><div class=\"right-icon-group\">\n                <div class=\"normal-icon\"><i aria-hidden=\"true\" class=\"fas fa-chevron-down\"><\/i><\/div>\n                <div class=\"active-icon\"><i aria-hidden=\"true\" class=\"fas fa-chevron-up\"><\/i><\/div>\n            <\/div>\n                    <\/a>\n                <\/div>\n                <div class=\"card-expand\" id=\"expand-45211be\" style=\"display:none\"><div class=\"card-body\"><p>Hay m\u00e1s oportunidades. Estaremos encantados de enviar una factura o un enlace para el pago con tarjeta de cr\u00e9dito. Para nuestros recorridos fijos como City Walks, puede comprar un boleto en l\u00ednea o con VIPPS.<\/p><\/div><\/div>\n            <\/div><\/div>\t\t\t\t<\/div>\n\t\t\t\t<\/div>\n\t\t\t\t\t<\/div>\n\t\t<\/div>\n\t\t\t\t<div class=\"has_eae_slider elementor-column elementor-col-50 elementor-inner-column elementor-element elementor-element-9a2f41b\" data-eae-slider=\"93098\" data-id=\"9a2f41b\" data-element_type=\"column\" data-e-type=\"column\">\n\t\t\t<div class=\"elementor-widget-wrap elementor-element-populated\">\n\t\t\t\t\t\t<div class=\"elementor-element elementor-element-438ee0c elementor-widget elementor-widget-jkit_accordion\" data-id=\"438ee0c\" data-element_type=\"widget\" data-e-type=\"widget\" data-widget_type=\"jkit_accordion.default\">\n\t\t\t\t<div class=\"elementor-widget-container\">\n\t\t\t\t\t<div  class=\"jeg-elementor-kit jkit-accordion style-default jeg_module__1_69f8dcd460338\" ><div class=\"card-wrapper\">\n                <div class=\"card-header\">\n                    <a href=\"#expand-5feba67\" class=\"card-header-button\" aria-expanded=\"false\" data-target=\"#expand-5feba67\" aria-controls=\"expand-5feba67\">\n                        <span class=\"title\">6. \u00bfSe puede organizar el transporte?<\/span><div class=\"right-icon-group\">\n                <div class=\"normal-icon\"><i aria-hidden=\"true\" class=\"fas fa-chevron-down\"><\/i><\/div>\n                <div class=\"active-icon\"><i aria-hidden=\"true\" class=\"fas fa-chevron-up\"><\/i><\/div>\n            <\/div>\n                    <\/a>\n                <\/div>\n                <div class=\"card-expand\" id=\"expand-5feba67\" style=\"display:none\"><div class=\"card-body\"><p>\u00a1Pues s\u00ed! Estaremos encantados de ayudarte con todos los detalles para asegurar la mejor experiencia posible de Oslo: contamos con excelentes empresas colaboradores en Oslo y alrededores, y podemos reservar coches, microbuses y autocares, barcos, transporte p\u00fablico y hasta kayaks y helic\u00f3pteros. Tambi\u00e9n ofrecemos la tarjeta Oslo Pass.<\/p><\/div><\/div>\n            <\/div><div class=\"card-wrapper\">\n                <div class=\"card-header\">\n                    <a href=\"#expand-2c45923\" class=\"card-header-button\" aria-expanded=\"false\" data-target=\"#expand-2c45923\" aria-controls=\"expand-2c45923\">\n                        <span class=\"title\">7. \u00bfPueden gestionarnos las entradas a los museos?<\/span><div class=\"right-icon-group\">\n                <div class=\"normal-icon\"><i aria-hidden=\"true\" class=\"fas fa-chevron-down\"><\/i><\/div>\n                <div class=\"active-icon\"><i aria-hidden=\"true\" class=\"fas fa-chevron-up\"><\/i><\/div>\n            <\/div>\n                    <\/a>\n                <\/div>\n                <div class=\"card-expand\" id=\"expand-2c45923\" style=\"display:none\"><div class=\"card-body\"><p>\u00a1S\u00ed! Tenemos acuerdos con la mayor\u00eda de los atracciones de Oslo, y nuestros gu\u00edas ayudan en evitar las colas.<\/p><\/div><\/div>\n            <\/div><div class=\"card-wrapper\">\n                <div class=\"card-header\">\n                    <a href=\"#expand-b8f5df9\" class=\"card-header-button\" aria-expanded=\"false\" data-target=\"#expand-b8f5df9\" aria-controls=\"expand-b8f5df9\">\n                        <span class=\"title\">8. \u00bfEn cu\u00e1ntos idiomas se puede obtener una gu\u00eda?<\/span><div class=\"right-icon-group\">\n                <div class=\"normal-icon\"><i aria-hidden=\"true\" class=\"fas fa-chevron-down\"><\/i><\/div>\n                <div class=\"active-icon\"><i aria-hidden=\"true\" class=\"fas fa-chevron-up\"><\/i><\/div>\n            <\/div>\n                    <\/a>\n                <\/div>\n                <div class=\"card-expand\" id=\"expand-b8f5df9\" style=\"display:none\"><div class=\"card-body\"><p>Oslo Guidebureau cuenta con m\u00e1s de 250 gu\u00edas. En conjunto, cubren m\u00e1s de 25 idiomas \u2013 entre ellos castellano y catal\u00e1n, adem\u00e1s de portugu\u00e9s, noruego, dan\u00e9s, sueco, finland\u00e9s, ingl\u00e9s, alem\u00e1n, franc\u00e9s, italiano, neerland\u00e9s, \u00e1rabe, gal\u00e9s, polaco, ruso, japon\u00e9s, chino mandar\u00edn y canton\u00e9s, griego...<\/p><\/div><\/div>\n            <\/div><div class=\"card-wrapper\">\n                <div class=\"card-header\">\n                    <a href=\"#expand-96b2bf3\" class=\"card-header-button\" aria-expanded=\"false\" data-target=\"#expand-96b2bf3\" aria-controls=\"expand-96b2bf3\">\n                        <span class=\"title\">9. \u00bfTiene condiciones clim\u00e1ticas en los recorridos a pie reservados?<\/span><div class=\"right-icon-group\">\n                <div class=\"normal-icon\"><i aria-hidden=\"true\" class=\"fas fa-chevron-down\"><\/i><\/div>\n                <div class=\"active-icon\"><i aria-hidden=\"true\" class=\"fas fa-chevron-up\"><\/i><\/div>\n            <\/div>\n                    <\/a>\n                <\/div>\n                <div class=\"card-expand\" id=\"expand-96b2bf3\" style=\"display:none\"><div class=\"card-body\"><p>Desafortunadamente, no tenemos una reserva meteorol\u00f3gica. Consulte los plazos de cancelaci\u00f3n a continuaci\u00f3n. Pero podemos ser \u00fatiles para cambiar el programa si llueve mucho y ha reservado una caminata. O bien, p\u00f3ngase ropa de lluvia y sorpr\u00e9ndase de lo hermoso que es Oslo incluso con mal tiempo.<\/p><\/div><\/div>\n            <\/div><div class=\"card-wrapper\">\n                <div class=\"card-header\">\n                    <a href=\"#expand-b434e09\" class=\"card-header-button\" aria-expanded=\"false\" data-target=\"#expand-b434e09\" aria-controls=\"expand-b434e09\">\n                        <span class=\"title\">10. \u00bfCu\u00e1l es el plazo de cancelaci\u00f3n?<\/span><div class=\"right-icon-group\">\n                <div class=\"normal-icon\"><i aria-hidden=\"true\" class=\"fas fa-chevron-down\"><\/i><\/div>\n                <div class=\"active-icon\"><i aria-hidden=\"true\" class=\"fas fa-chevron-up\"><\/i><\/div>\n            <\/div>\n                    <\/a>\n                <\/div>\n                <div class=\"card-expand\" id=\"expand-b434e09\" style=\"display:none\"><div class=\"card-body\"><p>Si se cancela 72 horas antes del inicio de la asignaci\u00f3n, se paga el 50% del costo del viaje. Si se cancela 48 horas antes de la salida del tour, se debe pagar el 100 %.<\/p><\/div><\/div>\n            <\/div><\/div>\t\t\t\t<\/div>\n\t\t\t\t<\/div>\n\t\t\t\t\t<\/div>\n\t\t<\/div>\n\t\t\t\t\t<\/div>\n\t\t<\/section>\n\t\t\t\t<section class=\"has_eae_slider elementor-section elementor-inner-section elementor-element elementor-element-f5361e5 elementor-section-boxed elementor-section-height-default elementor-section-height-default\" data-eae-slider=\"47902\" data-id=\"f5361e5\" data-element_type=\"section\" data-e-type=\"section\" data-settings=\"{&quot;background_background&quot;:&quot;video&quot;,&quot;background_video_link&quot;:&quot;https:\\\/\\\/www.youtube.com\\\/watch?v=IYSysBNVeiU&amp;list=TLGGNTL_Vh_gQAMwNDA4MjAyMw&quot;,&quot;background_video_start&quot;:0,&quot;background_video_end&quot;:164,&quot;background_play_on_mobile&quot;:&quot;yes&quot;}\">\n\t\t\t\t\t\t\t\t<div class=\"elementor-background-video-container\">\n\t\t\t\t\t\t\t\t\t\t\t\t\t<div class=\"elementor-background-video-embed\" role=\"presentation\"><\/div>\n\t\t\t\t\t\t\t\t\t\t\t\t<\/div>\n\t\t\t\t\t\t\t\t\t<div class=\"elementor-background-overlay\"><\/div>\n\t\t\t\t\t\t\t<div class=\"elementor-container elementor-column-gap-no\">\n\t\t\t\t\t<div class=\"has_eae_slider elementor-column elementor-col-100 elementor-inner-column elementor-element elementor-element-c838a0f\" data-eae-slider=\"36099\" data-id=\"c838a0f\" data-element_type=\"column\" data-e-type=\"column\">\n\t\t\t<div class=\"elementor-widget-wrap elementor-element-populated\">\n\t\t\t\t\t\t<div class=\"elementor-element elementor-element-63a2a6b elementor-widget elementor-widget-spacer\" data-id=\"63a2a6b\" data-element_type=\"widget\" data-e-type=\"widget\" data-widget_type=\"spacer.default\">\n\t\t\t\t<div class=\"elementor-widget-container\">\n\t\t\t\t\t\t\t<div class=\"elementor-spacer\">\n\t\t\t<div class=\"elementor-spacer-inner\"><\/div>\n\t\t<\/div>\n\t\t\t\t\t\t<\/div>\n\t\t\t\t<\/div>\n\t\t\t\t\t<\/div>\n\t\t<\/div>\n\t\t\t\t\t<\/div>\n\t\t<\/section>\n\t\t\t\t\t<\/div>\n\t\t<\/div>\n\t\t\t\t\t<\/div>\n\t\t<\/section>\n\t\t\t\t<\/div>","protected":false},"excerpt":{"rendered":"<p>Hjem FAQ Ofte stilte sp\u00f8rsm\u00e5l Vi har samler noen av de mest spurte sp\u00f8rsm\u00e5lene fra v\u00e5re kunder. 1. Hva koster en guide? I 2026 er prisen p\u00e5 en vanlig 3 timers sightseeing med inntil 20 personer 3490 NOK, og for hver ekstra time er prisen 790 NOK. P\u00e5 r\u00f8de dager og arbeidstider mellom 06:00-08:00 og [&hellip;]<\/p>\n","protected":false},"author":1,"featured_media":0,"parent":0,"menu_order":0,"comment_status":"closed","ping_status":"closed","template":"elementor_header_footer","meta":{"footnotes":""},"class_list":["post-24","page","type-page","status-publish","hentry"],"yoast_head":"<!-- This site is optimized with the Yoast SEO plugin v27.5 - https:\/\/yoast.com\/product\/yoast-seo-wordpress\/ -->\n<title>FAQ | Oslo Guidebureau<\/title>\n<meta name=\"robots\" content=\"index, follow, max-snippet:-1, max-image-preview:large, max-video-preview:-1\" \/>\n<link rel=\"canonical\" href=\"https:\/\/osloguide.no\/es\/faq\/\" \/>\n<meta property=\"og:locale\" content=\"es_ES\" \/>\n<meta property=\"og:type\" content=\"article\" \/>\n<meta property=\"og:title\" content=\"FAQ | Oslo Guidebureau\" \/>\n<meta property=\"og:description\" content=\"Hjem FAQ Ofte stilte sp\u00f8rsm\u00e5l Vi har samler noen av de mest spurte sp\u00f8rsm\u00e5lene fra v\u00e5re kunder. 1. Hva koster en guide? I 2026 er prisen p\u00e5 en vanlig 3 timers sightseeing med inntil 20 personer 3490 NOK, og for hver ekstra time er prisen 790 NOK. P\u00e5 r\u00f8de dager og arbeidstider mellom 06:00-08:00 og [&hellip;]\" \/>\n<meta property=\"og:url\" content=\"https:\/\/osloguide.no\/es\/faq\/\" \/>\n<meta property=\"og:site_name\" content=\"Oslo Guidebureau\" \/>\n<meta property=\"article:publisher\" content=\"https:\/\/www.facebook.com\/osloguide\" \/>\n<meta property=\"article:modified_time\" content=\"2026-01-06T12:01:03+00:00\" \/>\n<meta property=\"og:image\" content=\"https:\/\/osloguide.no\/wp-content\/uploads\/2024\/04\/opengraph_osloguide.png\" \/>\n\t<meta property=\"og:image:width\" content=\"1200\" \/>\n\t<meta property=\"og:image:height\" content=\"630\" \/>\n\t<meta property=\"og:image:type\" content=\"image\/png\" \/>\n<meta name=\"twitter:card\" content=\"summary_large_image\" \/>\n<meta name=\"twitter:label1\" content=\"Tiempo de lectura\" \/>\n\t<meta name=\"twitter:data1\" content=\"3 minutos\" \/>\n<script type=\"application\/ld+json\" class=\"yoast-schema-graph\">{\"@context\":\"https:\\\/\\\/schema.org\",\"@graph\":[{\"@type\":\"WebPage\",\"@id\":\"https:\\\/\\\/osloguide.no\\\/faq\\\/\",\"url\":\"https:\\\/\\\/osloguide.no\\\/faq\\\/\",\"name\":\"FAQ | Oslo Guidebureau\",\"isPartOf\":{\"@id\":\"https:\\\/\\\/osloguide.no\\\/#website\"},\"datePublished\":\"2023-08-04T11:41:04+00:00\",\"dateModified\":\"2026-01-06T12:01:03+00:00\",\"breadcrumb\":{\"@id\":\"https:\\\/\\\/osloguide.no\\\/faq\\\/#breadcrumb\"},\"inLanguage\":\"es\",\"potentialAction\":[{\"@type\":\"ReadAction\",\"target\":[\"https:\\\/\\\/osloguide.no\\\/faq\\\/\"]}]},{\"@type\":\"BreadcrumbList\",\"@id\":\"https:\\\/\\\/osloguide.no\\\/faq\\\/#breadcrumb\",\"itemListElement\":[{\"@type\":\"ListItem\",\"position\":1,\"name\":\"Hjem\",\"item\":\"https:\\\/\\\/osloguide.no\\\/\"},{\"@type\":\"ListItem\",\"position\":2,\"name\":\"FAQ\"}]},{\"@type\":\"WebSite\",\"@id\":\"https:\\\/\\\/osloguide.no\\\/#website\",\"url\":\"https:\\\/\\\/osloguide.no\\\/\",\"name\":\"Oslo Guidebureau\",\"description\":\"Over 25 \u00e5rs erfaring med guiding i Oslo\",\"potentialAction\":[{\"@type\":\"SearchAction\",\"target\":{\"@type\":\"EntryPoint\",\"urlTemplate\":\"https:\\\/\\\/osloguide.no\\\/?s={search_term_string}\"},\"query-input\":{\"@type\":\"PropertyValueSpecification\",\"valueRequired\":true,\"valueName\":\"search_term_string\"}}],\"inLanguage\":\"es\"}]}<\/script>\n<!-- \/ Yoast SEO plugin. -->","yoast_head_json":{"title":"FAQ | Oslo Guidebureau","robots":{"index":"index","follow":"follow","max-snippet":"max-snippet:-1","max-image-preview":"max-image-preview:large","max-video-preview":"max-video-preview:-1"},"canonical":"https:\/\/osloguide.no\/es\/faq\/","og_locale":"es_ES","og_type":"article","og_title":"FAQ | Oslo Guidebureau","og_description":"Hjem FAQ Ofte stilte sp\u00f8rsm\u00e5l Vi har samler noen av de mest spurte sp\u00f8rsm\u00e5lene fra v\u00e5re kunder. 1. Hva koster en guide? I 2026 er prisen p\u00e5 en vanlig 3 timers sightseeing med inntil 20 personer 3490 NOK, og for hver ekstra time er prisen 790 NOK. P\u00e5 r\u00f8de dager og arbeidstider mellom 06:00-08:00 og [&hellip;]","og_url":"https:\/\/osloguide.no\/es\/faq\/","og_site_name":"Oslo Guidebureau","article_publisher":"https:\/\/www.facebook.com\/osloguide","article_modified_time":"2026-01-06T12:01:03+00:00","og_image":[{"width":1200,"height":630,"url":"https:\/\/osloguide.no\/wp-content\/uploads\/2024\/04\/opengraph_osloguide.png","type":"image\/png"}],"twitter_card":"summary_large_image","twitter_misc":{"Tiempo de lectura":"3 minutos"},"schema":{"@context":"https:\/\/schema.org","@graph":[{"@type":"WebPage","@id":"https:\/\/osloguide.no\/faq\/","url":"https:\/\/osloguide.no\/faq\/","name":"FAQ | Oslo Guidebureau","isPartOf":{"@id":"https:\/\/osloguide.no\/#website"},"datePublished":"2023-08-04T11:41:04+00:00","dateModified":"2026-01-06T12:01:03+00:00","breadcrumb":{"@id":"https:\/\/osloguide.no\/faq\/#breadcrumb"},"inLanguage":"es","potentialAction":[{"@type":"ReadAction","target":["https:\/\/osloguide.no\/faq\/"]}]},{"@type":"BreadcrumbList","@id":"https:\/\/osloguide.no\/faq\/#breadcrumb","itemListElement":[{"@type":"ListItem","position":1,"name":"Hjem","item":"https:\/\/osloguide.no\/"},{"@type":"ListItem","position":2,"name":"FAQ"}]},{"@type":"WebSite","@id":"https:\/\/osloguide.no\/#website","url":"https:\/\/osloguide.no\/","name":"Oslo Guidebureau","description":"Over 25 \u00e5rs erfaring med guiding i Oslo","potentialAction":[{"@type":"SearchAction","target":{"@type":"EntryPoint","urlTemplate":"https:\/\/osloguide.no\/?s={search_term_string}"},"query-input":{"@type":"PropertyValueSpecification","valueRequired":true,"valueName":"search_term_string"}}],"inLanguage":"es"}]}},"_links":{"self":[{"href":"https:\/\/osloguide.no\/es\/wp-json\/wp\/v2\/pages\/24","targetHints":{"allow":["GET"]}}],"collection":[{"href":"https:\/\/osloguide.no\/es\/wp-json\/wp\/v2\/pages"}],"about":[{"href":"https:\/\/osloguide.no\/es\/wp-json\/wp\/v2\/types\/page"}],"author":[{"embeddable":true,"href":"https:\/\/osloguide.no\/es\/wp-json\/wp\/v2\/users\/1"}],"replies":[{"embeddable":true,"href":"https:\/\/osloguide.no\/es\/wp-json\/wp\/v2\/comments?post=24"}],"version-history":[{"count":5,"href":"https:\/\/osloguide.no\/es\/wp-json\/wp\/v2\/pages\/24\/revisions"}],"predecessor-version":[{"id":2529,"href":"https:\/\/osloguide.no\/es\/wp-json\/wp\/v2\/pages\/24\/revisions\/2529"}],"wp:attachment":[{"href":"https:\/\/osloguide.no\/es\/wp-json\/wp\/v2\/media?parent=24"}],"curies":[{"name":"wp","href":"https:\/\/api.w.org\/{rel}","templated":true}]}}