{"id":15,"date":"2023-08-04T13:40:10","date_gmt":"2023-08-04T11:40:10","guid":{"rendered":"https:\/\/osloguidebyra.hornmedia.no\/?page_id=15"},"modified":"2025-11-18T15:57:17","modified_gmt":"2025-11-18T14:57:17","slug":"tours-regulares","status":"publish","type":"page","link":"https:\/\/osloguide.no\/es\/byvandring\/","title":{"rendered":"Tours regulares"},"content":{"rendered":"<div data-elementor-type=\"wp-page\" data-elementor-id=\"15\" class=\"elementor elementor-15\" data-elementor-post-type=\"page\">\n\t\t\t\t\t\t<section class=\"has_eae_slider elementor-section elementor-top-section elementor-element elementor-element-bddc13b elementor-section-boxed elementor-section-height-default elementor-section-height-default\" data-eae-slider=\"78509\" data-id=\"bddc13b\" data-element_type=\"section\" data-e-type=\"section\" data-settings=\"{&quot;background_background&quot;:&quot;classic&quot;}\">\n\t\t\t\t\t\t\t<div class=\"elementor-background-overlay\"><\/div>\n\t\t\t\t\t\t\t<div class=\"elementor-container elementor-column-gap-no\">\n\t\t\t\t\t<div class=\"has_eae_slider elementor-column elementor-col-100 elementor-top-column elementor-element elementor-element-812ec3c\" data-eae-slider=\"16911\" data-id=\"812ec3c\" data-element_type=\"column\" data-e-type=\"column\">\n\t\t\t<div class=\"elementor-widget-wrap elementor-element-populated\">\n\t\t\t\t\t\t<section class=\"has_eae_slider elementor-section elementor-inner-section elementor-element elementor-element-0b68aa6 elementor-section-boxed elementor-section-height-default elementor-section-height-default\" data-eae-slider=\"34227\" data-id=\"0b68aa6\" data-element_type=\"section\" data-e-type=\"section\">\n\t\t\t\t\t\t<div class=\"elementor-container elementor-column-gap-no\">\n\t\t\t\t\t<div class=\"has_eae_slider elementor-column elementor-col-100 elementor-inner-column elementor-element elementor-element-de3d38a\" data-eae-slider=\"80384\" data-id=\"de3d38a\" data-element_type=\"column\" data-e-type=\"column\">\n\t\t\t<div class=\"elementor-widget-wrap elementor-element-populated\">\n\t\t\t\t\t\t<div class=\"elementor-element elementor-element-1756b98 elementor-icon-list--layout-inline elementor-widget__width-auto elementor-list-item-link-full_width elementor-widget elementor-widget-icon-list\" data-id=\"1756b98\" data-element_type=\"widget\" data-e-type=\"widget\" data-widget_type=\"icon-list.default\">\n\t\t\t\t<div class=\"elementor-widget-container\">\n\t\t\t\t\t\t\t<ul class=\"elementor-icon-list-items elementor-inline-items\">\n\t\t\t\t\t\t\t<li class=\"elementor-icon-list-item elementor-inline-item\">\n\t\t\t\t\t\t\t\t\t\t\t<a href=\"https:\/\/osloguide.no\/es\">\n\n\t\t\t\t\t\t\t\t\t\t\t<span class=\"elementor-icon-list-text\">Inicio<\/span>\n\t\t\t\t\t\t\t\t\t\t\t<\/a>\n\t\t\t\t\t\t\t\t\t<\/li>\n\t\t\t\t\t\t\t\t<li class=\"elementor-icon-list-item elementor-inline-item\">\n\t\t\t\t\t\t\t\t\t\t\t<span class=\"elementor-icon-list-icon\">\n\t\t\t\t\t\t\t<i aria-hidden=\"true\" class=\"fas fa-chevron-circle-right\"><\/i>\t\t\t\t\t\t<\/span>\n\t\t\t\t\t\t\t\t\t\t<span class=\"elementor-icon-list-text\">Tours regulares<\/span>\n\t\t\t\t\t\t\t\t\t<\/li>\n\t\t\t\t\t\t<\/ul>\n\t\t\t\t\t\t<\/div>\n\t\t\t\t<\/div>\n\t\t\t\t<div class=\"elementor-element elementor-element-fd80806 elementor-widget elementor-widget-heading\" data-id=\"fd80806\" data-element_type=\"widget\" data-e-type=\"widget\" data-widget_type=\"heading.default\">\n\t\t\t\t<div class=\"elementor-widget-container\">\n\t\t\t\t\t<h2 class=\"elementor-heading-title elementor-size-default\">Tours regulares<\/h2>\t\t\t\t<\/div>\n\t\t\t\t<\/div>\n\t\t\t\t<div class=\"elementor-element elementor-element-979d96f elementor-widget elementor-widget-text-editor\" data-id=\"979d96f\" data-element_type=\"widget\" data-e-type=\"widget\" data-widget_type=\"text-editor.default\">\n\t\t\t\t<div class=\"elementor-widget-container\">\n\t\t\t\t\t\t\t\t\t<p>\u00a1Experimente la cultura, la comida y el arte que Oslo tiene para ofrecer!<\/p>\t\t\t\t\t\t\t\t<\/div>\n\t\t\t\t<\/div>\n\t\t\t\t\t<\/div>\n\t\t<\/div>\n\t\t\t\t\t<\/div>\n\t\t<\/section>\n\t\t\t\t\t<\/div>\n\t\t<\/div>\n\t\t\t\t\t<\/div>\n\t\t<\/section>\n\t\t\t\t<section class=\"has_eae_slider elementor-section elementor-top-section elementor-element elementor-element-77ed9c6 elementor-section-boxed elementor-section-height-default elementor-section-height-default\" data-eae-slider=\"75108\" data-id=\"77ed9c6\" data-element_type=\"section\" data-e-type=\"section\" data-no-translation=\"\">\n\t\t\t\t\t\t<div class=\"elementor-container elementor-column-gap-no\">\n\t\t\t\t\t<div data-wts-url=\"https:\/\/osloguide.no\/es\/tours-regulares\/en-el-corazon-de-oslo\/\" data-wts-link=\"yes\" data-wts-new-window=\"\" class=\"has_eae_slider elementor-column elementor-col-50 elementor-top-column elementor-element elementor-element-a1c939a ae-link-yes\" data-eae-slider=\"35659\" data-id=\"a1c939a\" data-element_type=\"column\" data-e-type=\"column\" data-settings=\"{&quot;background_background&quot;:&quot;classic&quot;}\">\n\t\t\t<div class=\"elementor-widget-wrap elementor-element-populated\">\n\t\t\t\t\t<div class=\"elementor-background-overlay\"><\/div>\n\t\t\t\t\t\t<div class=\"elementor-element elementor-element-9af81c7 elementor-widget elementor-widget-spacer\" data-id=\"9af81c7\" data-element_type=\"widget\" data-e-type=\"widget\" data-widget_type=\"spacer.default\">\n\t\t\t\t<div class=\"elementor-widget-container\">\n\t\t\t\t\t\t\t<div class=\"elementor-spacer\">\n\t\t\t<div class=\"elementor-spacer-inner\"><\/div>\n\t\t<\/div>\n\t\t\t\t\t\t<\/div>\n\t\t\t\t<\/div>\n\t\t\t\t<div class=\"elementor-element elementor-element-5e594ac elementor-widget__width-initial elementor-widget elementor-widget-jkit_heading\" data-id=\"5e594ac\" data-element_type=\"widget\" data-e-type=\"widget\" data-widget_type=\"jkit_heading.default\">\n\t\t\t\t<div class=\"elementor-widget-container\">\n\t\t\t\t\t<div  class=\"jeg-elementor-kit jkit-heading  align-left align-tablet- align-mobile- jeg_module__16_69f8dd0d77de2\" ><div class=\"heading-section-title  display-inline-block\"><h3 class=\"heading-title\">En el coraz\u00f3n de Oslo<\/h3><\/div><h3 class=\"heading-section-subtitle  style-color\">S\u00e1bados, a las 14:00<\/h3><\/div>\t\t\t\t<\/div>\n\t\t\t\t<\/div>\n\t\t\t\t<div class=\"elementor-element elementor-element-f2d0686 elementor-view-framed elementor-widget__width-auto elementor-shape-circle elementor-widget elementor-widget-icon\" data-id=\"f2d0686\" data-element_type=\"widget\" data-e-type=\"widget\" data-widget_type=\"icon.default\">\n\t\t\t\t<div class=\"elementor-widget-container\">\n\t\t\t\t\t\t\t<div class=\"elementor-icon-wrapper\">\n\t\t\t<a class=\"elementor-icon\" href=\"\/es\/tours-regulares\/en-el-corazon-de-oslo\/\">\n\t\t\t<i aria-hidden=\"true\" class=\"jki jki-arrow-up-right-line\"><\/i>\t\t\t<\/a>\n\t\t<\/div>\n\t\t\t\t\t\t<\/div>\n\t\t\t\t<\/div>\n\t\t\t\t\t<\/div>\n\t\t<\/div>\n\t\t\t\t<div class=\"has_eae_slider elementor-column elementor-col-50 elementor-top-column elementor-element elementor-element-9921a06\" data-eae-slider=\"11126\" data-id=\"9921a06\" data-element_type=\"column\" data-e-type=\"column\">\n\t\t\t<div class=\"elementor-widget-wrap elementor-element-populated\">\n\t\t\t\t\t\t<section class=\"has_eae_slider elementor-section elementor-inner-section elementor-element elementor-element-b39477b elementor-section-boxed elementor-section-height-default elementor-section-height-default\" data-eae-slider=\"30342\" data-id=\"b39477b\" data-element_type=\"section\" data-e-type=\"section\">\n\t\t\t\t\t\t<div class=\"elementor-container elementor-column-gap-no\">\n\t\t\t\t\t<div data-wts-url=\"https:\/\/osloguide.no\/es\/tours-regulares\/el-paseo-historico-por-el-rio\/\" data-wts-link=\"yes\" data-wts-new-window=\"\" class=\"has_eae_slider elementor-column elementor-col-50 elementor-inner-column elementor-element elementor-element-daf979e ae-link-yes\" data-eae-slider=\"41127\" data-id=\"daf979e\" data-element_type=\"column\" data-e-type=\"column\" data-settings=\"{&quot;background_background&quot;:&quot;classic&quot;}\">\n\t\t\t<div class=\"elementor-widget-wrap elementor-element-populated\">\n\t\t\t\t\t<div class=\"elementor-background-overlay\"><\/div>\n\t\t\t\t\t\t<div class=\"elementor-element elementor-element-031210d elementor-widget elementor-widget-spacer\" data-id=\"031210d\" data-element_type=\"widget\" data-e-type=\"widget\" data-widget_type=\"spacer.default\">\n\t\t\t\t<div class=\"elementor-widget-container\">\n\t\t\t\t\t\t\t<div class=\"elementor-spacer\">\n\t\t\t<div class=\"elementor-spacer-inner\"><\/div>\n\t\t<\/div>\n\t\t\t\t\t\t<\/div>\n\t\t\t\t<\/div>\n\t\t\t\t<div class=\"elementor-element elementor-element-b4d8e6d elementor-widget__width-initial elementor-widget elementor-widget-jkit_heading\" data-id=\"b4d8e6d\" data-element_type=\"widget\" data-e-type=\"widget\" data-widget_type=\"jkit_heading.default\">\n\t\t\t\t<div class=\"elementor-widget-container\">\n\t\t\t\t\t<div  class=\"jeg-elementor-kit jkit-heading  align-left align-tablet- align-mobile- jeg_module__17_69f8dd0d7a8e5\" ><div class=\"heading-section-title  display-inline-block\"><h2 class=\"heading-title\">Tour del r\u00edo hist\u00f3rico<\/h2><\/div><h3 class=\"heading-section-subtitle  style-color\">Sonntage, um 14:00<\/h3><\/div>\t\t\t\t<\/div>\n\t\t\t\t<\/div>\n\t\t\t\t<div class=\"elementor-element elementor-element-69dd89b elementor-view-framed elementor-widget__width-auto elementor-shape-circle elementor-widget elementor-widget-icon\" data-id=\"69dd89b\" data-element_type=\"widget\" data-e-type=\"widget\" data-widget_type=\"icon.default\">\n\t\t\t\t<div class=\"elementor-widget-container\">\n\t\t\t\t\t\t\t<div class=\"elementor-icon-wrapper\">\n\t\t\t<a class=\"elementor-icon\" href=\"\/es\/tours-regulares\/el-paseo-historico-por-el-rio\/\">\n\t\t\t<i aria-hidden=\"true\" class=\"jki jki-arrow-up-right-line\"><\/i>\t\t\t<\/a>\n\t\t<\/div>\n\t\t\t\t\t\t<\/div>\n\t\t\t\t<\/div>\n\t\t\t\t\t<\/div>\n\t\t<\/div>\n\t\t\t\t<div data-wts-url=\"https:\/\/osloguide.no\/es\/tours-regulares\/desde-groenlandia-hasta-el-centro\/\" data-wts-link=\"yes\" data-wts-new-window=\"\" class=\"has_eae_slider elementor-column elementor-col-50 elementor-inner-column elementor-element elementor-element-de92480 ae-link-yes\" data-eae-slider=\"82439\" data-id=\"de92480\" data-element_type=\"column\" data-e-type=\"column\" data-settings=\"{&quot;background_background&quot;:&quot;classic&quot;}\">\n\t\t\t<div class=\"elementor-widget-wrap elementor-element-populated\">\n\t\t\t\t\t<div class=\"elementor-background-overlay\"><\/div>\n\t\t\t\t\t\t<div class=\"elementor-element elementor-element-8e01b47 elementor-widget elementor-widget-spacer\" data-id=\"8e01b47\" data-element_type=\"widget\" data-e-type=\"widget\" data-widget_type=\"spacer.default\">\n\t\t\t\t<div class=\"elementor-widget-container\">\n\t\t\t\t\t\t\t<div class=\"elementor-spacer\">\n\t\t\t<div class=\"elementor-spacer-inner\"><\/div>\n\t\t<\/div>\n\t\t\t\t\t\t<\/div>\n\t\t\t\t<\/div>\n\t\t\t\t<div class=\"elementor-element elementor-element-337102c elementor-widget__width-initial elementor-widget elementor-widget-jkit_heading\" data-id=\"337102c\" data-element_type=\"widget\" data-e-type=\"widget\" data-widget_type=\"jkit_heading.default\">\n\t\t\t\t<div class=\"elementor-widget-container\">\n\t\t\t\t\t<div  class=\"jeg-elementor-kit jkit-heading  align-left align-tablet- align-mobile- jeg_module__18_69f8dd0d7c6fe\" ><div class=\"heading-section-title  display-inline-block\"><h2 class=\"heading-title\">Ciudad de contrastes<\/h2><\/div><h3 class=\"heading-section-subtitle  style-color\"> Montags, um 17:00<\/h3><\/div>\t\t\t\t<\/div>\n\t\t\t\t<\/div>\n\t\t\t\t<div class=\"elementor-element elementor-element-ef3670a elementor-view-framed elementor-widget__width-auto elementor-shape-circle elementor-widget elementor-widget-icon\" data-id=\"ef3670a\" data-element_type=\"widget\" data-e-type=\"widget\" data-widget_type=\"icon.default\">\n\t\t\t\t<div class=\"elementor-widget-container\">\n\t\t\t\t\t\t\t<div class=\"elementor-icon-wrapper\">\n\t\t\t<a class=\"elementor-icon\" href=\"\/es\/tours-regulares\/desde-groenlandia-hasta-el-centro\/\">\n\t\t\t<i aria-hidden=\"true\" class=\"jki jki-arrow-up-right-line\"><\/i>\t\t\t<\/a>\n\t\t<\/div>\n\t\t\t\t\t\t<\/div>\n\t\t\t\t<\/div>\n\t\t\t\t\t<\/div>\n\t\t<\/div>\n\t\t\t\t\t<\/div>\n\t\t<\/section>\n\t\t\t\t<section class=\"has_eae_slider elementor-section elementor-inner-section elementor-element elementor-element-b45d02d elementor-section-boxed elementor-section-height-default elementor-section-height-default\" data-eae-slider=\"52633\" data-id=\"b45d02d\" data-element_type=\"section\" data-e-type=\"section\">\n\t\t\t\t\t\t<div class=\"elementor-container elementor-column-gap-no\">\n\t\t\t\t\t<div data-wts-url=\"https:\/\/osloguide.no\/es\/tours-regulares\/explora-vigelandsparken\/\" data-wts-link=\"yes\" data-wts-new-window=\"\" class=\"has_eae_slider elementor-column elementor-col-100 elementor-inner-column elementor-element elementor-element-077e42b ae-link-yes\" data-eae-slider=\"24298\" data-id=\"077e42b\" data-element_type=\"column\" data-e-type=\"column\" data-settings=\"{&quot;background_background&quot;:&quot;classic&quot;}\">\n\t\t\t<div class=\"elementor-widget-wrap elementor-element-populated\">\n\t\t\t\t\t<div class=\"elementor-background-overlay\"><\/div>\n\t\t\t\t\t\t<div class=\"elementor-element elementor-element-92a02c4 elementor-widget elementor-widget-spacer\" data-id=\"92a02c4\" data-element_type=\"widget\" data-e-type=\"widget\" data-widget_type=\"spacer.default\">\n\t\t\t\t<div class=\"elementor-widget-container\">\n\t\t\t\t\t\t\t<div class=\"elementor-spacer\">\n\t\t\t<div class=\"elementor-spacer-inner\"><\/div>\n\t\t<\/div>\n\t\t\t\t\t\t<\/div>\n\t\t\t\t<\/div>\n\t\t\t\t<div class=\"elementor-element elementor-element-2cdd457 elementor-widget__width-initial elementor-widget elementor-widget-jkit_heading\" data-id=\"2cdd457\" data-element_type=\"widget\" data-e-type=\"widget\" data-widget_type=\"jkit_heading.default\">\n\t\t\t\t<div class=\"elementor-widget-container\">\n\t\t\t\t\t<div  class=\"jeg-elementor-kit jkit-heading  align-left align-tablet- align-mobile- jeg_module__19_69f8dd0d7ecfa\" ><div class=\"heading-section-title  display-inline-block\"><h2 class=\"heading-title\">Explora Vigelandsparken<\/h2><\/div><h3 class=\"heading-section-subtitle  style-color\">Mi\u00e9rcoles del 1 de junio al 15 de septiembre, a las 17:00<\/h3><\/div>\t\t\t\t<\/div>\n\t\t\t\t<\/div>\n\t\t\t\t<div class=\"elementor-element elementor-element-02798b7 elementor-view-framed elementor-widget__width-auto elementor-shape-circle elementor-widget elementor-widget-icon\" data-id=\"02798b7\" data-element_type=\"widget\" data-e-type=\"widget\" data-widget_type=\"icon.default\">\n\t\t\t\t<div class=\"elementor-widget-container\">\n\t\t\t\t\t\t\t<div class=\"elementor-icon-wrapper\">\n\t\t\t<a class=\"elementor-icon\" href=\"\/es\/tours-regulares\/explora-vigelandsparken\/\">\n\t\t\t<i aria-hidden=\"true\" class=\"jki jki-arrow-up-right-line\"><\/i>\t\t\t<\/a>\n\t\t<\/div>\n\t\t\t\t\t\t<\/div>\n\t\t\t\t<\/div>\n\t\t\t\t\t<\/div>\n\t\t<\/div>\n\t\t\t\t\t<\/div>\n\t\t<\/section>\n\t\t\t\t\t<\/div>\n\t\t<\/div>\n\t\t\t\t\t<\/div>\n\t\t<\/section>\n\t\t\t\t<\/div>","protected":false},"excerpt":{"rendered":"<p>Hjem Byvandring Byvandring Opplev kulturen, maten, og kunsten Oslo har \u00e5 by p\u00e5! I hjertet av Oslo L\u00f8rdager, kl. 14:00 Historisk elvevandring S\u00f8ndager, kl. 14:00 Fra Gr\u00f8nland til Bj\u00f8rvika Mandager, kl. 17:00 Mattur i Oslo &#8211; lokale smaker og historier fra fjorden Hver dag, kl. 12:00 (utenom mandag) Oslo \u2013 Fredsbyen: fortid, n\u00e5tid og framtid [&hellip;]<\/p>\n","protected":false},"author":1,"featured_media":1170,"parent":0,"menu_order":0,"comment_status":"closed","ping_status":"closed","template":"elementor_header_footer","meta":{"footnotes":""},"class_list":["post-15","page","type-page","status-publish","has-post-thumbnail","hentry"],"yoast_head":"<!-- This site is optimized with the Yoast SEO plugin v27.5 - https:\/\/yoast.com\/product\/yoast-seo-wordpress\/ -->\n<title>Byvandring | Oslo Guidebureau<\/title>\n<meta name=\"description\" content=\"Opplev kulturen, maten, og kunsten Oslo har \u00e5 by p\u00e5 med v\u00e5re informasjonsrike turer.\" \/>\n<meta name=\"robots\" content=\"index, follow, max-snippet:-1, max-image-preview:large, max-video-preview:-1\" \/>\n<link rel=\"canonical\" href=\"https:\/\/osloguide.no\/es\/tours-regulares\/\" \/>\n<meta property=\"og:locale\" content=\"es_ES\" \/>\n<meta property=\"og:type\" content=\"article\" \/>\n<meta property=\"og:title\" content=\"Byvandring | Oslo Guidebureau\" \/>\n<meta property=\"og:description\" content=\"Opplev kulturen, maten, og kunsten Oslo har \u00e5 by p\u00e5 med v\u00e5re informasjonsrike turer.\" \/>\n<meta property=\"og:url\" content=\"https:\/\/osloguide.no\/es\/tours-regulares\/\" \/>\n<meta property=\"og:site_name\" content=\"Oslo Guidebureau\" \/>\n<meta property=\"article:publisher\" content=\"https:\/\/www.facebook.com\/osloguide\" \/>\n<meta property=\"article:modified_time\" content=\"2025-11-18T14:57:17+00:00\" \/>\n<meta property=\"og:image\" content=\"https:\/\/osloguide.no\/wp-content\/uploads\/2024\/04\/opengraph_osloguide.png\" \/>\n\t<meta property=\"og:image:width\" content=\"1200\" \/>\n\t<meta property=\"og:image:height\" content=\"630\" \/>\n\t<meta property=\"og:image:type\" content=\"image\/png\" \/>\n<meta name=\"twitter:card\" content=\"summary_large_image\" \/>\n<meta name=\"twitter:label1\" content=\"Tiempo de lectura\" \/>\n\t<meta name=\"twitter:data1\" content=\"2 minutos\" \/>\n<script type=\"application\/ld+json\" class=\"yoast-schema-graph\">{\"@context\":\"https:\\\/\\\/schema.org\",\"@graph\":[{\"@type\":\"WebPage\",\"@id\":\"https:\\\/\\\/osloguide.no\\\/byvandring\\\/\",\"url\":\"https:\\\/\\\/osloguide.no\\\/byvandring\\\/\",\"name\":\"Byvandring | Oslo Guidebureau\",\"isPartOf\":{\"@id\":\"https:\\\/\\\/osloguide.no\\\/#website\"},\"primaryImageOfPage\":{\"@id\":\"https:\\\/\\\/osloguide.no\\\/byvandring\\\/#primaryimage\"},\"image\":{\"@id\":\"https:\\\/\\\/osloguide.no\\\/byvandring\\\/#primaryimage\"},\"thumbnailUrl\":\"https:\\\/\\\/osloguide.no\\\/wp-content\\\/uploads\\\/2024\\\/04\\\/opengraph_osloguide.png\",\"datePublished\":\"2023-08-04T11:40:10+00:00\",\"dateModified\":\"2025-11-18T14:57:17+00:00\",\"description\":\"Opplev kulturen, maten, og kunsten Oslo har \u00e5 by p\u00e5 med v\u00e5re informasjonsrike turer.\",\"breadcrumb\":{\"@id\":\"https:\\\/\\\/osloguide.no\\\/byvandring\\\/#breadcrumb\"},\"inLanguage\":\"es\",\"potentialAction\":[{\"@type\":\"ReadAction\",\"target\":[\"https:\\\/\\\/osloguide.no\\\/byvandring\\\/\"]}]},{\"@type\":\"ImageObject\",\"inLanguage\":\"es\",\"@id\":\"https:\\\/\\\/osloguide.no\\\/byvandring\\\/#primaryimage\",\"url\":\"https:\\\/\\\/osloguide.no\\\/wp-content\\\/uploads\\\/2024\\\/04\\\/opengraph_osloguide.png\",\"contentUrl\":\"https:\\\/\\\/osloguide.no\\\/wp-content\\\/uploads\\\/2024\\\/04\\\/opengraph_osloguide.png\",\"width\":1200,\"height\":630},{\"@type\":\"BreadcrumbList\",\"@id\":\"https:\\\/\\\/osloguide.no\\\/byvandring\\\/#breadcrumb\",\"itemListElement\":[{\"@type\":\"ListItem\",\"position\":1,\"name\":\"Hjem\",\"item\":\"https:\\\/\\\/osloguide.no\\\/\"},{\"@type\":\"ListItem\",\"position\":2,\"name\":\"Byvandring\"}]},{\"@type\":\"WebSite\",\"@id\":\"https:\\\/\\\/osloguide.no\\\/#website\",\"url\":\"https:\\\/\\\/osloguide.no\\\/\",\"name\":\"Oslo Guidebureau\",\"description\":\"Over 25 \u00e5rs erfaring med guiding i Oslo\",\"potentialAction\":[{\"@type\":\"SearchAction\",\"target\":{\"@type\":\"EntryPoint\",\"urlTemplate\":\"https:\\\/\\\/osloguide.no\\\/?s={search_term_string}\"},\"query-input\":{\"@type\":\"PropertyValueSpecification\",\"valueRequired\":true,\"valueName\":\"search_term_string\"}}],\"inLanguage\":\"es\"}]}<\/script>\n<!-- \/ Yoast SEO plugin. -->","yoast_head_json":{"title":"Byvandring | Oslo Guidebureau","description":"Opplev kulturen, maten, og kunsten Oslo har \u00e5 by p\u00e5 med v\u00e5re informasjonsrike turer.","robots":{"index":"index","follow":"follow","max-snippet":"max-snippet:-1","max-image-preview":"max-image-preview:large","max-video-preview":"max-video-preview:-1"},"canonical":"https:\/\/osloguide.no\/es\/tours-regulares\/","og_locale":"es_ES","og_type":"article","og_title":"Byvandring | Oslo Guidebureau","og_description":"Opplev kulturen, maten, og kunsten Oslo har \u00e5 by p\u00e5 med v\u00e5re informasjonsrike turer.","og_url":"https:\/\/osloguide.no\/es\/tours-regulares\/","og_site_name":"Oslo Guidebureau","article_publisher":"https:\/\/www.facebook.com\/osloguide","article_modified_time":"2025-11-18T14:57:17+00:00","og_image":[{"width":1200,"height":630,"url":"https:\/\/osloguide.no\/wp-content\/uploads\/2024\/04\/opengraph_osloguide.png","type":"image\/png"}],"twitter_card":"summary_large_image","twitter_misc":{"Tiempo de lectura":"2 minutos"},"schema":{"@context":"https:\/\/schema.org","@graph":[{"@type":"WebPage","@id":"https:\/\/osloguide.no\/byvandring\/","url":"https:\/\/osloguide.no\/byvandring\/","name":"Byvandring | Oslo Guidebureau","isPartOf":{"@id":"https:\/\/osloguide.no\/#website"},"primaryImageOfPage":{"@id":"https:\/\/osloguide.no\/byvandring\/#primaryimage"},"image":{"@id":"https:\/\/osloguide.no\/byvandring\/#primaryimage"},"thumbnailUrl":"https:\/\/osloguide.no\/wp-content\/uploads\/2024\/04\/opengraph_osloguide.png","datePublished":"2023-08-04T11:40:10+00:00","dateModified":"2025-11-18T14:57:17+00:00","description":"Opplev kulturen, maten, og kunsten Oslo har \u00e5 by p\u00e5 med v\u00e5re informasjonsrike turer.","breadcrumb":{"@id":"https:\/\/osloguide.no\/byvandring\/#breadcrumb"},"inLanguage":"es","potentialAction":[{"@type":"ReadAction","target":["https:\/\/osloguide.no\/byvandring\/"]}]},{"@type":"ImageObject","inLanguage":"es","@id":"https:\/\/osloguide.no\/byvandring\/#primaryimage","url":"https:\/\/osloguide.no\/wp-content\/uploads\/2024\/04\/opengraph_osloguide.png","contentUrl":"https:\/\/osloguide.no\/wp-content\/uploads\/2024\/04\/opengraph_osloguide.png","width":1200,"height":630},{"@type":"BreadcrumbList","@id":"https:\/\/osloguide.no\/byvandring\/#breadcrumb","itemListElement":[{"@type":"ListItem","position":1,"name":"Hjem","item":"https:\/\/osloguide.no\/"},{"@type":"ListItem","position":2,"name":"Byvandring"}]},{"@type":"WebSite","@id":"https:\/\/osloguide.no\/#website","url":"https:\/\/osloguide.no\/","name":"Oslo Guidebureau","description":"Over 25 \u00e5rs erfaring med guiding i Oslo","potentialAction":[{"@type":"SearchAction","target":{"@type":"EntryPoint","urlTemplate":"https:\/\/osloguide.no\/?s={search_term_string}"},"query-input":{"@type":"PropertyValueSpecification","valueRequired":true,"valueName":"search_term_string"}}],"inLanguage":"es"}]}},"_links":{"self":[{"href":"https:\/\/osloguide.no\/es\/wp-json\/wp\/v2\/pages\/15","targetHints":{"allow":["GET"]}}],"collection":[{"href":"https:\/\/osloguide.no\/es\/wp-json\/wp\/v2\/pages"}],"about":[{"href":"https:\/\/osloguide.no\/es\/wp-json\/wp\/v2\/types\/page"}],"author":[{"embeddable":true,"href":"https:\/\/osloguide.no\/es\/wp-json\/wp\/v2\/users\/1"}],"replies":[{"embeddable":true,"href":"https:\/\/osloguide.no\/es\/wp-json\/wp\/v2\/comments?post=15"}],"version-history":[{"count":5,"href":"https:\/\/osloguide.no\/es\/wp-json\/wp\/v2\/pages\/15\/revisions"}],"predecessor-version":[{"id":2470,"href":"https:\/\/osloguide.no\/es\/wp-json\/wp\/v2\/pages\/15\/revisions\/2470"}],"wp:featuredmedia":[{"embeddable":true,"href":"https:\/\/osloguide.no\/es\/wp-json\/wp\/v2\/media\/1170"}],"wp:attachment":[{"href":"https:\/\/osloguide.no\/es\/wp-json\/wp\/v2\/media?parent=15"}],"curies":[{"name":"wp","href":"https:\/\/api.w.org\/{rel}","templated":true}]}}