{"id":1823,"date":"2025-04-20T19:10:07","date_gmt":"2025-04-20T17:10:07","guid":{"rendered":"https:\/\/osloguide.no\/?page_id=1823"},"modified":"2025-10-17T14:46:40","modified_gmt":"2025-10-17T12:46:40","slug":"explore-oslo","status":"publish","type":"page","link":"https:\/\/osloguide.no\/en\/utforsk-oslo\/","title":{"rendered":"Explore Oslo"},"content":{"rendered":"<div data-elementor-type=\"wp-page\" data-elementor-id=\"1823\" class=\"elementor elementor-1823\" data-elementor-post-type=\"page\">\n\t\t\t\t\t\t<section class=\"has_eae_slider elementor-section elementor-top-section elementor-element elementor-element-bddc13b elementor-section-boxed elementor-section-height-default elementor-section-height-default\" data-eae-slider=\"62151\" data-id=\"bddc13b\" data-element_type=\"section\" data-e-type=\"section\" data-settings=\"{&quot;background_background&quot;:&quot;classic&quot;}\">\n\t\t\t\t\t\t\t<div class=\"elementor-background-overlay\"><\/div>\n\t\t\t\t\t\t\t<div class=\"elementor-container elementor-column-gap-no\">\n\t\t\t\t\t<div class=\"has_eae_slider elementor-column elementor-col-100 elementor-top-column elementor-element elementor-element-812ec3c\" data-eae-slider=\"3046\" data-id=\"812ec3c\" data-element_type=\"column\" data-e-type=\"column\">\n\t\t\t<div class=\"elementor-widget-wrap elementor-element-populated\">\n\t\t\t\t\t\t<section class=\"has_eae_slider elementor-section elementor-inner-section elementor-element elementor-element-0b68aa6 elementor-section-boxed elementor-section-height-default elementor-section-height-default\" data-eae-slider=\"22205\" data-id=\"0b68aa6\" data-element_type=\"section\" data-e-type=\"section\">\n\t\t\t\t\t\t<div class=\"elementor-container elementor-column-gap-no\">\n\t\t\t\t\t<div class=\"has_eae_slider elementor-column elementor-col-100 elementor-inner-column elementor-element elementor-element-de3d38a\" data-eae-slider=\"62559\" data-id=\"de3d38a\" data-element_type=\"column\" data-e-type=\"column\">\n\t\t\t<div class=\"elementor-widget-wrap elementor-element-populated\">\n\t\t\t\t\t\t<div class=\"elementor-element elementor-element-1756b98 elementor-icon-list--layout-inline elementor-widget__width-auto elementor-list-item-link-full_width elementor-widget elementor-widget-icon-list\" data-id=\"1756b98\" data-element_type=\"widget\" data-e-type=\"widget\" data-widget_type=\"icon-list.default\">\n\t\t\t\t<div class=\"elementor-widget-container\">\n\t\t\t\t\t\t\t<ul class=\"elementor-icon-list-items elementor-inline-items\">\n\t\t\t\t\t\t\t<li class=\"elementor-icon-list-item elementor-inline-item\">\n\t\t\t\t\t\t\t\t\t\t\t<a href=\"https:\/\/osloguide.no\/en\">\n\n\t\t\t\t\t\t\t\t\t\t\t<span class=\"elementor-icon-list-text\">Home<\/span>\n\t\t\t\t\t\t\t\t\t\t\t<\/a>\n\t\t\t\t\t\t\t\t\t<\/li>\n\t\t\t\t\t\t\t\t<li class=\"elementor-icon-list-item elementor-inline-item\">\n\t\t\t\t\t\t\t\t\t\t\t<span class=\"elementor-icon-list-icon\">\n\t\t\t\t\t\t\t<i aria-hidden=\"true\" class=\"fas fa-chevron-circle-right\"><\/i>\t\t\t\t\t\t<\/span>\n\t\t\t\t\t\t\t\t\t\t<span class=\"elementor-icon-list-text\">Explore Oslo<\/span>\n\t\t\t\t\t\t\t\t\t<\/li>\n\t\t\t\t\t\t<\/ul>\n\t\t\t\t\t\t<\/div>\n\t\t\t\t<\/div>\n\t\t\t\t<div class=\"elementor-element elementor-element-fd80806 elementor-widget elementor-widget-heading\" data-id=\"fd80806\" data-element_type=\"widget\" data-e-type=\"widget\" data-widget_type=\"heading.default\">\n\t\t\t\t<div class=\"elementor-widget-container\">\n\t\t\t\t\t<h2 class=\"elementor-heading-title elementor-size-default\">Explore Oslo<\/h2>\t\t\t\t<\/div>\n\t\t\t\t<\/div>\n\t\t\t\t<div class=\"elementor-element elementor-element-979d96f elementor-widget__width-initial elementor-widget elementor-widget-text-editor\" data-id=\"979d96f\" data-element_type=\"widget\" data-e-type=\"widget\" data-widget_type=\"text-editor.default\">\n\t\t\t\t<div class=\"elementor-widget-container\">\n\t\t\t\t\t\t\t\t\t<p class=\"\" data-start=\"304\" data-end=\"623\"><strong>Explore Oslo with a private guide and an itinerary tailored to your needs. Our private walking tours are suitable for groups of all sizes, with content customized to your interests, time and preferences. Choose from a range of themes and areas \u2013 or let us create something completely unique. Perfect for companies, school groups, friends and families.<\/strong><\/p>\t\t\t\t\t\t\t\t<\/div>\n\t\t\t\t<\/div>\n\t\t\t\t\t<\/div>\n\t\t<\/div>\n\t\t\t\t\t<\/div>\n\t\t<\/section>\n\t\t\t\t\t<\/div>\n\t\t<\/div>\n\t\t\t\t\t<\/div>\n\t\t<\/section>\n\t\t\t\t<section class=\"has_eae_slider elementor-section elementor-top-section elementor-element elementor-element-6b9864b elementor-section-boxed elementor-section-height-default elementor-section-height-default\" data-eae-slider=\"14416\" data-id=\"6b9864b\" data-element_type=\"section\" data-e-type=\"section\" data-no-translation=\"\">\n\t\t\t\t\t\t<div class=\"elementor-container elementor-column-gap-no\">\n\t\t\t\t\t<div data-wts-url=\"https:\/\/osloguide.no\/en\/city-tours\/in-the-heart-of-oslo-walking-tour\/\" data-wts-link=\"yes\" data-wts-new-window=\"\" class=\"has_eae_slider elementor-column elementor-col-50 elementor-top-column elementor-element elementor-element-8cce13a ae-link-yes\" data-eae-slider=\"30088\" data-id=\"8cce13a\" data-element_type=\"column\" data-e-type=\"column\" data-settings=\"{&quot;background_background&quot;:&quot;classic&quot;}\">\n\t\t\t<div class=\"elementor-widget-wrap elementor-element-populated\">\n\t\t\t\t\t<div class=\"elementor-background-overlay\"><\/div>\n\t\t\t\t\t\t<div class=\"elementor-element elementor-element-972686e elementor-widget elementor-widget-spacer\" data-id=\"972686e\" data-element_type=\"widget\" data-e-type=\"widget\" data-widget_type=\"spacer.default\">\n\t\t\t\t<div class=\"elementor-widget-container\">\n\t\t\t\t\t\t\t<div class=\"elementor-spacer\">\n\t\t\t<div class=\"elementor-spacer-inner\"><\/div>\n\t\t<\/div>\n\t\t\t\t\t\t<\/div>\n\t\t\t\t<\/div>\n\t\t\t\t<div class=\"elementor-element elementor-element-ca1521a elementor-widget__width-initial elementor-widget elementor-widget-jkit_heading\" data-id=\"ca1521a\" data-element_type=\"widget\" data-e-type=\"widget\" data-widget_type=\"jkit_heading.default\">\n\t\t\t\t<div class=\"elementor-widget-container\">\n\t\t\t\t\t<div  class=\"jeg-elementor-kit jkit-heading  align-left align-tablet- align-mobile- jeg_module__4_69edcba1026e1\" ><div class=\"heading-section-title  display-inline-block\"><h3 class=\"heading-title\">Classic Oslo<\/h3><\/div><h3 class=\"heading-section-subtitle  style-color\">A classic walking tour \u2013 tailored to your group<\/h3><\/div>\t\t\t\t<\/div>\n\t\t\t\t<\/div>\n\t\t\t\t<div class=\"elementor-element elementor-element-1b3dac8 elementor-view-framed elementor-widget__width-auto elementor-shape-circle elementor-widget elementor-widget-icon\" data-id=\"1b3dac8\" data-element_type=\"widget\" data-e-type=\"widget\" data-widget_type=\"icon.default\">\n\t\t\t\t<div class=\"elementor-widget-container\">\n\t\t\t\t\t\t\t<div class=\"elementor-icon-wrapper\">\n\t\t\t<a class=\"elementor-icon\" href=\"\/en\/explore-oslo\/classic-oslo\/\">\n\t\t\t<i aria-hidden=\"true\" class=\"jki jki-arrow-up-right-line\"><\/i>\t\t\t<\/a>\n\t\t<\/div>\n\t\t\t\t\t\t<\/div>\n\t\t\t\t<\/div>\n\t\t\t\t\t<\/div>\n\t\t<\/div>\n\t\t\t\t<div class=\"has_eae_slider elementor-column elementor-col-50 elementor-top-column elementor-element elementor-element-4504a32\" data-eae-slider=\"54547\" data-id=\"4504a32\" data-element_type=\"column\" data-e-type=\"column\">\n\t\t\t<div class=\"elementor-widget-wrap elementor-element-populated\">\n\t\t\t\t\t\t<section class=\"has_eae_slider elementor-section elementor-inner-section elementor-element elementor-element-f263fd5 elementor-section-boxed elementor-section-height-default elementor-section-height-default\" data-eae-slider=\"2200\" data-id=\"f263fd5\" data-element_type=\"section\" data-e-type=\"section\">\n\t\t\t\t\t\t<div class=\"elementor-container elementor-column-gap-no\">\n\t\t\t\t\t<div data-wts-url=\"https:\/\/osloguide.no\/en\/city-tours\/the-historical-river-walk\/\" data-wts-link=\"yes\" data-wts-new-window=\"\" class=\"has_eae_slider elementor-column elementor-col-50 elementor-inner-column elementor-element elementor-element-d1e01ec ae-link-yes\" data-eae-slider=\"61771\" data-id=\"d1e01ec\" data-element_type=\"column\" data-e-type=\"column\" data-settings=\"{&quot;background_background&quot;:&quot;classic&quot;}\">\n\t\t\t<div class=\"elementor-widget-wrap elementor-element-populated\">\n\t\t\t\t\t<div class=\"elementor-background-overlay\"><\/div>\n\t\t\t\t\t\t<div class=\"elementor-element elementor-element-99f5af7 elementor-widget elementor-widget-spacer\" data-id=\"99f5af7\" data-element_type=\"widget\" data-e-type=\"widget\" data-widget_type=\"spacer.default\">\n\t\t\t\t<div class=\"elementor-widget-container\">\n\t\t\t\t\t\t\t<div class=\"elementor-spacer\">\n\t\t\t<div class=\"elementor-spacer-inner\"><\/div>\n\t\t<\/div>\n\t\t\t\t\t\t<\/div>\n\t\t\t\t<\/div>\n\t\t\t\t<div class=\"elementor-element elementor-element-cc43c30 elementor-widget__width-initial elementor-widget elementor-widget-jkit_heading\" data-id=\"cc43c30\" data-element_type=\"widget\" data-e-type=\"widget\" data-widget_type=\"jkit_heading.default\">\n\t\t\t\t<div class=\"elementor-widget-container\">\n\t\t\t\t\t<div  class=\"jeg-elementor-kit jkit-heading  align-left align-tablet- align-mobile- jeg_module__5_69edcba105809\" ><div class=\"heading-section-title  display-inline-block\"><h2 class=\"heading-title\">Walk Along the Akerselva River<\/h2><\/div><h3 class=\"heading-section-subtitle  style-color\">Historic riverside walk \u2013 adapted to your wishes<\/h3><\/div>\t\t\t\t<\/div>\n\t\t\t\t<\/div>\n\t\t\t\t<div class=\"elementor-element elementor-element-65e7106 elementor-view-framed elementor-widget__width-auto elementor-shape-circle elementor-widget elementor-widget-icon\" data-id=\"65e7106\" data-element_type=\"widget\" data-e-type=\"widget\" data-widget_type=\"icon.default\">\n\t\t\t\t<div class=\"elementor-widget-container\">\n\t\t\t\t\t\t\t<div class=\"elementor-icon-wrapper\">\n\t\t\t<a class=\"elementor-icon\" href=\"\/en\/explore-oslo\/akerselva-river\/\">\n\t\t\t<i aria-hidden=\"true\" class=\"jki jki-arrow-up-right-line\"><\/i>\t\t\t<\/a>\n\t\t<\/div>\n\t\t\t\t\t\t<\/div>\n\t\t\t\t<\/div>\n\t\t\t\t\t<\/div>\n\t\t<\/div>\n\t\t\t\t<div data-wts-url=\"https:\/\/osloguide.no\/en\/city-tours\/from-gronland-to-the-city-centre\/\" data-wts-link=\"yes\" data-wts-new-window=\"\" class=\"has_eae_slider elementor-column elementor-col-50 elementor-inner-column elementor-element elementor-element-2c224d0 ae-link-yes\" data-eae-slider=\"14754\" data-id=\"2c224d0\" data-element_type=\"column\" data-e-type=\"column\" data-settings=\"{&quot;background_background&quot;:&quot;classic&quot;}\">\n\t\t\t<div class=\"elementor-widget-wrap elementor-element-populated\">\n\t\t\t\t\t<div class=\"elementor-background-overlay\"><\/div>\n\t\t\t\t\t\t<div class=\"elementor-element elementor-element-35610cf elementor-widget elementor-widget-spacer\" data-id=\"35610cf\" data-element_type=\"widget\" data-e-type=\"widget\" data-widget_type=\"spacer.default\">\n\t\t\t\t<div class=\"elementor-widget-container\">\n\t\t\t\t\t\t\t<div class=\"elementor-spacer\">\n\t\t\t<div class=\"elementor-spacer-inner\"><\/div>\n\t\t<\/div>\n\t\t\t\t\t\t<\/div>\n\t\t\t\t<\/div>\n\t\t\t\t<div class=\"elementor-element elementor-element-474d44b elementor-widget__width-initial elementor-widget elementor-widget-jkit_heading\" data-id=\"474d44b\" data-element_type=\"widget\" data-e-type=\"widget\" data-widget_type=\"jkit_heading.default\">\n\t\t\t\t<div class=\"elementor-widget-container\">\n\t\t\t\t\t<div  class=\"jeg-elementor-kit jkit-heading  align-left align-tablet- align-mobile- jeg_module__6_69edcba107621\" ><div class=\"heading-section-title  display-inline-block\"><h2 class=\"heading-title\">From Gr\u00f8nland to Bj\u00f8rvika<\/h2><\/div><h3 class=\"heading-section-subtitle  style-color\">Urban walk through modern Oslo<\/h3><\/div>\t\t\t\t<\/div>\n\t\t\t\t<\/div>\n\t\t\t\t<div class=\"elementor-element elementor-element-83a935e elementor-view-framed elementor-widget__width-auto elementor-shape-circle elementor-widget elementor-widget-icon\" data-id=\"83a935e\" data-element_type=\"widget\" data-e-type=\"widget\" data-widget_type=\"icon.default\">\n\t\t\t\t<div class=\"elementor-widget-container\">\n\t\t\t\t\t\t\t<div class=\"elementor-icon-wrapper\">\n\t\t\t<a class=\"elementor-icon\" href=\"\/en\/explore-oslo\/modern-oslo\/\">\n\t\t\t<i aria-hidden=\"true\" class=\"jki jki-arrow-up-right-line\"><\/i>\t\t\t<\/a>\n\t\t<\/div>\n\t\t\t\t\t\t<\/div>\n\t\t\t\t<\/div>\n\t\t\t\t\t<\/div>\n\t\t<\/div>\n\t\t\t\t\t<\/div>\n\t\t<\/section>\n\t\t\t\t<section class=\"has_eae_slider elementor-section elementor-inner-section elementor-element elementor-element-030d3b8 elementor-section-boxed elementor-section-height-default elementor-section-height-default\" data-eae-slider=\"35507\" data-id=\"030d3b8\" data-element_type=\"section\" data-e-type=\"section\">\n\t\t\t\t\t\t<div class=\"elementor-container elementor-column-gap-no\">\n\t\t\t\t\t<div data-wts-url=\"https:\/\/osloguide.no\/en\/city-tours\/explore-vigelandsparken\/\" data-wts-link=\"yes\" data-wts-new-window=\"\" class=\"has_eae_slider elementor-column elementor-col-100 elementor-inner-column elementor-element elementor-element-f11f4ae ae-link-yes\" data-eae-slider=\"92350\" data-id=\"f11f4ae\" data-element_type=\"column\" data-e-type=\"column\" data-settings=\"{&quot;background_background&quot;:&quot;classic&quot;}\">\n\t\t\t<div class=\"elementor-widget-wrap elementor-element-populated\">\n\t\t\t\t\t<div class=\"elementor-background-overlay\"><\/div>\n\t\t\t\t\t\t<div class=\"elementor-element elementor-element-63949b2 elementor-widget elementor-widget-spacer\" data-id=\"63949b2\" data-element_type=\"widget\" data-e-type=\"widget\" data-widget_type=\"spacer.default\">\n\t\t\t\t<div class=\"elementor-widget-container\">\n\t\t\t\t\t\t\t<div class=\"elementor-spacer\">\n\t\t\t<div class=\"elementor-spacer-inner\"><\/div>\n\t\t<\/div>\n\t\t\t\t\t\t<\/div>\n\t\t\t\t<\/div>\n\t\t\t\t<div class=\"elementor-element elementor-element-178abb0 elementor-widget__width-initial elementor-widget elementor-widget-jkit_heading\" data-id=\"178abb0\" data-element_type=\"widget\" data-e-type=\"widget\" data-widget_type=\"jkit_heading.default\">\n\t\t\t\t<div class=\"elementor-widget-container\">\n\t\t\t\t\t<div  class=\"jeg-elementor-kit jkit-heading  align-left align-tablet- align-mobile- jeg_module__7_69edcba109c3d\" ><div class=\"heading-section-title  display-inline-block\"><h2 class=\"heading-title\">Vigeland Sculpture Park<\/h2><\/div><h3 class=\"heading-section-subtitle  style-color\">Experience the iconic sculpture park with your own guide<\/h3><\/div>\t\t\t\t<\/div>\n\t\t\t\t<\/div>\n\t\t\t\t<div class=\"elementor-element elementor-element-df88f55 elementor-view-framed elementor-widget__width-auto elementor-shape-circle elementor-widget elementor-widget-icon\" data-id=\"df88f55\" data-element_type=\"widget\" data-e-type=\"widget\" data-widget_type=\"icon.default\">\n\t\t\t\t<div class=\"elementor-widget-container\">\n\t\t\t\t\t\t\t<div class=\"elementor-icon-wrapper\">\n\t\t\t<a class=\"elementor-icon\" href=\"\/en\/explore-oslo\/vigeland-park\/\">\n\t\t\t<i aria-hidden=\"true\" class=\"jki jki-arrow-up-right-line\"><\/i>\t\t\t<\/a>\n\t\t<\/div>\n\t\t\t\t\t\t<\/div>\n\t\t\t\t<\/div>\n\t\t\t\t\t<\/div>\n\t\t<\/div>\n\t\t\t\t\t<\/div>\n\t\t<\/section>\n\t\t\t\t\t<\/div>\n\t\t<\/div>\n\t\t\t\t\t<\/div>\n\t\t<\/section>\n\t\t\t\t<\/div>","protected":false},"excerpt":{"rendered":"<p>Hjem Utforsk Oslo Utforsk Oslo Utforsk Oslo med en egen guide og et opplegg tilpasset deres behov. V\u00e5re private byvandringer passer for grupper i alle st\u00f8rrelser, og innholdet skreddersys etter interesser, tid og \u00f8nsker. Velg blant ulike temaer og omr\u00e5der \u2013 eller la oss sette sammen noe helt unikt. Perfekt for bedrifter, skoleklasser, vennegjenger og [&hellip;]<\/p>\n","protected":false},"author":4,"featured_media":1170,"parent":0,"menu_order":0,"comment_status":"closed","ping_status":"closed","template":"elementor_header_footer","meta":{"footnotes":""},"class_list":["post-1823","page","type-page","status-publish","has-post-thumbnail","hentry"],"yoast_head":"<!-- This site is optimized with the Yoast SEO plugin v27.4 - https:\/\/yoast.com\/product\/yoast-seo-wordpress\/ -->\n<title>Utforsk Oslo med guide \u2013 private byvandringer for grupper<\/title>\n<meta name=\"description\" content=\"Oppdag Oslo med privat guide. Utforsk byen p\u00e5 deres egne premisser \u2013 vi tilbyr skreddersydde vandringer for grupper i alle st\u00f8rrelser.\" \/>\n<meta name=\"robots\" content=\"index, follow, max-snippet:-1, max-image-preview:large, max-video-preview:-1\" \/>\n<link rel=\"canonical\" href=\"https:\/\/osloguide.no\/en\/explore-oslo\/\" \/>\n<meta property=\"og:locale\" content=\"en_GB\" \/>\n<meta property=\"og:type\" content=\"article\" \/>\n<meta property=\"og:title\" content=\"Utforsk Oslo med guide \u2013 private byvandringer for grupper\" \/>\n<meta property=\"og:description\" content=\"Oppdag Oslo med privat guide. Utforsk byen p\u00e5 deres egne premisser \u2013 vi tilbyr skreddersydde vandringer for grupper i alle st\u00f8rrelser.\" \/>\n<meta property=\"og:url\" content=\"https:\/\/osloguide.no\/en\/explore-oslo\/\" \/>\n<meta property=\"og:site_name\" content=\"Oslo Guidebureau\" \/>\n<meta property=\"article:publisher\" content=\"https:\/\/www.facebook.com\/osloguide\" \/>\n<meta property=\"article:modified_time\" content=\"2025-10-17T12:46:40+00:00\" \/>\n<meta property=\"og:image\" content=\"https:\/\/osloguide.no\/wp-content\/uploads\/2024\/04\/opengraph_osloguide.png\" \/>\n\t<meta property=\"og:image:width\" content=\"1200\" \/>\n\t<meta property=\"og:image:height\" content=\"630\" \/>\n\t<meta property=\"og:image:type\" content=\"image\/png\" \/>\n<meta name=\"twitter:card\" content=\"summary_large_image\" \/>\n<meta name=\"twitter:label1\" content=\"Estimated reading time\" \/>\n\t<meta name=\"twitter:data1\" content=\"2 minutes\" \/>\n<script type=\"application\/ld+json\" class=\"yoast-schema-graph\">{\"@context\":\"https:\\\/\\\/schema.org\",\"@graph\":[{\"@type\":\"WebPage\",\"@id\":\"https:\\\/\\\/osloguide.no\\\/utforsk-oslo\\\/\",\"url\":\"https:\\\/\\\/osloguide.no\\\/utforsk-oslo\\\/\",\"name\":\"Utforsk Oslo med guide \u2013 private byvandringer for grupper\",\"isPartOf\":{\"@id\":\"https:\\\/\\\/osloguide.no\\\/#website\"},\"primaryImageOfPage\":{\"@id\":\"https:\\\/\\\/osloguide.no\\\/utforsk-oslo\\\/#primaryimage\"},\"image\":{\"@id\":\"https:\\\/\\\/osloguide.no\\\/utforsk-oslo\\\/#primaryimage\"},\"thumbnailUrl\":\"https:\\\/\\\/osloguide.no\\\/wp-content\\\/uploads\\\/2024\\\/04\\\/opengraph_osloguide.png\",\"datePublished\":\"2025-04-20T17:10:07+00:00\",\"dateModified\":\"2025-10-17T12:46:40+00:00\",\"description\":\"Oppdag Oslo med privat guide. Utforsk byen p\u00e5 deres egne premisser \u2013 vi tilbyr skreddersydde vandringer for grupper i alle st\u00f8rrelser.\",\"breadcrumb\":{\"@id\":\"https:\\\/\\\/osloguide.no\\\/utforsk-oslo\\\/#breadcrumb\"},\"inLanguage\":\"en-GB\",\"potentialAction\":[{\"@type\":\"ReadAction\",\"target\":[\"https:\\\/\\\/osloguide.no\\\/utforsk-oslo\\\/\"]}]},{\"@type\":\"ImageObject\",\"inLanguage\":\"en-GB\",\"@id\":\"https:\\\/\\\/osloguide.no\\\/utforsk-oslo\\\/#primaryimage\",\"url\":\"https:\\\/\\\/osloguide.no\\\/wp-content\\\/uploads\\\/2024\\\/04\\\/opengraph_osloguide.png\",\"contentUrl\":\"https:\\\/\\\/osloguide.no\\\/wp-content\\\/uploads\\\/2024\\\/04\\\/opengraph_osloguide.png\",\"width\":1200,\"height\":630},{\"@type\":\"BreadcrumbList\",\"@id\":\"https:\\\/\\\/osloguide.no\\\/utforsk-oslo\\\/#breadcrumb\",\"itemListElement\":[{\"@type\":\"ListItem\",\"position\":1,\"name\":\"Hjem\",\"item\":\"https:\\\/\\\/osloguide.no\\\/\"},{\"@type\":\"ListItem\",\"position\":2,\"name\":\"Utforsk Oslo\"}]},{\"@type\":\"WebSite\",\"@id\":\"https:\\\/\\\/osloguide.no\\\/#website\",\"url\":\"https:\\\/\\\/osloguide.no\\\/\",\"name\":\"Oslo Guidebureau\",\"description\":\"Over 25 \u00e5rs erfaring med guiding i Oslo\",\"potentialAction\":[{\"@type\":\"SearchAction\",\"target\":{\"@type\":\"EntryPoint\",\"urlTemplate\":\"https:\\\/\\\/osloguide.no\\\/?s={search_term_string}\"},\"query-input\":{\"@type\":\"PropertyValueSpecification\",\"valueRequired\":true,\"valueName\":\"search_term_string\"}}],\"inLanguage\":\"en-GB\"}]}<\/script>\n<!-- \/ Yoast SEO plugin. -->","yoast_head_json":{"title":"Explore Oslo with a guide \u2013 private walking tours for groups","description":"Discover Oslo with a private guide. Explore the city on your own terms \u2013 we offer tailored walking tours for groups of all sizes.","robots":{"index":"index","follow":"follow","max-snippet":"max-snippet:-1","max-image-preview":"max-image-preview:large","max-video-preview":"max-video-preview:-1"},"canonical":"https:\/\/osloguide.no\/en\/explore-oslo\/","og_locale":"en_GB","og_type":"article","og_title":"Utforsk Oslo med guide \u2013 private byvandringer for grupper","og_description":"Oppdag Oslo med privat guide. Utforsk byen p\u00e5 deres egne premisser \u2013 vi tilbyr skreddersydde vandringer for grupper i alle st\u00f8rrelser.","og_url":"https:\/\/osloguide.no\/en\/explore-oslo\/","og_site_name":"Oslo Guidebureau","article_publisher":"https:\/\/www.facebook.com\/osloguide","article_modified_time":"2025-10-17T12:46:40+00:00","og_image":[{"width":1200,"height":630,"url":"https:\/\/osloguide.no\/wp-content\/uploads\/2024\/04\/opengraph_osloguide.png","type":"image\/png"}],"twitter_card":"summary_large_image","twitter_misc":{"Estimated reading time":"2 minutes"},"schema":{"@context":"https:\/\/schema.org","@graph":[{"@type":"WebPage","@id":"https:\/\/osloguide.no\/utforsk-oslo\/","url":"https:\/\/osloguide.no\/utforsk-oslo\/","name":"Explore Oslo with a guide \u2013 private walking tours for groups","isPartOf":{"@id":"https:\/\/osloguide.no\/#website"},"primaryImageOfPage":{"@id":"https:\/\/osloguide.no\/utforsk-oslo\/#primaryimage"},"image":{"@id":"https:\/\/osloguide.no\/utforsk-oslo\/#primaryimage"},"thumbnailUrl":"https:\/\/osloguide.no\/wp-content\/uploads\/2024\/04\/opengraph_osloguide.png","datePublished":"2025-04-20T17:10:07+00:00","dateModified":"2025-10-17T12:46:40+00:00","description":"Discover Oslo with a private guide. Explore the city on your own terms \u2013 we offer tailored walking tours for groups of all sizes.","breadcrumb":{"@id":"https:\/\/osloguide.no\/utforsk-oslo\/#breadcrumb"},"inLanguage":"en-GB","potentialAction":[{"@type":"ReadAction","target":["https:\/\/osloguide.no\/utforsk-oslo\/"]}]},{"@type":"ImageObject","inLanguage":"en-GB","@id":"https:\/\/osloguide.no\/utforsk-oslo\/#primaryimage","url":"https:\/\/osloguide.no\/wp-content\/uploads\/2024\/04\/opengraph_osloguide.png","contentUrl":"https:\/\/osloguide.no\/wp-content\/uploads\/2024\/04\/opengraph_osloguide.png","width":1200,"height":630},{"@type":"BreadcrumbList","@id":"https:\/\/osloguide.no\/utforsk-oslo\/#breadcrumb","itemListElement":[{"@type":"ListItem","position":1,"name":"Hjem","item":"https:\/\/osloguide.no\/"},{"@type":"ListItem","position":2,"name":"Utforsk Oslo"}]},{"@type":"WebSite","@id":"https:\/\/osloguide.no\/#website","url":"https:\/\/osloguide.no\/","name":"Oslo Guidebureau","description":"Over 25 \u00e5rs erfaring med guiding i Oslo","potentialAction":[{"@type":"SearchAction","target":{"@type":"EntryPoint","urlTemplate":"https:\/\/osloguide.no\/?s={search_term_string}"},"query-input":{"@type":"PropertyValueSpecification","valueRequired":true,"valueName":"search_term_string"}}],"inLanguage":"en-GB"}]}},"_links":{"self":[{"href":"https:\/\/osloguide.no\/en\/wp-json\/wp\/v2\/pages\/1823","targetHints":{"allow":["GET"]}}],"collection":[{"href":"https:\/\/osloguide.no\/en\/wp-json\/wp\/v2\/pages"}],"about":[{"href":"https:\/\/osloguide.no\/en\/wp-json\/wp\/v2\/types\/page"}],"author":[{"embeddable":true,"href":"https:\/\/osloguide.no\/en\/wp-json\/wp\/v2\/users\/4"}],"replies":[{"embeddable":true,"href":"https:\/\/osloguide.no\/en\/wp-json\/wp\/v2\/comments?post=1823"}],"version-history":[{"count":5,"href":"https:\/\/osloguide.no\/en\/wp-json\/wp\/v2\/pages\/1823\/revisions"}],"predecessor-version":[{"id":2275,"href":"https:\/\/osloguide.no\/en\/wp-json\/wp\/v2\/pages\/1823\/revisions\/2275"}],"wp:featuredmedia":[{"embeddable":true,"href":"https:\/\/osloguide.no\/en\/wp-json\/wp\/v2\/media\/1170"}],"wp:attachment":[{"href":"https:\/\/osloguide.no\/en\/wp-json\/wp\/v2\/media?parent=1823"}],"curies":[{"name":"wp","href":"https:\/\/api.w.org\/{rel}","templated":true}]}}