{"id":24,"date":"2023-08-04T13:41:04","date_gmt":"2023-08-04T11:41:04","guid":{"rendered":"https:\/\/osloguidebyra.hornmedia.no\/?page_id=24"},"modified":"2026-01-06T13:01:03","modified_gmt":"2026-01-06T12:01:03","slug":"faq","status":"publish","type":"page","link":"https:\/\/osloguide.no\/de\/faq\/","title":{"rendered":"FAQ"},"content":{"rendered":"<div data-elementor-type=\"wp-page\" data-elementor-id=\"24\" class=\"elementor elementor-24\" data-elementor-post-type=\"page\">\n\t\t\t\t\t\t<section class=\"has_eae_slider elementor-section elementor-top-section elementor-element elementor-element-bbd9941 elementor-section-boxed elementor-section-height-default elementor-section-height-default\" data-eae-slider=\"3136\" data-id=\"bbd9941\" data-element_type=\"section\" data-e-type=\"section\" data-settings=\"{&quot;background_background&quot;:&quot;classic&quot;}\">\n\t\t\t\t\t\t<div class=\"elementor-container elementor-column-gap-no\">\n\t\t\t\t\t<div class=\"has_eae_slider elementor-column elementor-col-100 elementor-top-column elementor-element elementor-element-b225706\" data-eae-slider=\"2692\" data-id=\"b225706\" data-element_type=\"column\" data-e-type=\"column\">\n\t\t\t<div class=\"elementor-widget-wrap elementor-element-populated\">\n\t\t\t\t\t\t<section class=\"has_eae_slider elementor-section elementor-inner-section elementor-element elementor-element-092b529 elementor-section-content-middle elementor-section-boxed elementor-section-height-default elementor-section-height-default\" data-eae-slider=\"25350\" data-id=\"092b529\" data-element_type=\"section\" data-e-type=\"section\">\n\t\t\t\t\t\t<div class=\"elementor-container elementor-column-gap-no\">\n\t\t\t\t\t<div class=\"has_eae_slider elementor-column elementor-col-100 elementor-inner-column elementor-element elementor-element-cd55ab4\" data-eae-slider=\"64809\" data-id=\"cd55ab4\" data-element_type=\"column\" data-e-type=\"column\">\n\t\t\t<div class=\"elementor-widget-wrap elementor-element-populated\">\n\t\t\t\t\t\t<div class=\"elementor-element elementor-element-d027ec1 elementor-icon-list--layout-inline elementor-widget__width-auto elementor-list-item-link-full_width elementor-widget elementor-widget-icon-list\" data-id=\"d027ec1\" data-element_type=\"widget\" data-e-type=\"widget\" data-widget_type=\"icon-list.default\">\n\t\t\t\t<div class=\"elementor-widget-container\">\n\t\t\t\t\t\t\t<ul class=\"elementor-icon-list-items elementor-inline-items\">\n\t\t\t\t\t\t\t<li class=\"elementor-icon-list-item elementor-inline-item\">\n\t\t\t\t\t\t\t\t\t\t\t<a href=\"https:\/\/osloguide.no\/de\">\n\n\t\t\t\t\t\t\t\t\t\t\t<span class=\"elementor-icon-list-text\">Startseite<\/span>\n\t\t\t\t\t\t\t\t\t\t\t<\/a>\n\t\t\t\t\t\t\t\t\t<\/li>\n\t\t\t\t\t\t\t\t<li class=\"elementor-icon-list-item elementor-inline-item\">\n\t\t\t\t\t\t\t\t\t\t\t<span class=\"elementor-icon-list-icon\">\n\t\t\t\t\t\t\t<i aria-hidden=\"true\" class=\"fas fa-chevron-circle-right\"><\/i>\t\t\t\t\t\t<\/span>\n\t\t\t\t\t\t\t\t\t\t<span class=\"elementor-icon-list-text\">FAQ<\/span>\n\t\t\t\t\t\t\t\t\t<\/li>\n\t\t\t\t\t\t<\/ul>\n\t\t\t\t\t\t<\/div>\n\t\t\t\t<\/div>\n\t\t\t\t<div class=\"elementor-element elementor-element-dfeb7c3 elementor-widget elementor-widget-heading\" data-id=\"dfeb7c3\" data-element_type=\"widget\" data-e-type=\"widget\" data-widget_type=\"heading.default\">\n\t\t\t\t<div class=\"elementor-widget-container\">\n\t\t\t\t\t<h2 class=\"elementor-heading-title elementor-size-default\">H\u00e4ufig gestellte Fragen<\/h2>\t\t\t\t<\/div>\n\t\t\t\t<\/div>\n\t\t\t\t<div class=\"elementor-element elementor-element-f327b1c elementor-widget elementor-widget-text-editor\" data-id=\"f327b1c\" data-element_type=\"widget\" data-e-type=\"widget\" data-widget_type=\"text-editor.default\">\n\t\t\t\t<div class=\"elementor-widget-container\">\n\t\t\t\t\t\t\t\t\t<p>Wir haben einige der am h\u00e4ufigsten gestellten Fragen unserer Kunden gesammelt.<\/p>\t\t\t\t\t\t\t\t<\/div>\n\t\t\t\t<\/div>\n\t\t\t\t\t<\/div>\n\t\t<\/div>\n\t\t\t\t\t<\/div>\n\t\t<\/section>\n\t\t\t\t<section class=\"has_eae_slider elementor-section elementor-inner-section elementor-element elementor-element-9ac5a67 elementor-section-boxed elementor-section-height-default elementor-section-height-default\" data-eae-slider=\"66425\" data-id=\"9ac5a67\" data-element_type=\"section\" data-e-type=\"section\">\n\t\t\t\t\t\t<div class=\"elementor-container elementor-column-gap-no\">\n\t\t\t\t\t<div class=\"has_eae_slider elementor-column elementor-col-50 elementor-inner-column elementor-element elementor-element-fe1d33e\" data-eae-slider=\"46584\" data-id=\"fe1d33e\" data-element_type=\"column\" data-e-type=\"column\">\n\t\t\t<div class=\"elementor-widget-wrap elementor-element-populated\">\n\t\t\t\t\t\t<div class=\"elementor-element elementor-element-bdca1bb elementor-widget elementor-widget-jkit_accordion\" data-id=\"bdca1bb\" data-element_type=\"widget\" data-e-type=\"widget\" data-widget_type=\"jkit_accordion.default\">\n\t\t\t\t<div class=\"elementor-widget-container\">\n\t\t\t\t\t<div  class=\"jeg-elementor-kit jkit-accordion style-default jeg_module___69ff2d20b550f\" ><div class=\"card-wrapper\">\n                <div class=\"card-header\">\n                    <a href=\"#expand-5feba67\" class=\"card-header-button\" aria-expanded=\"false\" data-target=\"#expand-5feba67\" aria-controls=\"expand-5feba67\">\n                        <span class=\"title\">1. Was kostet ein Guide?<\/span><div class=\"right-icon-group\">\n                <div class=\"normal-icon\"><i aria-hidden=\"true\" class=\"fas fa-chevron-down\"><\/i><\/div>\n                <div class=\"active-icon\"><i aria-hidden=\"true\" class=\"fas fa-chevron-up\"><\/i><\/div>\n            <\/div>\n                    <\/a>\n                <\/div>\n                <div class=\"card-expand\" id=\"expand-5feba67\" style=\"display:none\"><div class=\"card-body\"><p>Im Jahr 2026 betr\u00e4gt der Preis f\u00fcr eine regul\u00e4re 3-st\u00fcndige Sightseeing-Tour f\u00fcr bis zu 20 Personen 3.490 NOK. Jede zus\u00e4tzliche Stunde kostet 790 NOK.<\/p><p>An Feiertagen und w\u00e4hrend der Arbeitszeiten zwischen 06:00-08:00 und 20:00-23:00 gilt ein Zuschlag von 50 %. Nach 23:00 bis 06:00 gilt ein Zuschlag von 100 %.<\/p><p>Falls Transport oder Museumseintritte gew\u00fcnscht werden, kommen diese zus\u00e4tzlich hinzu.<\/p><\/div><\/div>\n            <\/div><div class=\"card-wrapper\">\n                <div class=\"card-header\">\n                    <a href=\"#expand-2c45923\" class=\"card-header-button\" aria-expanded=\"false\" data-target=\"#expand-2c45923\" aria-controls=\"expand-2c45923\">\n                        <span class=\"title\">2. Was ist in einer standardm\u00e4\u00dfigen 3-st\u00fcndigen Stadtrundfahrt enthalten?<\/span><div class=\"right-icon-group\">\n                <div class=\"normal-icon\"><i aria-hidden=\"true\" class=\"fas fa-chevron-down\"><\/i><\/div>\n                <div class=\"active-icon\"><i aria-hidden=\"true\" class=\"fas fa-chevron-up\"><\/i><\/div>\n            <\/div>\n                    <\/a>\n                <\/div>\n                <div class=\"card-expand\" id=\"expand-2c45923\" style=\"display:none\"><div class=\"card-body\"><p>Eine standardm\u00e4\u00dfige 3-st\u00fcndige Stadtrundfahrt mit dem Bus beinhaltet in der Regel eine kurze Tour durch das Stadtzentrum, einen Besuch im Vigeland-Park und einen Fotostopp am Holmenkollen. Gro\u00dfe Teile der Osloer Innenstadt sind mittlerweile Fu\u00dfg\u00e4ngerzonen und k\u00f6nnen nicht mit dem Bus besichtigt werden. Die Tour kann selbstverst\u00e4ndlich ganz nach Ihren W\u00fcnschen angepasst werden, zum Beispiel, indem Holmenkollen durch eines der Museen auf Bygd\u00f8y ersetzt wird \u2013 oder wie w\u00e4re es mit einem Besuch in unserem beeindruckenden Rathaus? Rechnen Sie mit ca. 1 Stunde pro Attraktion.<\/p><\/div><\/div>\n            <\/div><div class=\"card-wrapper\">\n                <div class=\"card-header\">\n                    <a href=\"#expand-b8f5df9\" class=\"card-header-button\" aria-expanded=\"false\" data-target=\"#expand-b8f5df9\" aria-controls=\"expand-b8f5df9\">\n                        <span class=\"title\">3. Wie kann ich einen privaten Guide buchen?<\/span><div class=\"right-icon-group\">\n                <div class=\"normal-icon\"><i aria-hidden=\"true\" class=\"fas fa-chevron-down\"><\/i><\/div>\n                <div class=\"active-icon\"><i aria-hidden=\"true\" class=\"fas fa-chevron-up\"><\/i><\/div>\n            <\/div>\n                    <\/a>\n                <\/div>\n                <div class=\"card-expand\" id=\"expand-b8f5df9\" style=\"display:none\"><div class=\"card-body\"><p class=\"translation-block\">Wie kann ich einen privaten Guide buchen?\nKontaktieren Sie uns unter info@osloguide.no oder telefonisch unter 22 42 28 18, und wir helfen Ihnen gerne bei der Programmgestaltung und der Buchung eines Guides. Sie k\u00f6nnen auch unser <a href=\"https:\/\/osloguide.no\/de\/kontakt\/\" target=\"_self\">Kontaktformular<\/a> verwenden.<\/p><\/div><\/div>\n            <\/div><div class=\"card-wrapper\">\n                <div class=\"card-header\">\n                    <a href=\"#expand-6948e18\" class=\"card-header-button\" aria-expanded=\"false\" data-target=\"#expand-6948e18\" aria-controls=\"expand-6948e18\">\n                        <span class=\"title\">4. Wie viele Guides haben Sie?<\/span><div class=\"right-icon-group\">\n                <div class=\"normal-icon\"><i aria-hidden=\"true\" class=\"fas fa-chevron-down\"><\/i><\/div>\n                <div class=\"active-icon\"><i aria-hidden=\"true\" class=\"fas fa-chevron-up\"><\/i><\/div>\n            <\/div>\n                    <\/a>\n                <\/div>\n                <div class=\"card-expand\" id=\"expand-6948e18\" style=\"display:none\"><div class=\"card-body\"><p>Wir haben mehr als 250 autorisierte Guides in Oslo sowie gute Kontakte zu erfahrenen Guides in Bergen, Stavanger, Stockholm und Kopenhagen.<\/p><\/div><\/div>\n            <\/div><div class=\"card-wrapper\">\n                <div class=\"card-header\">\n                    <a href=\"#expand-45211be\" class=\"card-header-button\" aria-expanded=\"false\" data-target=\"#expand-45211be\" aria-controls=\"expand-45211be\">\n                        <span class=\"title\">5. Wie bezahle ich?<\/span><div class=\"right-icon-group\">\n                <div class=\"normal-icon\"><i aria-hidden=\"true\" class=\"fas fa-chevron-down\"><\/i><\/div>\n                <div class=\"active-icon\"><i aria-hidden=\"true\" class=\"fas fa-chevron-up\"><\/i><\/div>\n            <\/div>\n                    <\/a>\n                <\/div>\n                <div class=\"card-expand\" id=\"expand-45211be\" style=\"display:none\"><div class=\"card-body\"><p>Es gibt mehrere M\u00f6glichkeiten. Wir senden Ihnen gerne eine Rechnung oder einen Link zur Zahlung mit Kreditkarte. F\u00fcr unsere regelm\u00e4\u00dfig stattfindenden Touren wie City Walks k\u00f6nnen Sie Ihr Ticket online kaufen oder mit Vipps bezahlen.<\/p><\/div><\/div>\n            <\/div><\/div>\t\t\t\t<\/div>\n\t\t\t\t<\/div>\n\t\t\t\t\t<\/div>\n\t\t<\/div>\n\t\t\t\t<div class=\"has_eae_slider elementor-column elementor-col-50 elementor-inner-column elementor-element elementor-element-9a2f41b\" data-eae-slider=\"42774\" data-id=\"9a2f41b\" data-element_type=\"column\" data-e-type=\"column\">\n\t\t\t<div class=\"elementor-widget-wrap elementor-element-populated\">\n\t\t\t\t\t\t<div class=\"elementor-element elementor-element-438ee0c elementor-widget elementor-widget-jkit_accordion\" data-id=\"438ee0c\" data-element_type=\"widget\" data-e-type=\"widget\" data-widget_type=\"jkit_accordion.default\">\n\t\t\t\t<div class=\"elementor-widget-container\">\n\t\t\t\t\t<div  class=\"jeg-elementor-kit jkit-accordion style-default jeg_module__1_69ff2d20b6e0a\" ><div class=\"card-wrapper\">\n                <div class=\"card-header\">\n                    <a href=\"#expand-5feba67\" class=\"card-header-button\" aria-expanded=\"false\" data-target=\"#expand-5feba67\" aria-controls=\"expand-5feba67\">\n                        <span class=\"title\">6. K\u00f6nnen Sie den Transport organisieren?<\/span><div class=\"right-icon-group\">\n                <div class=\"normal-icon\"><i aria-hidden=\"true\" class=\"fas fa-chevron-down\"><\/i><\/div>\n                <div class=\"active-icon\"><i aria-hidden=\"true\" class=\"fas fa-chevron-up\"><\/i><\/div>\n            <\/div>\n                    <\/a>\n                <\/div>\n                <div class=\"card-expand\" id=\"expand-5feba67\" style=\"display:none\"><div class=\"card-body\"><p>Ja, das k\u00f6nnen wir! Wir arbeiten eng mit den Transportunternehmen in der Stadt zusammen und arrangieren gerne Transport f\u00fcr Gruppen jeder Gr\u00f6\u00dfe. Kontaktieren Sie uns bitte unter info@osloguide.no oder telefonisch unter 22 42 28 18.<\/p><\/div><\/div>\n            <\/div><div class=\"card-wrapper\">\n                <div class=\"card-header\">\n                    <a href=\"#expand-2c45923\" class=\"card-header-button\" aria-expanded=\"false\" data-target=\"#expand-2c45923\" aria-controls=\"expand-2c45923\">\n                        <span class=\"title\">7. K\u00f6nnen Sie f\u00fcr uns die Eintrittskarten f\u00fcr die Museen besorgen?<\/span><div class=\"right-icon-group\">\n                <div class=\"normal-icon\"><i aria-hidden=\"true\" class=\"fas fa-chevron-down\"><\/i><\/div>\n                <div class=\"active-icon\"><i aria-hidden=\"true\" class=\"fas fa-chevron-up\"><\/i><\/div>\n            <\/div>\n                    <\/a>\n                <\/div>\n                <div class=\"card-expand\" id=\"expand-2c45923\" style=\"display:none\"><div class=\"card-body\"><p>Auf jeden Fall! Wir k\u00f6nnen den Eintritt zu allen Museen in Oslo f\u00fcr Sie und Ihre G\u00e4ste arrangieren. Wir haben Gutscheinvereinbarungen mit den meisten Museen in Oslo, was bedeutet, dass Sie und Ihre G\u00e4ste nicht in der Schlange stehen m\u00fcssen, um einzutreten.<\/p><\/div><\/div>\n            <\/div><div class=\"card-wrapper\">\n                <div class=\"card-header\">\n                    <a href=\"#expand-b8f5df9\" class=\"card-header-button\" aria-expanded=\"false\" data-target=\"#expand-b8f5df9\" aria-controls=\"expand-b8f5df9\">\n                        <span class=\"title\">8. In wie vielen Sprachen k\u00f6nnen Sie einen Guide organisieren?<\/span><div class=\"right-icon-group\">\n                <div class=\"normal-icon\"><i aria-hidden=\"true\" class=\"fas fa-chevron-down\"><\/i><\/div>\n                <div class=\"active-icon\"><i aria-hidden=\"true\" class=\"fas fa-chevron-up\"><\/i><\/div>\n            <\/div>\n                    <\/a>\n                <\/div>\n                <div class=\"card-expand\" id=\"expand-b8f5df9\" style=\"display:none\"><div class=\"card-body\"><p>Unsere Guides sprechen mehr als 25 Sprachen. Einige dieser Sprachen sind: Norwegisch, Schwedisch, D\u00e4nisch, Finnisch, Englisch, Deutsch, Franz\u00f6sisch, Italienisch, Spanisch, Niederl\u00e4ndisch, Polnisch, T\u00fcrkisch, Russisch, Japanisch, Chinesisch, Walisisch, Griechisch, Hebr\u00e4isch, Ungarisch, Katalanisch, Portugiesisch, Koreanisch und Serbisch.<\/p><\/div><\/div>\n            <\/div><div class=\"card-wrapper\">\n                <div class=\"card-header\">\n                    <a href=\"#expand-96b2bf3\" class=\"card-header-button\" aria-expanded=\"false\" data-target=\"#expand-96b2bf3\" aria-controls=\"expand-96b2bf3\">\n                        <span class=\"title\">9. Haben Sie wetterbedingte Einschr\u00e4nkungen f\u00fcr gebuchte Stadtf\u00fchrungen?<\/span><div class=\"right-icon-group\">\n                <div class=\"normal-icon\"><i aria-hidden=\"true\" class=\"fas fa-chevron-down\"><\/i><\/div>\n                <div class=\"active-icon\"><i aria-hidden=\"true\" class=\"fas fa-chevron-up\"><\/i><\/div>\n            <\/div>\n                    <\/a>\n                <\/div>\n                <div class=\"card-expand\" id=\"expand-96b2bf3\" style=\"display:none\"><div class=\"card-body\"><p>Leider haben wir keine wetterbedingten Einschr\u00e4nkungen. Sehen Sie die Stornierungsfristen unten. Aber wir k\u00f6nnen Ihnen dabei helfen, das Programm zu \u00e4ndern, wenn es leicht regnet und Sie eine Stadtf\u00fchrung gebucht haben. Oder - Ziehen Sie Regenkleidung an und lassen Sie sich \u00fcberraschen, wie sch\u00f6n Oslo auch bei schlechtem Wetter sein kann!<\/p><\/div><\/div>\n            <\/div><div class=\"card-wrapper\">\n                <div class=\"card-header\">\n                    <a href=\"#expand-b434e09\" class=\"card-header-button\" aria-expanded=\"false\" data-target=\"#expand-b434e09\" aria-controls=\"expand-b434e09\">\n                        <span class=\"title\">10. Was ist die Stornierungsfrist?<\/span><div class=\"right-icon-group\">\n                <div class=\"normal-icon\"><i aria-hidden=\"true\" class=\"fas fa-chevron-down\"><\/i><\/div>\n                <div class=\"active-icon\"><i aria-hidden=\"true\" class=\"fas fa-chevron-up\"><\/i><\/div>\n            <\/div>\n                    <\/a>\n                <\/div>\n                <div class=\"card-expand\" id=\"expand-b434e09\" style=\"display:none\"><div class=\"card-body\"><p>Bei Stornierungen bis 72 Stunden vor Tourbeginn wird 50% der Tourkosten f\u00e4llig. Bei Stornierungen bis 48 Stunden vor Tourbeginn sind 100% der Kosten zu entrichten.<\/p><\/div><\/div>\n            <\/div><\/div>\t\t\t\t<\/div>\n\t\t\t\t<\/div>\n\t\t\t\t\t<\/div>\n\t\t<\/div>\n\t\t\t\t\t<\/div>\n\t\t<\/section>\n\t\t\t\t<section class=\"has_eae_slider elementor-section elementor-inner-section elementor-element elementor-element-f5361e5 elementor-section-boxed elementor-section-height-default elementor-section-height-default\" data-eae-slider=\"31409\" data-id=\"f5361e5\" data-element_type=\"section\" data-e-type=\"section\" data-settings=\"{&quot;background_background&quot;:&quot;video&quot;,&quot;background_video_link&quot;:&quot;https:\\\/\\\/www.youtube.com\\\/watch?v=IYSysBNVeiU&amp;list=TLGGNTL_Vh_gQAMwNDA4MjAyMw&quot;,&quot;background_video_start&quot;:0,&quot;background_video_end&quot;:164,&quot;background_play_on_mobile&quot;:&quot;yes&quot;}\">\n\t\t\t\t\t\t\t\t<div class=\"elementor-background-video-container\">\n\t\t\t\t\t\t\t\t\t\t\t\t\t<div class=\"elementor-background-video-embed\" role=\"presentation\"><\/div>\n\t\t\t\t\t\t\t\t\t\t\t\t<\/div>\n\t\t\t\t\t\t\t\t\t<div class=\"elementor-background-overlay\"><\/div>\n\t\t\t\t\t\t\t<div class=\"elementor-container elementor-column-gap-no\">\n\t\t\t\t\t<div class=\"has_eae_slider elementor-column elementor-col-100 elementor-inner-column elementor-element elementor-element-c838a0f\" data-eae-slider=\"75244\" data-id=\"c838a0f\" data-element_type=\"column\" data-e-type=\"column\">\n\t\t\t<div class=\"elementor-widget-wrap elementor-element-populated\">\n\t\t\t\t\t\t<div class=\"elementor-element elementor-element-63a2a6b elementor-widget elementor-widget-spacer\" data-id=\"63a2a6b\" data-element_type=\"widget\" data-e-type=\"widget\" data-widget_type=\"spacer.default\">\n\t\t\t\t<div class=\"elementor-widget-container\">\n\t\t\t\t\t\t\t<div class=\"elementor-spacer\">\n\t\t\t<div class=\"elementor-spacer-inner\"><\/div>\n\t\t<\/div>\n\t\t\t\t\t\t<\/div>\n\t\t\t\t<\/div>\n\t\t\t\t\t<\/div>\n\t\t<\/div>\n\t\t\t\t\t<\/div>\n\t\t<\/section>\n\t\t\t\t\t<\/div>\n\t\t<\/div>\n\t\t\t\t\t<\/div>\n\t\t<\/section>\n\t\t\t\t<\/div>","protected":false},"excerpt":{"rendered":"<p>Hjem FAQ Ofte stilte sp\u00f8rsm\u00e5l Vi har samler noen av de mest spurte sp\u00f8rsm\u00e5lene fra v\u00e5re kunder. 1. Hva koster en guide? I 2026 er prisen p\u00e5 en vanlig 3 timers sightseeing med inntil 20 personer 3490 NOK, og for hver ekstra time er prisen 790 NOK. P\u00e5 r\u00f8de dager og arbeidstider mellom 06:00-08:00 og [&hellip;]<\/p>\n","protected":false},"author":1,"featured_media":0,"parent":0,"menu_order":0,"comment_status":"closed","ping_status":"closed","template":"elementor_header_footer","meta":{"footnotes":""},"class_list":["post-24","page","type-page","status-publish","hentry"],"yoast_head":"<!-- This site is optimized with the Yoast SEO plugin v27.5 - https:\/\/yoast.com\/product\/yoast-seo-wordpress\/ -->\n<title>FAQ | Oslo Guidebureau<\/title>\n<meta name=\"robots\" content=\"index, follow, max-snippet:-1, max-image-preview:large, max-video-preview:-1\" \/>\n<link rel=\"canonical\" href=\"https:\/\/osloguide.no\/de\/faq\/\" \/>\n<meta property=\"og:locale\" content=\"de_DE\" \/>\n<meta property=\"og:type\" content=\"article\" \/>\n<meta property=\"og:title\" content=\"FAQ | Oslo Guidebureau\" \/>\n<meta property=\"og:description\" content=\"Hjem FAQ Ofte stilte sp\u00f8rsm\u00e5l Vi har samler noen av de mest spurte sp\u00f8rsm\u00e5lene fra v\u00e5re kunder. 1. Hva koster en guide? I 2026 er prisen p\u00e5 en vanlig 3 timers sightseeing med inntil 20 personer 3490 NOK, og for hver ekstra time er prisen 790 NOK. P\u00e5 r\u00f8de dager og arbeidstider mellom 06:00-08:00 og [&hellip;]\" \/>\n<meta property=\"og:url\" content=\"https:\/\/osloguide.no\/de\/faq\/\" \/>\n<meta property=\"og:site_name\" content=\"Oslo Guidebureau\" \/>\n<meta property=\"article:publisher\" content=\"https:\/\/www.facebook.com\/osloguide\" \/>\n<meta property=\"article:modified_time\" content=\"2026-01-06T12:01:03+00:00\" \/>\n<meta property=\"og:image\" content=\"https:\/\/osloguide.no\/wp-content\/uploads\/2024\/04\/opengraph_osloguide.png\" \/>\n\t<meta property=\"og:image:width\" content=\"1200\" \/>\n\t<meta property=\"og:image:height\" content=\"630\" \/>\n\t<meta property=\"og:image:type\" content=\"image\/png\" \/>\n<meta name=\"twitter:card\" content=\"summary_large_image\" \/>\n<meta name=\"twitter:label1\" content=\"Gesch\u00e4tzte Lesezeit\" \/>\n\t<meta name=\"twitter:data1\" content=\"3\u00a0Minuten\" \/>\n<script type=\"application\/ld+json\" class=\"yoast-schema-graph\">{\"@context\":\"https:\\\/\\\/schema.org\",\"@graph\":[{\"@type\":\"WebPage\",\"@id\":\"https:\\\/\\\/osloguide.no\\\/faq\\\/\",\"url\":\"https:\\\/\\\/osloguide.no\\\/faq\\\/\",\"name\":\"FAQ | Oslo Guidebureau\",\"isPartOf\":{\"@id\":\"https:\\\/\\\/osloguide.no\\\/#website\"},\"datePublished\":\"2023-08-04T11:41:04+00:00\",\"dateModified\":\"2026-01-06T12:01:03+00:00\",\"breadcrumb\":{\"@id\":\"https:\\\/\\\/osloguide.no\\\/faq\\\/#breadcrumb\"},\"inLanguage\":\"de\",\"potentialAction\":[{\"@type\":\"ReadAction\",\"target\":[\"https:\\\/\\\/osloguide.no\\\/faq\\\/\"]}]},{\"@type\":\"BreadcrumbList\",\"@id\":\"https:\\\/\\\/osloguide.no\\\/faq\\\/#breadcrumb\",\"itemListElement\":[{\"@type\":\"ListItem\",\"position\":1,\"name\":\"Hjem\",\"item\":\"https:\\\/\\\/osloguide.no\\\/\"},{\"@type\":\"ListItem\",\"position\":2,\"name\":\"FAQ\"}]},{\"@type\":\"WebSite\",\"@id\":\"https:\\\/\\\/osloguide.no\\\/#website\",\"url\":\"https:\\\/\\\/osloguide.no\\\/\",\"name\":\"Oslo Guidebureau\",\"description\":\"Over 25 \u00e5rs erfaring med guiding i Oslo\",\"potentialAction\":[{\"@type\":\"SearchAction\",\"target\":{\"@type\":\"EntryPoint\",\"urlTemplate\":\"https:\\\/\\\/osloguide.no\\\/?s={search_term_string}\"},\"query-input\":{\"@type\":\"PropertyValueSpecification\",\"valueRequired\":true,\"valueName\":\"search_term_string\"}}],\"inLanguage\":\"de\"}]}<\/script>\n<!-- \/ Yoast SEO plugin. -->","yoast_head_json":{"title":"FAQ | Oslo Guidebureau","robots":{"index":"index","follow":"follow","max-snippet":"max-snippet:-1","max-image-preview":"max-image-preview:large","max-video-preview":"max-video-preview:-1"},"canonical":"https:\/\/osloguide.no\/de\/faq\/","og_locale":"de_DE","og_type":"article","og_title":"FAQ | Oslo Guidebureau","og_description":"Hjem FAQ Ofte stilte sp\u00f8rsm\u00e5l Vi har samler noen av de mest spurte sp\u00f8rsm\u00e5lene fra v\u00e5re kunder. 1. Hva koster en guide? I 2026 er prisen p\u00e5 en vanlig 3 timers sightseeing med inntil 20 personer 3490 NOK, og for hver ekstra time er prisen 790 NOK. P\u00e5 r\u00f8de dager og arbeidstider mellom 06:00-08:00 og [&hellip;]","og_url":"https:\/\/osloguide.no\/de\/faq\/","og_site_name":"Oslo Guidebureau","article_publisher":"https:\/\/www.facebook.com\/osloguide","article_modified_time":"2026-01-06T12:01:03+00:00","og_image":[{"width":1200,"height":630,"url":"https:\/\/osloguide.no\/wp-content\/uploads\/2024\/04\/opengraph_osloguide.png","type":"image\/png"}],"twitter_card":"summary_large_image","twitter_misc":{"Gesch\u00e4tzte Lesezeit":"3\u00a0Minuten"},"schema":{"@context":"https:\/\/schema.org","@graph":[{"@type":"WebPage","@id":"https:\/\/osloguide.no\/faq\/","url":"https:\/\/osloguide.no\/faq\/","name":"FAQ | Oslo Guidebureau","isPartOf":{"@id":"https:\/\/osloguide.no\/#website"},"datePublished":"2023-08-04T11:41:04+00:00","dateModified":"2026-01-06T12:01:03+00:00","breadcrumb":{"@id":"https:\/\/osloguide.no\/faq\/#breadcrumb"},"inLanguage":"de","potentialAction":[{"@type":"ReadAction","target":["https:\/\/osloguide.no\/faq\/"]}]},{"@type":"BreadcrumbList","@id":"https:\/\/osloguide.no\/faq\/#breadcrumb","itemListElement":[{"@type":"ListItem","position":1,"name":"Hjem","item":"https:\/\/osloguide.no\/"},{"@type":"ListItem","position":2,"name":"FAQ"}]},{"@type":"WebSite","@id":"https:\/\/osloguide.no\/#website","url":"https:\/\/osloguide.no\/","name":"Oslo Guidebureau","description":"Over 25 \u00e5rs erfaring med guiding i Oslo","potentialAction":[{"@type":"SearchAction","target":{"@type":"EntryPoint","urlTemplate":"https:\/\/osloguide.no\/?s={search_term_string}"},"query-input":{"@type":"PropertyValueSpecification","valueRequired":true,"valueName":"search_term_string"}}],"inLanguage":"de"}]}},"_links":{"self":[{"href":"https:\/\/osloguide.no\/de\/wp-json\/wp\/v2\/pages\/24","targetHints":{"allow":["GET"]}}],"collection":[{"href":"https:\/\/osloguide.no\/de\/wp-json\/wp\/v2\/pages"}],"about":[{"href":"https:\/\/osloguide.no\/de\/wp-json\/wp\/v2\/types\/page"}],"author":[{"embeddable":true,"href":"https:\/\/osloguide.no\/de\/wp-json\/wp\/v2\/users\/1"}],"replies":[{"embeddable":true,"href":"https:\/\/osloguide.no\/de\/wp-json\/wp\/v2\/comments?post=24"}],"version-history":[{"count":5,"href":"https:\/\/osloguide.no\/de\/wp-json\/wp\/v2\/pages\/24\/revisions"}],"predecessor-version":[{"id":2529,"href":"https:\/\/osloguide.no\/de\/wp-json\/wp\/v2\/pages\/24\/revisions\/2529"}],"wp:attachment":[{"href":"https:\/\/osloguide.no\/de\/wp-json\/wp\/v2\/media?parent=24"}],"curies":[{"name":"wp","href":"https:\/\/api.w.org\/{rel}","templated":true}]}}