{"id":1823,"date":"2025-04-20T19:10:07","date_gmt":"2025-04-20T17:10:07","guid":{"rendered":"https:\/\/osloguide.no\/?page_id=1823"},"modified":"2025-10-17T14:46:40","modified_gmt":"2025-10-17T12:46:40","slug":"entdecke-oslo","status":"publish","type":"page","link":"https:\/\/osloguide.no\/de\/utforsk-oslo\/","title":{"rendered":"Entdecke Oslo"},"content":{"rendered":"<div data-elementor-type=\"wp-page\" data-elementor-id=\"1823\" class=\"elementor elementor-1823\" data-elementor-post-type=\"page\">\n\t\t\t\t\t\t<section class=\"has_eae_slider elementor-section elementor-top-section elementor-element elementor-element-bddc13b elementor-section-boxed elementor-section-height-default elementor-section-height-default\" data-eae-slider=\"84688\" data-id=\"bddc13b\" data-element_type=\"section\" data-e-type=\"section\" data-settings=\"{&quot;background_background&quot;:&quot;classic&quot;}\">\n\t\t\t\t\t\t\t<div class=\"elementor-background-overlay\"><\/div>\n\t\t\t\t\t\t\t<div class=\"elementor-container elementor-column-gap-no\">\n\t\t\t\t\t<div class=\"has_eae_slider elementor-column elementor-col-100 elementor-top-column elementor-element elementor-element-812ec3c\" data-eae-slider=\"74240\" data-id=\"812ec3c\" data-element_type=\"column\" data-e-type=\"column\">\n\t\t\t<div class=\"elementor-widget-wrap elementor-element-populated\">\n\t\t\t\t\t\t<section class=\"has_eae_slider elementor-section elementor-inner-section elementor-element elementor-element-0b68aa6 elementor-section-boxed elementor-section-height-default elementor-section-height-default\" data-eae-slider=\"49816\" data-id=\"0b68aa6\" data-element_type=\"section\" data-e-type=\"section\">\n\t\t\t\t\t\t<div class=\"elementor-container elementor-column-gap-no\">\n\t\t\t\t\t<div class=\"has_eae_slider elementor-column elementor-col-100 elementor-inner-column elementor-element elementor-element-de3d38a\" data-eae-slider=\"2306\" data-id=\"de3d38a\" data-element_type=\"column\" data-e-type=\"column\">\n\t\t\t<div class=\"elementor-widget-wrap elementor-element-populated\">\n\t\t\t\t\t\t<div class=\"elementor-element elementor-element-1756b98 elementor-icon-list--layout-inline elementor-widget__width-auto elementor-list-item-link-full_width elementor-widget elementor-widget-icon-list\" data-id=\"1756b98\" data-element_type=\"widget\" data-e-type=\"widget\" data-widget_type=\"icon-list.default\">\n\t\t\t\t<div class=\"elementor-widget-container\">\n\t\t\t\t\t\t\t<ul class=\"elementor-icon-list-items elementor-inline-items\">\n\t\t\t\t\t\t\t<li class=\"elementor-icon-list-item elementor-inline-item\">\n\t\t\t\t\t\t\t\t\t\t\t<a href=\"https:\/\/osloguide.no\/de\">\n\n\t\t\t\t\t\t\t\t\t\t\t<span class=\"elementor-icon-list-text\">Startseite<\/span>\n\t\t\t\t\t\t\t\t\t\t\t<\/a>\n\t\t\t\t\t\t\t\t\t<\/li>\n\t\t\t\t\t\t\t\t<li class=\"elementor-icon-list-item elementor-inline-item\">\n\t\t\t\t\t\t\t\t\t\t\t<span class=\"elementor-icon-list-icon\">\n\t\t\t\t\t\t\t<i aria-hidden=\"true\" class=\"fas fa-chevron-circle-right\"><\/i>\t\t\t\t\t\t<\/span>\n\t\t\t\t\t\t\t\t\t\t<span class=\"elementor-icon-list-text\">Entdecke Oslo<\/span>\n\t\t\t\t\t\t\t\t\t<\/li>\n\t\t\t\t\t\t<\/ul>\n\t\t\t\t\t\t<\/div>\n\t\t\t\t<\/div>\n\t\t\t\t<div class=\"elementor-element elementor-element-fd80806 elementor-widget elementor-widget-heading\" data-id=\"fd80806\" data-element_type=\"widget\" data-e-type=\"widget\" data-widget_type=\"heading.default\">\n\t\t\t\t<div class=\"elementor-widget-container\">\n\t\t\t\t\t<h2 class=\"elementor-heading-title elementor-size-default\">Entdecke Oslo<\/h2>\t\t\t\t<\/div>\n\t\t\t\t<\/div>\n\t\t\t\t<div class=\"elementor-element elementor-element-979d96f elementor-widget__width-initial elementor-widget elementor-widget-text-editor\" data-id=\"979d96f\" data-element_type=\"widget\" data-e-type=\"widget\" data-widget_type=\"text-editor.default\">\n\t\t\t\t<div class=\"elementor-widget-container\">\n\t\t\t\t\t\t\t\t\t<p class=\"\" data-start=\"304\" data-end=\"623\"><strong>Entdecken Sie Oslo mit einem privaten Guide und einem Programm, das auf Ihre W\u00fcnsche zugeschnitten ist. Unsere privaten Stadtf\u00fchrungen eignen sich f\u00fcr Gruppen jeder Gr\u00f6\u00dfe und werden inhaltlich individuell angepasst \u2013 je nach Interessen, Zeit und Vorstellungen. W\u00e4hlen Sie aus verschiedenen Themen und Stadtteilen \u2013 oder lassen Sie sich eine ganz besondere Tour zusammenstellen. Ideal f\u00fcr Firmen, Schulklassen, Freundesgruppen und Familien.<\/strong><\/p>\t\t\t\t\t\t\t\t<\/div>\n\t\t\t\t<\/div>\n\t\t\t\t\t<\/div>\n\t\t<\/div>\n\t\t\t\t\t<\/div>\n\t\t<\/section>\n\t\t\t\t\t<\/div>\n\t\t<\/div>\n\t\t\t\t\t<\/div>\n\t\t<\/section>\n\t\t\t\t<section class=\"has_eae_slider elementor-section elementor-top-section elementor-element elementor-element-d14ddad elementor-section-boxed elementor-section-height-default elementor-section-height-default\" data-eae-slider=\"29139\" data-id=\"d14ddad\" data-element_type=\"section\" data-e-type=\"section\" data-no-translation=\"\">\n\t\t\t\t\t\t<div class=\"elementor-container elementor-column-gap-no\">\n\t\t\t\t\t<div data-wts-url=\"https:\/\/osloguide.no\/de\/stadtrundgang\/im-herzen-von-oslo\/\" data-wts-link=\"yes\" data-wts-new-window=\"\" class=\"has_eae_slider elementor-column elementor-col-50 elementor-top-column elementor-element elementor-element-9c8b619 ae-link-yes\" data-eae-slider=\"25983\" data-id=\"9c8b619\" data-element_type=\"column\" data-e-type=\"column\" data-settings=\"{&quot;background_background&quot;:&quot;classic&quot;}\">\n\t\t\t<div class=\"elementor-widget-wrap elementor-element-populated\">\n\t\t\t\t\t<div class=\"elementor-background-overlay\"><\/div>\n\t\t\t\t\t\t<div class=\"elementor-element elementor-element-fbe2396 elementor-widget elementor-widget-spacer\" data-id=\"fbe2396\" data-element_type=\"widget\" data-e-type=\"widget\" data-widget_type=\"spacer.default\">\n\t\t\t\t<div class=\"elementor-widget-container\">\n\t\t\t\t\t\t\t<div class=\"elementor-spacer\">\n\t\t\t<div class=\"elementor-spacer-inner\"><\/div>\n\t\t<\/div>\n\t\t\t\t\t\t<\/div>\n\t\t\t\t<\/div>\n\t\t\t\t<div class=\"elementor-element elementor-element-6047020 elementor-widget__width-initial elementor-widget elementor-widget-jkit_heading\" data-id=\"6047020\" data-element_type=\"widget\" data-e-type=\"widget\" data-widget_type=\"jkit_heading.default\">\n\t\t\t\t<div class=\"elementor-widget-container\">\n\t\t\t\t\t<div  class=\"jeg-elementor-kit jkit-heading  align-left align-tablet- align-mobile- jeg_module__12_69f4b0ea43cf1\" ><div class=\"heading-section-title  display-inline-block\"><h3 class=\"heading-title\">Klassisches Oslo<\/h3><\/div><h3 class=\"heading-section-subtitle  style-color\">Ein klassischer Stadtrundgang \u2013 individuell f\u00fcr Ihre Gruppe gestaltet<\/h3><\/div>\t\t\t\t<\/div>\n\t\t\t\t<\/div>\n\t\t\t\t<div class=\"elementor-element elementor-element-3375315 elementor-view-framed elementor-widget__width-auto elementor-shape-circle elementor-widget elementor-widget-icon\" data-id=\"3375315\" data-element_type=\"widget\" data-e-type=\"widget\" data-widget_type=\"icon.default\">\n\t\t\t\t<div class=\"elementor-widget-container\">\n\t\t\t\t\t\t\t<div class=\"elementor-icon-wrapper\">\n\t\t\t<a class=\"elementor-icon\" href=\"\/de\/entdecke-oslo\/klassisches-oslo\/\">\n\t\t\t<i aria-hidden=\"true\" class=\"jki jki-arrow-up-right-line\"><\/i>\t\t\t<\/a>\n\t\t<\/div>\n\t\t\t\t\t\t<\/div>\n\t\t\t\t<\/div>\n\t\t\t\t\t<\/div>\n\t\t<\/div>\n\t\t\t\t<div class=\"has_eae_slider elementor-column elementor-col-50 elementor-top-column elementor-element elementor-element-21f7a0e\" data-eae-slider=\"66349\" data-id=\"21f7a0e\" data-element_type=\"column\" data-e-type=\"column\">\n\t\t\t<div class=\"elementor-widget-wrap elementor-element-populated\">\n\t\t\t\t\t\t<section class=\"has_eae_slider elementor-section elementor-inner-section elementor-element elementor-element-2a46ee7 elementor-section-boxed elementor-section-height-default elementor-section-height-default\" data-eae-slider=\"8692\" data-id=\"2a46ee7\" data-element_type=\"section\" data-e-type=\"section\">\n\t\t\t\t\t\t<div class=\"elementor-container elementor-column-gap-no\">\n\t\t\t\t\t<div data-wts-url=\"https:\/\/osloguide.no\/de\/stadtrundgang\/der-historische-flussweg\/\" data-wts-link=\"yes\" data-wts-new-window=\"\" class=\"has_eae_slider elementor-column elementor-col-50 elementor-inner-column elementor-element elementor-element-d8d8cba ae-link-yes\" data-eae-slider=\"35542\" data-id=\"d8d8cba\" data-element_type=\"column\" data-e-type=\"column\" data-settings=\"{&quot;background_background&quot;:&quot;classic&quot;}\">\n\t\t\t<div class=\"elementor-widget-wrap elementor-element-populated\">\n\t\t\t\t\t<div class=\"elementor-background-overlay\"><\/div>\n\t\t\t\t\t\t<div class=\"elementor-element elementor-element-e198982 elementor-widget elementor-widget-spacer\" data-id=\"e198982\" data-element_type=\"widget\" data-e-type=\"widget\" data-widget_type=\"spacer.default\">\n\t\t\t\t<div class=\"elementor-widget-container\">\n\t\t\t\t\t\t\t<div class=\"elementor-spacer\">\n\t\t\t<div class=\"elementor-spacer-inner\"><\/div>\n\t\t<\/div>\n\t\t\t\t\t\t<\/div>\n\t\t\t\t<\/div>\n\t\t\t\t<div class=\"elementor-element elementor-element-10de1e5 elementor-widget__width-initial elementor-widget elementor-widget-jkit_heading\" data-id=\"10de1e5\" data-element_type=\"widget\" data-e-type=\"widget\" data-widget_type=\"jkit_heading.default\">\n\t\t\t\t<div class=\"elementor-widget-container\">\n\t\t\t\t\t<div  class=\"jeg-elementor-kit jkit-heading  align-left align-tablet- align-mobile- jeg_module__13_69f4b0ea467f6\" ><div class=\"heading-section-title  display-inline-block\"><h2 class=\"heading-title\">Spaziergang entlang der Akerselva<\/h2><\/div><h3 class=\"heading-section-subtitle  style-color\">Historischer Flussspaziergang \u2013 angepasst an Ihre W\u00fcnsche<\/h3><\/div>\t\t\t\t<\/div>\n\t\t\t\t<\/div>\n\t\t\t\t<div class=\"elementor-element elementor-element-d3879c4 elementor-view-framed elementor-widget__width-auto elementor-shape-circle elementor-widget elementor-widget-icon\" data-id=\"d3879c4\" data-element_type=\"widget\" data-e-type=\"widget\" data-widget_type=\"icon.default\">\n\t\t\t\t<div class=\"elementor-widget-container\">\n\t\t\t\t\t\t\t<div class=\"elementor-icon-wrapper\">\n\t\t\t<a class=\"elementor-icon\" href=\"\/de\/entdecke-oslo\/fluss-akerselva\/\">\n\t\t\t<i aria-hidden=\"true\" class=\"jki jki-arrow-up-right-line\"><\/i>\t\t\t<\/a>\n\t\t<\/div>\n\t\t\t\t\t\t<\/div>\n\t\t\t\t<\/div>\n\t\t\t\t\t<\/div>\n\t\t<\/div>\n\t\t\t\t<div data-wts-url=\"https:\/\/osloguide.no\/de\/stadtrundgang\/von-gronland-ins-zentrum\/\" data-wts-link=\"yes\" data-wts-new-window=\"\" class=\"has_eae_slider elementor-column elementor-col-50 elementor-inner-column elementor-element elementor-element-fbb2407 ae-link-yes\" data-eae-slider=\"55216\" data-id=\"fbb2407\" data-element_type=\"column\" data-e-type=\"column\" data-settings=\"{&quot;background_background&quot;:&quot;classic&quot;}\">\n\t\t\t<div class=\"elementor-widget-wrap elementor-element-populated\">\n\t\t\t\t\t<div class=\"elementor-background-overlay\"><\/div>\n\t\t\t\t\t\t<div class=\"elementor-element elementor-element-98e4456 elementor-widget elementor-widget-spacer\" data-id=\"98e4456\" data-element_type=\"widget\" data-e-type=\"widget\" data-widget_type=\"spacer.default\">\n\t\t\t\t<div class=\"elementor-widget-container\">\n\t\t\t\t\t\t\t<div class=\"elementor-spacer\">\n\t\t\t<div class=\"elementor-spacer-inner\"><\/div>\n\t\t<\/div>\n\t\t\t\t\t\t<\/div>\n\t\t\t\t<\/div>\n\t\t\t\t<div class=\"elementor-element elementor-element-964475e elementor-widget__width-initial elementor-widget elementor-widget-jkit_heading\" data-id=\"964475e\" data-element_type=\"widget\" data-e-type=\"widget\" data-widget_type=\"jkit_heading.default\">\n\t\t\t\t<div class=\"elementor-widget-container\">\n\t\t\t\t\t<div  class=\"jeg-elementor-kit jkit-heading  align-left align-tablet- align-mobile- jeg_module__14_69f4b0ea48959\" ><div class=\"heading-section-title  display-inline-block\"><h2 class=\"heading-title\">Von Gr\u00f8nland bis Bj\u00f8rvika<\/h2><\/div><h3 class=\"heading-section-subtitle  style-color\">Stadtrundgang durch das moderne Oslo<\/h3><\/div>\t\t\t\t<\/div>\n\t\t\t\t<\/div>\n\t\t\t\t<div class=\"elementor-element elementor-element-6ded4ac elementor-view-framed elementor-widget__width-auto elementor-shape-circle elementor-widget elementor-widget-icon\" data-id=\"6ded4ac\" data-element_type=\"widget\" data-e-type=\"widget\" data-widget_type=\"icon.default\">\n\t\t\t\t<div class=\"elementor-widget-container\">\n\t\t\t\t\t\t\t<div class=\"elementor-icon-wrapper\">\n\t\t\t<a class=\"elementor-icon\" href=\"\/de\/entdecke-oslo\/modernes-oslo\/\">\n\t\t\t<i aria-hidden=\"true\" class=\"jki jki-arrow-up-right-line\"><\/i>\t\t\t<\/a>\n\t\t<\/div>\n\t\t\t\t\t\t<\/div>\n\t\t\t\t<\/div>\n\t\t\t\t\t<\/div>\n\t\t<\/div>\n\t\t\t\t\t<\/div>\n\t\t<\/section>\n\t\t\t\t<section class=\"has_eae_slider elementor-section elementor-inner-section elementor-element elementor-element-6d0baf2 elementor-section-boxed elementor-section-height-default elementor-section-height-default\" data-eae-slider=\"81155\" data-id=\"6d0baf2\" data-element_type=\"section\" data-e-type=\"section\">\n\t\t\t\t\t\t<div class=\"elementor-container elementor-column-gap-no\">\n\t\t\t\t\t<div data-wts-url=\"https:\/\/osloguide.no\/de\/stadtrundgang\/vigelandsparken-mit-guide\/\" data-wts-link=\"yes\" data-wts-new-window=\"\" class=\"has_eae_slider elementor-column elementor-col-100 elementor-inner-column elementor-element elementor-element-357f606 ae-link-yes\" data-eae-slider=\"76492\" data-id=\"357f606\" data-element_type=\"column\" data-e-type=\"column\" data-settings=\"{&quot;background_background&quot;:&quot;classic&quot;}\">\n\t\t\t<div class=\"elementor-widget-wrap elementor-element-populated\">\n\t\t\t\t\t<div class=\"elementor-background-overlay\"><\/div>\n\t\t\t\t\t\t<div class=\"elementor-element elementor-element-de037b0 elementor-widget elementor-widget-spacer\" data-id=\"de037b0\" data-element_type=\"widget\" data-e-type=\"widget\" data-widget_type=\"spacer.default\">\n\t\t\t\t<div class=\"elementor-widget-container\">\n\t\t\t\t\t\t\t<div class=\"elementor-spacer\">\n\t\t\t<div class=\"elementor-spacer-inner\"><\/div>\n\t\t<\/div>\n\t\t\t\t\t\t<\/div>\n\t\t\t\t<\/div>\n\t\t\t\t<div class=\"elementor-element elementor-element-2b40e78 elementor-widget__width-initial elementor-widget elementor-widget-jkit_heading\" data-id=\"2b40e78\" data-element_type=\"widget\" data-e-type=\"widget\" data-widget_type=\"jkit_heading.default\">\n\t\t\t\t<div class=\"elementor-widget-container\">\n\t\t\t\t\t<div  class=\"jeg-elementor-kit jkit-heading  align-left align-tablet- align-mobile- jeg_module__15_69f4b0ea4aedd\" ><div class=\"heading-section-title  display-inline-block\"><h2 class=\"heading-title\">Vigeland-Skulpturenpark<\/h2><\/div><h3 class=\"heading-section-subtitle  style-color\">Erleben Sie den ikonischen Skulpturenpark mit privatem Guide<\/h3><\/div>\t\t\t\t<\/div>\n\t\t\t\t<\/div>\n\t\t\t\t<div class=\"elementor-element elementor-element-e1ed622 elementor-view-framed elementor-widget__width-auto elementor-shape-circle elementor-widget elementor-widget-icon\" data-id=\"e1ed622\" data-element_type=\"widget\" data-e-type=\"widget\" data-widget_type=\"icon.default\">\n\t\t\t\t<div class=\"elementor-widget-container\">\n\t\t\t\t\t\t\t<div class=\"elementor-icon-wrapper\">\n\t\t\t<a class=\"elementor-icon\" href=\"\/de\/entdecke-oslo\/vigeland-park\/\">\n\t\t\t<i aria-hidden=\"true\" class=\"jki jki-arrow-up-right-line\"><\/i>\t\t\t<\/a>\n\t\t<\/div>\n\t\t\t\t\t\t<\/div>\n\t\t\t\t<\/div>\n\t\t\t\t\t<\/div>\n\t\t<\/div>\n\t\t\t\t\t<\/div>\n\t\t<\/section>\n\t\t\t\t\t<\/div>\n\t\t<\/div>\n\t\t\t\t\t<\/div>\n\t\t<\/section>\n\t\t\t\t<\/div>","protected":false},"excerpt":{"rendered":"<p>Hjem Utforsk Oslo Utforsk Oslo Utforsk Oslo med en egen guide og et opplegg tilpasset deres behov. V\u00e5re private byvandringer passer for grupper i alle st\u00f8rrelser, og innholdet skreddersys etter interesser, tid og \u00f8nsker. Velg blant ulike temaer og omr\u00e5der \u2013 eller la oss sette sammen noe helt unikt. Perfekt for bedrifter, skoleklasser, vennegjenger og [&hellip;]<\/p>\n","protected":false},"author":4,"featured_media":1170,"parent":0,"menu_order":0,"comment_status":"closed","ping_status":"closed","template":"elementor_header_footer","meta":{"footnotes":""},"class_list":["post-1823","page","type-page","status-publish","has-post-thumbnail","hentry"],"yoast_head":"<!-- This site is optimized with the Yoast SEO plugin v27.5 - https:\/\/yoast.com\/product\/yoast-seo-wordpress\/ -->\n<title>Utforsk Oslo med guide \u2013 private byvandringer for grupper<\/title>\n<meta name=\"description\" content=\"Oppdag Oslo med privat guide. Utforsk byen p\u00e5 deres egne premisser \u2013 vi tilbyr skreddersydde vandringer for grupper i alle st\u00f8rrelser.\" \/>\n<meta name=\"robots\" content=\"index, follow, max-snippet:-1, max-image-preview:large, max-video-preview:-1\" \/>\n<link rel=\"canonical\" href=\"https:\/\/osloguide.no\/de\/entdecke-oslo\/\" \/>\n<meta property=\"og:locale\" content=\"de_DE\" \/>\n<meta property=\"og:type\" content=\"article\" \/>\n<meta property=\"og:title\" content=\"Utforsk Oslo med guide \u2013 private byvandringer for grupper\" \/>\n<meta property=\"og:description\" content=\"Oppdag Oslo med privat guide. Utforsk byen p\u00e5 deres egne premisser \u2013 vi tilbyr skreddersydde vandringer for grupper i alle st\u00f8rrelser.\" \/>\n<meta property=\"og:url\" content=\"https:\/\/osloguide.no\/de\/entdecke-oslo\/\" \/>\n<meta property=\"og:site_name\" content=\"Oslo Guidebureau\" \/>\n<meta property=\"article:publisher\" content=\"https:\/\/www.facebook.com\/osloguide\" \/>\n<meta property=\"article:modified_time\" content=\"2025-10-17T12:46:40+00:00\" \/>\n<meta property=\"og:image\" content=\"https:\/\/osloguide.no\/wp-content\/uploads\/2024\/04\/opengraph_osloguide.png\" \/>\n\t<meta property=\"og:image:width\" content=\"1200\" \/>\n\t<meta property=\"og:image:height\" content=\"630\" \/>\n\t<meta property=\"og:image:type\" content=\"image\/png\" \/>\n<meta name=\"twitter:card\" content=\"summary_large_image\" \/>\n<meta name=\"twitter:label1\" content=\"Gesch\u00e4tzte Lesezeit\" \/>\n\t<meta name=\"twitter:data1\" content=\"2\u00a0Minuten\" \/>\n<script type=\"application\/ld+json\" class=\"yoast-schema-graph\">{\"@context\":\"https:\\\/\\\/schema.org\",\"@graph\":[{\"@type\":\"WebPage\",\"@id\":\"https:\\\/\\\/osloguide.no\\\/utforsk-oslo\\\/\",\"url\":\"https:\\\/\\\/osloguide.no\\\/utforsk-oslo\\\/\",\"name\":\"Utforsk Oslo med guide \u2013 private byvandringer for grupper\",\"isPartOf\":{\"@id\":\"https:\\\/\\\/osloguide.no\\\/#website\"},\"primaryImageOfPage\":{\"@id\":\"https:\\\/\\\/osloguide.no\\\/utforsk-oslo\\\/#primaryimage\"},\"image\":{\"@id\":\"https:\\\/\\\/osloguide.no\\\/utforsk-oslo\\\/#primaryimage\"},\"thumbnailUrl\":\"https:\\\/\\\/osloguide.no\\\/wp-content\\\/uploads\\\/2024\\\/04\\\/opengraph_osloguide.png\",\"datePublished\":\"2025-04-20T17:10:07+00:00\",\"dateModified\":\"2025-10-17T12:46:40+00:00\",\"description\":\"Oppdag Oslo med privat guide. Utforsk byen p\u00e5 deres egne premisser \u2013 vi tilbyr skreddersydde vandringer for grupper i alle st\u00f8rrelser.\",\"breadcrumb\":{\"@id\":\"https:\\\/\\\/osloguide.no\\\/utforsk-oslo\\\/#breadcrumb\"},\"inLanguage\":\"de\",\"potentialAction\":[{\"@type\":\"ReadAction\",\"target\":[\"https:\\\/\\\/osloguide.no\\\/utforsk-oslo\\\/\"]}]},{\"@type\":\"ImageObject\",\"inLanguage\":\"de\",\"@id\":\"https:\\\/\\\/osloguide.no\\\/utforsk-oslo\\\/#primaryimage\",\"url\":\"https:\\\/\\\/osloguide.no\\\/wp-content\\\/uploads\\\/2024\\\/04\\\/opengraph_osloguide.png\",\"contentUrl\":\"https:\\\/\\\/osloguide.no\\\/wp-content\\\/uploads\\\/2024\\\/04\\\/opengraph_osloguide.png\",\"width\":1200,\"height\":630},{\"@type\":\"BreadcrumbList\",\"@id\":\"https:\\\/\\\/osloguide.no\\\/utforsk-oslo\\\/#breadcrumb\",\"itemListElement\":[{\"@type\":\"ListItem\",\"position\":1,\"name\":\"Hjem\",\"item\":\"https:\\\/\\\/osloguide.no\\\/\"},{\"@type\":\"ListItem\",\"position\":2,\"name\":\"Utforsk Oslo\"}]},{\"@type\":\"WebSite\",\"@id\":\"https:\\\/\\\/osloguide.no\\\/#website\",\"url\":\"https:\\\/\\\/osloguide.no\\\/\",\"name\":\"Oslo Guidebureau\",\"description\":\"Over 25 \u00e5rs erfaring med guiding i Oslo\",\"potentialAction\":[{\"@type\":\"SearchAction\",\"target\":{\"@type\":\"EntryPoint\",\"urlTemplate\":\"https:\\\/\\\/osloguide.no\\\/?s={search_term_string}\"},\"query-input\":{\"@type\":\"PropertyValueSpecification\",\"valueRequired\":true,\"valueName\":\"search_term_string\"}}],\"inLanguage\":\"de\"}]}<\/script>\n<!-- \/ Yoast SEO plugin. -->","yoast_head_json":{"title":"Entdecke Oslo mit Guide \u2013 private Stadtf\u00fchrungen f\u00fcr Gruppen","description":"Entdecken Sie Oslo mit einem privaten Guide. Erkunden Sie die Stadt ganz nach Ihren Vorstellungen \u2013 wir bieten ma\u00dfgeschneiderte Touren f\u00fcr Gruppen jeder Gr\u00f6\u00dfe an.","robots":{"index":"index","follow":"follow","max-snippet":"max-snippet:-1","max-image-preview":"max-image-preview:large","max-video-preview":"max-video-preview:-1"},"canonical":"https:\/\/osloguide.no\/de\/entdecke-oslo\/","og_locale":"de_DE","og_type":"article","og_title":"Utforsk Oslo med guide \u2013 private byvandringer for grupper","og_description":"Oppdag Oslo med privat guide. Utforsk byen p\u00e5 deres egne premisser \u2013 vi tilbyr skreddersydde vandringer for grupper i alle st\u00f8rrelser.","og_url":"https:\/\/osloguide.no\/de\/entdecke-oslo\/","og_site_name":"Oslo Guidebureau","article_publisher":"https:\/\/www.facebook.com\/osloguide","article_modified_time":"2025-10-17T12:46:40+00:00","og_image":[{"width":1200,"height":630,"url":"https:\/\/osloguide.no\/wp-content\/uploads\/2024\/04\/opengraph_osloguide.png","type":"image\/png"}],"twitter_card":"summary_large_image","twitter_misc":{"Gesch\u00e4tzte Lesezeit":"2\u00a0Minuten"},"schema":{"@context":"https:\/\/schema.org","@graph":[{"@type":"WebPage","@id":"https:\/\/osloguide.no\/utforsk-oslo\/","url":"https:\/\/osloguide.no\/utforsk-oslo\/","name":"Entdecke Oslo mit Guide \u2013 private Stadtf\u00fchrungen f\u00fcr Gruppen","isPartOf":{"@id":"https:\/\/osloguide.no\/#website"},"primaryImageOfPage":{"@id":"https:\/\/osloguide.no\/utforsk-oslo\/#primaryimage"},"image":{"@id":"https:\/\/osloguide.no\/utforsk-oslo\/#primaryimage"},"thumbnailUrl":"https:\/\/osloguide.no\/wp-content\/uploads\/2024\/04\/opengraph_osloguide.png","datePublished":"2025-04-20T17:10:07+00:00","dateModified":"2025-10-17T12:46:40+00:00","description":"Entdecken Sie Oslo mit einem privaten Guide. Erkunden Sie die Stadt ganz nach Ihren Vorstellungen \u2013 wir bieten ma\u00dfgeschneiderte Touren f\u00fcr Gruppen jeder Gr\u00f6\u00dfe an.","breadcrumb":{"@id":"https:\/\/osloguide.no\/utforsk-oslo\/#breadcrumb"},"inLanguage":"de","potentialAction":[{"@type":"ReadAction","target":["https:\/\/osloguide.no\/utforsk-oslo\/"]}]},{"@type":"ImageObject","inLanguage":"de","@id":"https:\/\/osloguide.no\/utforsk-oslo\/#primaryimage","url":"https:\/\/osloguide.no\/wp-content\/uploads\/2024\/04\/opengraph_osloguide.png","contentUrl":"https:\/\/osloguide.no\/wp-content\/uploads\/2024\/04\/opengraph_osloguide.png","width":1200,"height":630},{"@type":"BreadcrumbList","@id":"https:\/\/osloguide.no\/utforsk-oslo\/#breadcrumb","itemListElement":[{"@type":"ListItem","position":1,"name":"Hjem","item":"https:\/\/osloguide.no\/"},{"@type":"ListItem","position":2,"name":"Utforsk Oslo"}]},{"@type":"WebSite","@id":"https:\/\/osloguide.no\/#website","url":"https:\/\/osloguide.no\/","name":"Oslo Guidebureau","description":"Over 25 \u00e5rs erfaring med guiding i Oslo","potentialAction":[{"@type":"SearchAction","target":{"@type":"EntryPoint","urlTemplate":"https:\/\/osloguide.no\/?s={search_term_string}"},"query-input":{"@type":"PropertyValueSpecification","valueRequired":true,"valueName":"search_term_string"}}],"inLanguage":"de"}]}},"_links":{"self":[{"href":"https:\/\/osloguide.no\/de\/wp-json\/wp\/v2\/pages\/1823","targetHints":{"allow":["GET"]}}],"collection":[{"href":"https:\/\/osloguide.no\/de\/wp-json\/wp\/v2\/pages"}],"about":[{"href":"https:\/\/osloguide.no\/de\/wp-json\/wp\/v2\/types\/page"}],"author":[{"embeddable":true,"href":"https:\/\/osloguide.no\/de\/wp-json\/wp\/v2\/users\/4"}],"replies":[{"embeddable":true,"href":"https:\/\/osloguide.no\/de\/wp-json\/wp\/v2\/comments?post=1823"}],"version-history":[{"count":5,"href":"https:\/\/osloguide.no\/de\/wp-json\/wp\/v2\/pages\/1823\/revisions"}],"predecessor-version":[{"id":2275,"href":"https:\/\/osloguide.no\/de\/wp-json\/wp\/v2\/pages\/1823\/revisions\/2275"}],"wp:featuredmedia":[{"embeddable":true,"href":"https:\/\/osloguide.no\/de\/wp-json\/wp\/v2\/media\/1170"}],"wp:attachment":[{"href":"https:\/\/osloguide.no\/de\/wp-json\/wp\/v2\/media?parent=1823"}],"curies":[{"name":"wp","href":"https:\/\/api.w.org\/{rel}","templated":true}]}}